{"id":959,"date":"2025-03-07T13:09:54","date_gmt":"2025-03-07T12:09:54","guid":{"rendered":"https:\/\/mintofgold.com\/?post_type=product&#038;p=959"},"modified":"2025-03-07T13:48:23","modified_gmt":"2025-03-07T12:48:23","slug":"sztabka-zlota-mint-of-gold-hossmann","status":"publish","type":"product","link":"https:\/\/www.mintofgold.com\/zh\/sztabka-zlota-mint-of-gold-hossmann\/","title":{"rendered":"\u9ec4\u91d1\u94f8\u5e01\u5382 Sztabka Z\u0142ota Mint of Gold Hossmann"},"content":{"rendered":"<p><strong data-start=\"0\" data-end=\"75\">Ekskluzywna sztabka z\u0142ota \u201eMint of Gold Hossmann\u201d \u2013 Inwestycja i Luksus<\/strong><\/p>\n<p data-start=\"79\" data-end=\"361\">Przedstawiamy unikatow\u0105 sztabk\u0119 z\u0142ota <strong data-start=\"117\" data-end=\"142\">Mint of Gold Hossmann<\/strong>, \u0142\u0105cz\u0105c\u0105 presti\u017c i ponadczasow\u0105 warto\u015b\u0107. Ten ekskluzywny produkt wykonany z najwy\u017cszej jako\u015bci z\u0142ota wyr\u00f3\u017cnia si\u0119 wyj\u0105tkowym wzornictwem oraz subtelnym zdobieniem diamentowym, podkre\u015blaj\u0105cym jego luksusowy charakter.<\/p>\n<ul>\n<li data-start=\"363\" data-end=\"638\"><strong data-start=\"366\" data-end=\"386\">Najwy\u017csza jako\u015b\u0107<\/strong> \u2013 z\u0142oto inwestycyjne o najwy\u017cszej pr\u00f3bie<\/li>\n<li data-start=\"363\" data-end=\"638\"><strong data-start=\"433\" data-end=\"457\">Diamentowe zdobienia<\/strong> \u2013 unikalny design dla koneser\u00f3w luksusu<\/li>\n<li data-start=\"363\" data-end=\"638\"><strong data-start=\"503\" data-end=\"528\">Bezpieczna inwestycja<\/strong> \u2013 ochrona kapita\u0142u w cennym kruszcu<\/li>\n<li data-start=\"363\" data-end=\"638\"><strong data-start=\"570\" data-end=\"592\">Idealna na prezent<\/strong> \u2013 ekskluzywny podarunek na wyj\u0105tkowe okazje<\/li>\n<\/ul>\n<p data-start=\"640\" data-end=\"749\">Zainwestuj w prawdziw\u0105 warto\u015b\u0107 i dodaj do swojej kolekcji symbol presti\u017cu oraz niezawodnej lokaty kapita\u0142u.<\/p>","protected":false},"excerpt":{"rendered":"<p>Ekskluzywne po\u0142\u0105czenie najwy\u017cszej pr\u00f3by z\u0142ota i diament\u00f3w.\u7b80\u6d01\u7684\u8bbe\u8ba1\u65e2\u6709\u98ce\u683c\u53c8\u4e0d\u5931\u4f18\u96c5\u3002.<\/p>","protected":false},"featured_media":960,"comment_status":"closed","ping_status":"closed","template":"","meta":{"_kad_blocks_custom_css":"","_kad_blocks_head_custom_js":"","_kad_blocks_body_custom_js":"","_kad_blocks_footer_custom_js":"","_kad_post_transparent":"default","_kad_post_title":"","_kad_post_layout":"default","_kad_post_sidebar_id":"","_kad_post_content_style":"default","_kad_post_vertical_padding":"default","_kad_post_feature":"","_kad_post_feature_position":"","_kad_post_header":false,"_kad_post_footer":false,"_kad_post_classname":""},"product_brand":[172],"product_cat":[209],"product_tag":[],"class_list":{"0":"post-959","1":"product","2":"type-product","3":"status-publish","4":"has-post-thumbnail","6":"product_brand-mint-of-gold","7":"product_cat-gold-diamonds","9":"first","10":"instock","11":"shipping-taxable","12":"product-type-simple","13":"entry","14":"content-bg","15":"loop-entry"},"taxonomy_info":{"product_brand":[{"value":172,"label":"MINT OF GOLD"}],"product_cat":[{"value":209,"label":"Goldiamonds"}]},"featured_image_src_large":["https:\/\/www.mintofgold.com\/wp-content\/uploads\/2025\/03\/P1.png",650,950,false],"author_info":[],"comment_info":0,"_links":{"self":[{"href":"https:\/\/www.mintofgold.com\/zh\/wp-json\/wp\/v2\/product\/959","targetHints":{"allow":["GET"]}}],"collection":[{"href":"https:\/\/www.mintofgold.com\/zh\/wp-json\/wp\/v2\/product"}],"about":[{"href":"https:\/\/www.mintofgold.com\/zh\/wp-json\/wp\/v2\/types\/product"}],"replies":[{"embeddable":true,"href":"https:\/\/www.mintofgold.com\/zh\/wp-json\/wp\/v2\/comments?post=959"}],"wp:featuredmedia":[{"embeddable":true,"href":"https:\/\/www.mintofgold.com\/zh\/wp-json\/wp\/v2\/media\/960"}],"wp:attachment":[{"href":"https:\/\/www.mintofgold.com\/zh\/wp-json\/wp\/v2\/media?parent=959"}],"wp:term":[{"taxonomy":"product_brand","embeddable":true,"href":"https:\/\/www.mintofgold.com\/zh\/wp-json\/wp\/v2\/product_brand?post=959"},{"taxonomy":"product_cat","embeddable":true,"href":"https:\/\/www.mintofgold.com\/zh\/wp-json\/wp\/v2\/product_cat?post=959"},{"taxonomy":"product_tag","embeddable":true,"href":"https:\/\/www.mintofgold.com\/zh\/wp-json\/wp\/v2\/product_tag?post=959"}],"curies":[{"name":"wp","href":"https:\/\/api.w.org\/{rel}","templated":true}]}}