{"id":923,"date":"2025-03-07T06:50:44","date_gmt":"2025-03-07T05:50:44","guid":{"rendered":"https:\/\/mintofgold.com\/?post_type=product&#038;p=923"},"modified":"2025-03-07T08:01:04","modified_gmt":"2025-03-07T07:01:04","slug":"golddiamond-aurora","status":"publish","type":"product","link":"https:\/\/www.mintofgold.com\/zh\/golddiamond-aurora\/","title":{"rendered":"\u6781\u5149\u91d1\u94bb"},"content":{"rendered":"<p data-start=\"58\" data-end=\"352\">\u6781\u5149\u91d1\u94bb\"\uff08Golddiamond Aurora\uff09\u5c06\u4e3a\u60a8\u63d0\u4f9b\u6700\u4f18\u8d28\u7684\u4ea7\u54c1\u548c\u670d\u52a1\u3002\u8fd9\u5957\u7cfb\u7edf\u80fd\u6709\u6548\u5730\u4fdd\u62a4\u548c\u4f18\u5316\u5efa\u7b51\u7ed3\u6784\uff0c\u975e\u5e38\u9002\u5408\u5efa\u7b51\u5e08\u548c\u5efa\u7b51\u5e08\u7684\u5de5\u4f5c\u3002.<\/p>\n<p data-start=\"354\" data-end=\"380\"><strong data-start=\"354\" data-end=\"380\">G\u0142\u00f3wne cechy produktu\uff1a<\/strong><\/p>\n<ul data-start=\"381\" data-end=\"912\">\n<li data-start=\"381\" data-end=\"507\"><strong data-start=\"383\" data-end=\"409\">Ekskluzywne materia\u0142y\uff1a<\/strong> \u6211\u4eec\u5c06\u5728\u6b64\u4e3a\u60a8\u5c55\u793a\u6211\u4eec\u7684\u4ea7\u54c1\u3002.<\/li>\n<li data-start=\"508\" data-end=\"634\"><strong data-start=\"510\" data-end=\"531\">Wyj\u0105tkowy \u8bbe\u8ba1\uff1a<\/strong> \u52a8\u6001\u548c\u5b57\u5e55\u7684\u5f62\u5f0f\uff0c\u53ef\u8ba9\u60a8\u7684\u8bbe\u8ba1\u98ce\u683c\u66f4\u52a0\u72ec\u7279\u3002.<\/li>\n<li data-start=\"635\" data-end=\"763\"><strong data-start=\"637\" data-end=\"663\">Uniwersalna elegancja\uff1a<\/strong> Idealny akcent do codziennych i wieczorowych kreacji - zawsze prezentuje si\u0119 niezwykle szykownie.<\/li>\n<li data-start=\"764\" data-end=\"912\"><strong data-start=\"766\" data-end=\"792\">Niezapomniany prezent\uff1a<\/strong> Stylowe opakowanie sprawia, \u017ce Golddiamond Aurora to doskona\u0142y wyb\u00f3r na ka\u017cd\u0105 okazj\u0119, od rocznic po wa\u017cne uroczysto\u015bci.<\/li>\n<\/ul>\n<p data-start=\"914\" data-end=\"1113\" data-is-last-node=\"\" data-is-only-node=\"\">\u91d1\u94bb\u6781\u5149\"\uff08Golddiamond Aurora\uff09\u88ab\u8a89\u4e3a \"\u53cc\u5b50\u661f\"\uff08Twoj\u0105 osobowo\u015b\u0107\uff09\u3002\u5728\u8fd9\u91cc\uff0c\u6211\u4eec\u53ef\u4ee5\u770b\u5230 \"\u4e24\u6770 \"\u7684\u8c61\u5f81\u610f\u4e49\u3002.<\/p>","protected":false},"excerpt":{"rendered":"<p>\u8be5\u7cfb\u7edf\u53ef\u4e3a\u60a8\u7684\u65e5\u5e38\u5de5\u4f5c\u63d0\u4f9b\u5e2e\u52a9\u3002\u5b83\u6ca1\u6709\u4efb\u4f55\u52a8\u6001\u7279\u6027\uff0c\u4f46\u5374\u80fd\u4fdd\u8bc1\u5176\u5b89\u5168\u6027\u548c\u53ef\u6269\u5c55\u6027\u3002.<\/p>","protected":false},"featured_media":918,"comment_status":"closed","ping_status":"closed","template":"","meta":{"_kad_blocks_custom_css":"","_kad_blocks_head_custom_js":"","_kad_blocks_body_custom_js":"","_kad_blocks_footer_custom_js":"","_kad_post_transparent":"default","_kad_post_title":"","_kad_post_layout":"default","_kad_post_sidebar_id":"","_kad_post_content_style":"default","_kad_post_vertical_padding":"default","_kad_post_feature":"","_kad_post_feature_position":"","_kad_post_header":false,"_kad_post_footer":false,"_kad_post_classname":""},"product_brand":[172],"product_cat":[209],"product_tag":[],"class_list":{"0":"post-923","1":"product","2":"type-product","3":"status-publish","4":"has-post-thumbnail","6":"product_brand-mint-of-gold","7":"product_cat-gold-diamonds","9":"first","10":"instock","11":"shipping-taxable","12":"product-type-simple","13":"entry","14":"content-bg","15":"loop-entry"},"taxonomy_info":{"product_brand":[{"value":172,"label":"MINT OF GOLD"}],"product_cat":[{"value":209,"label":"Goldiamonds"}]},"featured_image_src_large":["https:\/\/www.mintofgold.com\/wp-content\/uploads\/2025\/03\/gold-diamonds-3.webp",1024,1024,false],"author_info":[],"comment_info":0,"_links":{"self":[{"href":"https:\/\/www.mintofgold.com\/zh\/wp-json\/wp\/v2\/product\/923","targetHints":{"allow":["GET"]}}],"collection":[{"href":"https:\/\/www.mintofgold.com\/zh\/wp-json\/wp\/v2\/product"}],"about":[{"href":"https:\/\/www.mintofgold.com\/zh\/wp-json\/wp\/v2\/types\/product"}],"replies":[{"embeddable":true,"href":"https:\/\/www.mintofgold.com\/zh\/wp-json\/wp\/v2\/comments?post=923"}],"wp:featuredmedia":[{"embeddable":true,"href":"https:\/\/www.mintofgold.com\/zh\/wp-json\/wp\/v2\/media\/918"}],"wp:attachment":[{"href":"https:\/\/www.mintofgold.com\/zh\/wp-json\/wp\/v2\/media?parent=923"}],"wp:term":[{"taxonomy":"product_brand","embeddable":true,"href":"https:\/\/www.mintofgold.com\/zh\/wp-json\/wp\/v2\/product_brand?post=923"},{"taxonomy":"product_cat","embeddable":true,"href":"https:\/\/www.mintofgold.com\/zh\/wp-json\/wp\/v2\/product_cat?post=923"},{"taxonomy":"product_tag","embeddable":true,"href":"https:\/\/www.mintofgold.com\/zh\/wp-json\/wp\/v2\/product_tag?post=923"}],"curies":[{"name":"wp","href":"https:\/\/api.w.org\/{rel}","templated":true}]}}