{"id":915,"date":"2025-03-07T07:45:19","date_gmt":"2025-03-07T06:45:19","guid":{"rendered":"https:\/\/mintofgold.com\/?post_type=product&#038;p=915"},"modified":"2025-03-07T13:21:28","modified_gmt":"2025-03-07T12:21:28","slug":"golddiamond-erika","status":"publish","type":"product","link":"https:\/\/www.mintofgold.com\/zh\/golddiamond-erika\/","title":{"rendered":"\u91d1\u94bb\u827e\u4e3d\u5361"},"content":{"rendered":"<p>\u91d1\u94bb\u827e\u4e3d\u5361\uff08Golddiamond Erika\uff09\u7cfb\u5217\u662f\u4e24\u6b3e\u5177\u6709\u72ec\u7279\u98ce\u683c\u7684\u624b\u8868\u3002\u8fd9\u5341\u6b3e\u4ea7\u54c1\u5177\u6709\u548c\u8c10\u7684\u5916\u89c2\u548c\u72ec\u7279\u7684\u98ce\u683c\u3002Golddiamond Erika \u91d1\u94bb\u7cfb\u5217\u7684\u8bbe\u8ba1\u65e2\u4f18\u96c5\u53c8\u4e0d\u5931\u9ad8\u8d35\uff0c\u65e2\u6709\u7ec6\u817b\u7684\u53e4\u5178\u98ce\u683c\uff0c\u53c8\u4e0d\u5931\u65f6\u5c1a\u611f\u3002.<\/p>\n<p><strong>G\u0142\u00f3wne cechy produktu\uff1a<\/strong><\/p>\n<ul>\n<li><strong>Luksusowe materia\u0142y\uff1a<\/strong> \u6211\u4eec\u7684\u76ee\u6807\u662f\uff0c\u5728\u5168\u7403\u8303\u56f4\u5185\uff0c\u4e3a\u5168\u7403\u7684\u513f\u7ae5\u63d0\u4f9b\u4f18\u8d28\u7684\u6559\u80b2\u670d\u52a1\u3002.<\/li>\n<li><strong>Perfekcyjne wykonanie\uff1a<\/strong> \u6211\u4eec\u5c06\u7ee7\u7eed\u52aa\u529b\uff0c\u4e3a\u60a8\u63d0\u4f9b\u6700\u4f18\u8d28\u7684\u670d\u52a1\u3002.<\/li>\n<li><strong>Uniwersalny \u8bbe\u8ba1\uff1a<\/strong> \u5178\u96c5\u7684\u8bbe\u8ba1\u98ce\u683c\uff0c\u8ba9\u60a8\u7684\u4f5c\u54c1\u65e2\u6709\u4f20\u7edf\u7684\uff0c\u53c8\u6709\u73b0\u4ee3\u7684\u3002.<\/li>\n<li><strong>\u7406\u60f3\u7684\u603b\u7edf<\/strong> Zapakowany w ekskluzywne opakowanie, gotowy do wr\u0119czenia jako wyrafinowany upominek dla bliskiej osoby.<\/li>\n<\/ul>\n<p>Golddiamond Erika\uff08\u91d1\u94bb\u77f3\u827e\u4e3d\u5361\uff09\u4e0d\u505a\u5b50\u5bab\u5185\u819c\u624b\u672f\uff0c\u800c\u662f\u5c06\u5b50\u5bab\u5185\u819c\u5265\u79bb\u3001\u7f1d\u5408\u548c\u5fae\u521b\u7f1d\u5408\u3002\u8be5\u4ea7\u54c1\u662f\u7531 Tw\u00f3j \u516c\u53f8\u751f\u4ea7\u7684\uff0c\u53ef\u5728\u4efb\u4f55\u5730\u65b9\u4f7f\u7528\u3002.<\/p>","protected":false},"excerpt":{"rendered":"<p>Ekskluzywne po\u0142\u0105czenie najwy\u017cszej pr\u00f3by z\u0142ota i diament\u00f3w.\u7b80\u6d01\u7684\u8bbe\u8ba1\u65e2\u6709\u98ce\u683c\u53c8\u4e0d\u5931\u4f18\u96c5\u3002.<\/p>","protected":false},"featured_media":910,"comment_status":"closed","ping_status":"closed","template":"","meta":{"_kad_blocks_custom_css":"","_kad_blocks_head_custom_js":"","_kad_blocks_body_custom_js":"","_kad_blocks_footer_custom_js":"","_kad_post_transparent":"default","_kad_post_title":"","_kad_post_layout":"default","_kad_post_sidebar_id":"","_kad_post_content_style":"default","_kad_post_vertical_padding":"default","_kad_post_feature":"","_kad_post_feature_position":"","_kad_post_header":false,"_kad_post_footer":false,"_kad_post_classname":""},"product_brand":[172],"product_cat":[209],"product_tag":[],"class_list":{"0":"post-915","1":"product","2":"type-product","3":"status-publish","4":"has-post-thumbnail","6":"product_brand-mint-of-gold","7":"product_cat-gold-diamonds","9":"first","10":"instock","11":"shipping-taxable","12":"product-type-simple","13":"entry","14":"content-bg","15":"loop-entry"},"taxonomy_info":{"product_brand":[{"value":172,"label":"MINT OF GOLD"}],"product_cat":[{"value":209,"label":"Goldiamonds"}]},"featured_image_src_large":["https:\/\/www.mintofgold.com\/wp-content\/uploads\/2025\/03\/gold-diamonds-1.webp",1024,1024,false],"author_info":[],"comment_info":0,"_links":{"self":[{"href":"https:\/\/www.mintofgold.com\/zh\/wp-json\/wp\/v2\/product\/915","targetHints":{"allow":["GET"]}}],"collection":[{"href":"https:\/\/www.mintofgold.com\/zh\/wp-json\/wp\/v2\/product"}],"about":[{"href":"https:\/\/www.mintofgold.com\/zh\/wp-json\/wp\/v2\/types\/product"}],"replies":[{"embeddable":true,"href":"https:\/\/www.mintofgold.com\/zh\/wp-json\/wp\/v2\/comments?post=915"}],"wp:featuredmedia":[{"embeddable":true,"href":"https:\/\/www.mintofgold.com\/zh\/wp-json\/wp\/v2\/media\/910"}],"wp:attachment":[{"href":"https:\/\/www.mintofgold.com\/zh\/wp-json\/wp\/v2\/media?parent=915"}],"wp:term":[{"taxonomy":"product_brand","embeddable":true,"href":"https:\/\/www.mintofgold.com\/zh\/wp-json\/wp\/v2\/product_brand?post=915"},{"taxonomy":"product_cat","embeddable":true,"href":"https:\/\/www.mintofgold.com\/zh\/wp-json\/wp\/v2\/product_cat?post=915"},{"taxonomy":"product_tag","embeddable":true,"href":"https:\/\/www.mintofgold.com\/zh\/wp-json\/wp\/v2\/product_tag?post=915"}],"curies":[{"name":"wp","href":"https:\/\/api.w.org\/{rel}","templated":true}]}}