{"id":877,"date":"2025-03-07T07:15:54","date_gmt":"2025-03-07T06:15:54","guid":{"rendered":"https:\/\/mintofgold.com\/?post_type=product&#038;p=877"},"modified":"2025-03-07T08:02:20","modified_gmt":"2025-03-07T07:02:20","slug":"amber-gold-kiara","status":"publish","type":"product","link":"https:\/\/www.mintofgold.com\/zh\/amber-gold-kiara\/","title":{"rendered":"\u7425\u73c0\u91d1\u57fa\u62c9"},"content":{"rendered":"<p data-start=\"0\" data-end=\"167\"><strong data-start=\"0\" data-end=\"20\">\u7425\u73c0\u91d1\u57fa\u62c9<\/strong> \u5b83\u662f\u4e00\u79cd\u81ea\u7136\u7684\u3001\u53ef\u91cd\u590d\u4f7f\u7528\u7684\u3001\u53ef\u91cd\u590d\u4f7f\u7528\u7684\u3001\u53ef\u91cd\u590d\u4f7f\u7528\u7684\u3001\u53ef\u91cd\u590d\u4f7f\u7528\u7684\u3001\u53ef\u91cd\u590d\u4f7f\u7528\u7684\u3001\u53ef\u91cd\u590d\u4f7f\u7528\u7684\u3001\u53ef\u91cd\u590d\u4f7f\u7528\u7684\u3001\u53ef\u91cd\u590d\u4f7f\u7528\u7684\u3001\u53ef\u91cd\u590d\u4f7f\u7528\u7684\u3001\u53ef\u91cd\u590d\u4f7f\u7528\u7684\u3001\u53ef\u91cd\u590d\u4f7f\u7528\u7684\u3001\u53ef\u91cd\u590d\u4f7f\u7528\u7684\u3001\u53ef\u91cd\u590d\u4f7f\u7528\u7684\u3001\u53ef\u91cd\u590d\u4f7f\u7528\u7684\u3001\u53ef\u91cd\u590d\u4f7f\u7528\u7684\u3001\u53ef\u91cd\u590d\u4f7f\u7528\u7684\u3001\u53ef\u91cd\u590d\u4f7f\u7528\u7684\u3001\u53ef\u91cd\u590d\u4f7f\u7528\u7684\u3001\u53ef\u91cd\u590d\u4f7f\u7528\u7684\u3001\u53ef\u91cd\u590d\u4f7f\u7528\u7684\u3001\u53ef\u91cd\u590d\u4f7f\u7528\u7684\u3001\u53ef\u91cd\u590d\u4f7f\u7528\u7684\u3001\u53ef\u91cd\u590d\u4f7f\u7528\u7684\u3001\u53ef\u91cd\u590d\u4f7f\u7528\u7684\u3001\u53ef\u91cd\u590d\u4f7f\u7528\u7684\u3001\u53ef\u91cd\u590d\u4f7f\u7528\u7684\u3001\u53ef\u91cd\u590d\u4f7f\u7528\u7684\u3002.<\/p>\n<p data-start=\"189\" data-end=\"659\">Amber Gold Kiara \u662f\u4e00\u5bb6\u96c6\u4f18\u96c5\u3001\u9ad8\u8d35\u548c\u5b9e\u7528\u4e8e\u4e00\u8eab\u7684\u54c1\u724c\u3002\u81ea\u7136\u7684\u7eb9\u7406\u548c\u661f\u7ea7\u7684\u8bbe\u8ba1\u8ba9\u4eba\u611f\u89c9\u548c\u8c10\u7edf\u4e00\uff0c\u540c\u65f6\u53c8\u4e0d\u5931\u72ec\u7279\u7684\u98ce\u683c\u3002.<\/p>\n<p data-start=\"661\" data-end=\"680\"><strong data-start=\"661\" data-end=\"680\">Kluczowe cechy\uff1a<\/strong><\/p>\n<ul data-start=\"682\" data-end=\"1301\">\n<li data-start=\"682\" data-end=\"810\"><strong data-start=\"684\" data-end=\"706\">\u6750\u6599\u6ea2\u4ef7\uff1a<\/strong> \u81ea\u7136\u4fdd\u62a4\u533a\u548c\u81ea\u7136\u751f\u6001\u4fdd\u62a4\u533a\u7684\u4fdd\u62a4\u548c\u7ba1\u7406\u662f\u4e00\u9879\u91cd\u8981\u4efb\u52a1\u3002.<\/li>\n<li data-start=\"811\" data-end=\"930\"><strong data-start=\"813\" data-end=\"833\">Unikalny \u8bbe\u8ba1\uff1a<\/strong> \u8be5\u4e66\u662f\u4e00\u672c\u975e\u5e38\u7cbe\u7f8e\u7684\u5c0f\u518c\u5b50\uff0c\u4f46\u6ca1\u6709\u4efb\u4f55\u7ec6\u8282\u3002.<\/li>\n<li data-start=\"931\" data-end=\"1054\"><strong data-start=\"933\" data-end=\"954\">R\u0119czne wykonanie\uff1a<\/strong> \u6211\u4eec\u7684\u5de5\u4f5c\u662f\u4e3a\u60a8\u548c\u60a8\u7684\u5bb6\u4eba\u63d0\u4f9b\u6700\u4f18\u8d28\u7684\u670d\u52a1\u3002.<\/li>\n<li data-start=\"1055\" data-end=\"1171\"><strong data-start=\"1057\" data-end=\"1077\">Wszechstronno\u015b\u0107\uff1a<\/strong> \u5b83\u975e\u5e38\u9002\u5408\u4f5c\u4e3a\u5178\u96c5\u7684\u88c5\u9970\u54c1\uff0c\u6216\u7528\u4e8e\u88c5\u9970\u98ce\u683c\u72ec\u7279\u7684\u5efa\u7b51\u3002.<\/li>\n<li data-start=\"1172\" data-end=\"1301\"><strong data-start=\"1174\" data-end=\"1194\">\u7406\u60f3\u7684\u603b\u7edf<\/strong> Zapakowany w eleganckie opakowanie, stanowi doskona\u0142y upominek dla bliskiej osoby lub na wyj\u0105tkowe okazje.<\/li>\n<\/ul>\n<p data-start=\"1303\" data-end=\"1507\" data-is-last-node=\"\" data-is-only-node=\"\">\u7531\u4e8e\u7425\u73c0\u91d1\u742a\u62c9\uff08Amber Gold Kiara\uff09\u7684 \"Twoj\u0105wyj\u0105tkowo\u015b\u0107 \"\u7cfb\u5217\u662f\u7531\u7425\u73c0\u91d1\u742a\u62c9\uff08Amber Gold Kiara\uff09\u548c\u7425\u73c0\u91d1\u742a\u62c9\uff08Twoj\u0105wyj\u0105tkowo\u015b\u0107\uff09\u5171\u540c\u5f00\u53d1\u7684\u3002\u5982\u679c\u60a8\u4e0d\u77e5\u9053\u8be5\u600e\u4e48\u505a\uff0c\u8bf7\u70b9\u51fb \"\u67e5\u770b\u66f4\u591a\u4fe1\u606f\"\u3002.<\/p>","protected":false},"excerpt":{"rendered":"<p>Amber Gold Kiara\u7425\u73c0\u91d1\u9970--\u5929\u7136\u7684\u7425\u73c0\u548c\u5929\u7136\u7684\u62a4\u80a4\u54c1\uff0c\u5177\u6709\u6781\u4f73\u7684\u5149\u6cfd\u548c\u8d28\u611f\u3002\u8fd9\u4e9b\u8bbe\u8ba1\u98ce\u683c\u72ec\u7279\u3001\u4f18\u96c5\u3002.<\/p>","protected":false},"featured_media":897,"comment_status":"closed","ping_status":"closed","template":"","meta":{"_kad_blocks_custom_css":"","_kad_blocks_head_custom_js":"","_kad_blocks_body_custom_js":"","_kad_blocks_footer_custom_js":"","_kad_post_transparent":"default","_kad_post_title":"","_kad_post_layout":"default","_kad_post_sidebar_id":"","_kad_post_content_style":"default","_kad_post_vertical_padding":"default","_kad_post_feature":"","_kad_post_feature_position":"","_kad_post_header":false,"_kad_post_footer":false,"_kad_post_classname":""},"product_brand":[172],"product_cat":[210],"product_tag":[],"class_list":{"0":"post-877","1":"product","2":"type-product","3":"status-publish","4":"has-post-thumbnail","6":"product_brand-mint-of-gold","7":"product_cat-amber-gold","9":"first","10":"instock","11":"shipping-taxable","12":"product-type-simple","13":"entry","14":"content-bg","15":"loop-entry"},"taxonomy_info":{"product_brand":[{"value":172,"label":"MINT OF GOLD"}],"product_cat":[{"value":210,"label":"Amber Gold"}]},"featured_image_src_large":["https:\/\/www.mintofgold.com\/wp-content\/uploads\/2025\/03\/kiara3.webp",1024,1024,false],"author_info":[],"comment_info":0,"_links":{"self":[{"href":"https:\/\/www.mintofgold.com\/zh\/wp-json\/wp\/v2\/product\/877","targetHints":{"allow":["GET"]}}],"collection":[{"href":"https:\/\/www.mintofgold.com\/zh\/wp-json\/wp\/v2\/product"}],"about":[{"href":"https:\/\/www.mintofgold.com\/zh\/wp-json\/wp\/v2\/types\/product"}],"replies":[{"embeddable":true,"href":"https:\/\/www.mintofgold.com\/zh\/wp-json\/wp\/v2\/comments?post=877"}],"wp:featuredmedia":[{"embeddable":true,"href":"https:\/\/www.mintofgold.com\/zh\/wp-json\/wp\/v2\/media\/897"}],"wp:attachment":[{"href":"https:\/\/www.mintofgold.com\/zh\/wp-json\/wp\/v2\/media?parent=877"}],"wp:term":[{"taxonomy":"product_brand","embeddable":true,"href":"https:\/\/www.mintofgold.com\/zh\/wp-json\/wp\/v2\/product_brand?post=877"},{"taxonomy":"product_cat","embeddable":true,"href":"https:\/\/www.mintofgold.com\/zh\/wp-json\/wp\/v2\/product_cat?post=877"},{"taxonomy":"product_tag","embeddable":true,"href":"https:\/\/www.mintofgold.com\/zh\/wp-json\/wp\/v2\/product_tag?post=877"}],"curies":[{"name":"wp","href":"https:\/\/api.w.org\/{rel}","templated":true}]}}