{"id":74,"date":"2025-02-21T09:22:02","date_gmt":"2025-02-21T08:22:02","guid":{"rendered":"https:\/\/mintofgold.com\/?post_type=product&#038;p=74"},"modified":"2025-02-28T14:15:36","modified_gmt":"2025-02-28T13:15:36","slug":"fortuna-gold-minted-bar-20g","status":"publish","type":"product","link":"https:\/\/www.mintofgold.com\/zh\/fortuna-gold-minted-bar-20g\/","title":{"rendered":"\u798f\u4e34\u95e8\u91d1\u6761 - 20 \u514b"},"content":{"rendered":"<p>PAMP\uff08\u6f58\u6c0f\uff09\u516c\u53f8\u662f\u4e16\u754c\u4e0a\u9996\u5c48\u4e00\u6307\u7684\u91d1\u5c5e\u516c\u53f8\uff0c\u5176\u4ea7\u54c1\u88ab\u5e7f\u6cdb\u5e94\u7528\u4e8e\u5404\u79cd\u9886\u57df\u3002\u5728 1979 \u5e74\uff0cLady Fortuna\u2122\uff08\u8d22\u5bcc\u5973\u795e\uff09\u6210\u4e3a\u4e86\u827a\u672f\u754c\u7684\u7fd8\u695a\uff0c\u5e76\u5728 PAMP \u7684\u6388\u6743\u4e0b\u6210\u4e3a\u4e86\u4e00\u4e2a\u6807\u5fd7\u3002\u4ece\u5b57\u7b26\u4e32\u7684\u89d2\u5ea6\u6765\u770b\uff0cPAMP \u7684\u4e3b\u8981\u7279\u5f81\u662f\uff1a\u6570\u5b57\u3001\u8d27\u5e01\u548c\u8d22\u5bcc\u3002.<\/p>\n<p>\u5e78\u8fd0\u5973\u795e\u516c\u53f8\uff08Lady Fortuna\u2122\uff09\u662f\u4e00\u5bb6\u4e13\u4e1a\u7684\u3001\u5177\u6709\u58f0\u671b\u7684\u5efa\u7b51\u8bbe\u8ba1\u516c\u53f8\u3002Szwajcarski Federalny Urz\u0105d, ka\u017cda sztabka jest indywidualnie zarejestrowana i zapakowana w ochronne opakowanie CertiPAMP\u2122, kt\u00f3re zawiera zintegrowany i oficjalny certyfikat pr\u00f3by, gwarantuj\u0105cy zawarto\u015b\u0107 metalu szlachetnego oraz wag\u0119, chronione zdejmowan\u0105 foli\u0105.<\/p>","protected":false},"excerpt":{"rendered":"<p>PAMP by\u0142a pierwsz\u0105 mark\u0105 metali szlachetnych, kt\u00f3ra kiedykolwiek udekorowa\u0142a rewers swoich bitych sztabek. Wprowadzona w 1979 roku, Lady Fortuna&#x2122; by\u0142a pierwotnym motywem artystycznym i jest dzi\u015b na ca\u0142ym \u015bwiecie uznawana za zaufany symbol, kt\u00f3ry zapewnia o doskona\u0142ej jako\u015bci i autentyczno\u015bci PAMP. Z charakterystycznym wyko\u0144czeniem przypominaj\u0105cym stempel, rzymska bogini dobrobytu jest przedstawiona ze wszystkimi swoimi mitycznymi&#8230;<\/p>","protected":false},"featured_media":75,"comment_status":"closed","ping_status":"closed","template":"","meta":{"_kad_blocks_custom_css":"","_kad_blocks_head_custom_js":"","_kad_blocks_body_custom_js":"","_kad_blocks_footer_custom_js":"","_kad_post_transparent":"default","_kad_post_title":"","_kad_post_layout":"default","_kad_post_sidebar_id":"","_kad_post_content_style":"default","_kad_post_vertical_padding":"default","_kad_post_feature":"","_kad_post_feature_position":"","_kad_post_header":false,"_kad_post_footer":false,"_kad_post_classname":""},"product_brand":[20],"product_cat":[21],"product_tag":[],"class_list":{"0":"post-74","1":"product","2":"type-product","3":"status-publish","4":"has-post-thumbnail","6":"product_brand-pamp","7":"product_cat-sztabki-zlota","8":"pa_grubosc-1-88-mm","9":"pa_metal-zloto","10":"pa_proba-23","11":"pa_rozmiar-18-x-31-mm","12":"pa_waga-20g","14":"first","15":"instock","16":"shipping-taxable","17":"product-type-simple","18":"entry","19":"content-bg","20":"loop-entry"},"taxonomy_info":{"product_brand":[{"value":20,"label":"PAMP"}],"product_cat":[{"value":21,"label":"Sztabki z\u0142ota"}],"pa_grubosc":[{"value":54,"label":"1.88 mm"}],"pa_metal":[{"value":98,"label":"Z\u0142oto"}],"pa_proba":[{"value":23,"label":"999,9"}],"pa_rozmiar":[{"value":52,"label":"18 x 31 mm"}],"pa_waga":[{"value":78,"label":"20g"}]},"featured_image_src_large":["https:\/\/www.mintofgold.com\/wp-content\/uploads\/2025\/02\/Fortuna_Gold_Minted_Bar_20g.png",1000,1000,false],"author_info":[],"comment_info":0,"_links":{"self":[{"href":"https:\/\/www.mintofgold.com\/zh\/wp-json\/wp\/v2\/product\/74","targetHints":{"allow":["GET"]}}],"collection":[{"href":"https:\/\/www.mintofgold.com\/zh\/wp-json\/wp\/v2\/product"}],"about":[{"href":"https:\/\/www.mintofgold.com\/zh\/wp-json\/wp\/v2\/types\/product"}],"replies":[{"embeddable":true,"href":"https:\/\/www.mintofgold.com\/zh\/wp-json\/wp\/v2\/comments?post=74"}],"wp:featuredmedia":[{"embeddable":true,"href":"https:\/\/www.mintofgold.com\/zh\/wp-json\/wp\/v2\/media\/75"}],"wp:attachment":[{"href":"https:\/\/www.mintofgold.com\/zh\/wp-json\/wp\/v2\/media?parent=74"}],"wp:term":[{"taxonomy":"product_brand","embeddable":true,"href":"https:\/\/www.mintofgold.com\/zh\/wp-json\/wp\/v2\/product_brand?post=74"},{"taxonomy":"product_cat","embeddable":true,"href":"https:\/\/www.mintofgold.com\/zh\/wp-json\/wp\/v2\/product_cat?post=74"},{"taxonomy":"product_tag","embeddable":true,"href":"https:\/\/www.mintofgold.com\/zh\/wp-json\/wp\/v2\/product_tag?post=74"}],"curies":[{"name":"wp","href":"https:\/\/api.w.org\/{rel}","templated":true}]}}