{"id":72,"date":"2025-02-21T09:20:06","date_gmt":"2025-02-21T08:20:06","guid":{"rendered":"https:\/\/mintofgold.com\/?post_type=product&#038;p=72"},"modified":"2025-02-28T14:15:21","modified_gmt":"2025-02-28T13:15:21","slug":"fortuna-gold-minted-bar-1-2-oz","status":"publish","type":"product","link":"https:\/\/www.mintofgold.com\/zh\/fortuna-gold-minted-bar-1-2-oz\/","title":{"rendered":"\u798f\u56fe\u7eb3\u91d1\u6761 - 1\/2 \u76ce\u53f8"},"content":{"rendered":"<p>\u6f58\u5e15\u514b\u516c\u53f8\uff08PAMP\uff09\u662f\u4e16\u754c\u4e0a\u9996\u5c48\u4e00\u6307\u7684\u91d1\u5c5e\u516c\u53f8\uff0c\u5176\u4ea7\u54c1\u5728\u4e16\u754c\u8303\u56f4\u5185\u4eab\u6709\u76db\u8a89\u3002\u5728 1979 \u5e74\uff0cLady Fortuna\u2122\uff08\u547d\u8fd0\u5973\u795e\uff09\u6210\u4e3a\u4e86\u827a\u672f\u54c1\u7684\u539f\u578b\uff0c\u5e76\u6210\u4e3a\u4e86 PAMP \u7684\u8c61\u5f81\u3002\u901a\u8fc7\u5bf9\u5176\u7279\u5f81\u7684\u5206\u6790\uff0c\u6211\u4eec\u53ef\u4ee5\u53d1\u73b0 PAMP \u7684\u4e3b\u8981\u7279\u5f81\u6709\uff1a\u6570\u636e\u6e90\u3001\u6570\u636e\u91cf\u3001\u6570\u636e\u7ed3\u6784\u3001\u6570\u636e\u8d27\u5e01\u548c\u6570\u636e\u8d22\u5bcc\u3002.<\/p>\n<p>\u5e78\u8fd0\u5973\u795e\u53f7\"\uff08Lady Fortuna\u2122\uff09\u662f\u4e16\u754c\u4e0a\u6700\u5148\u8fdb\u7684\u3001\u6700\u5177\u58f0\u671b\u7684\u6c7d\u8f66\u53d1\u52a8\u673a\u3002\u5728 Szwajcarski Federalny Urz\u0105d, ka\u017cda sztabka jest indywidualnie zarejestrowana i zapakowana w ochronne opakowanie CertiPAMP\u2122, zawieraj\u0105ce zintegrowany i oficjalny certyfikat pr\u00f3by, kt\u00f3ry gwarantuje zawarto\u015b\u0107 metalu szlachetnego oraz wag\u0119, chronione zdejmowan\u0105 foli\u0105.<\/p>","protected":false},"excerpt":{"rendered":"<p>PAMP by\u0142a pierwsz\u0105 mark\u0105 metali szlachetnych, kt\u00f3ra kiedykolwiek udekorowa\u0142a rewers swoich bitych sztabek. Wprowadzona w 1979 roku, Lady Fortuna&#x2122; by\u0142a oryginalnym motywem artystycznym i do dzi\u015b jest na ca\u0142ym \u015bwiecie rozpoznawanym symbolem gwarantuj\u0105cym doskona\u0142o\u015b\u0107 jako\u015bci i autentyczno\u015b\u0107 PAMP. Z charakterystycznym wyko\u0144czeniem przypominaj\u0105cym stemplem, rzymska bogini dobrobytu jest przedstawiona z wszystkimi swoimi mitycznymi atrybutami: k\u0142osami pszenicy,&#8230;<\/p>","protected":false},"featured_media":73,"comment_status":"closed","ping_status":"closed","template":"","meta":{"_kad_blocks_custom_css":"","_kad_blocks_head_custom_js":"","_kad_blocks_body_custom_js":"","_kad_blocks_footer_custom_js":"","_kad_post_transparent":"default","_kad_post_title":"","_kad_post_layout":"default","_kad_post_sidebar_id":"","_kad_post_content_style":"default","_kad_post_vertical_padding":"default","_kad_post_feature":"","_kad_post_feature_position":"","_kad_post_header":false,"_kad_post_footer":false,"_kad_post_classname":""},"product_brand":[20],"product_cat":[21],"product_tag":[],"class_list":{"0":"post-72","1":"product","2":"type-product","3":"status-publish","4":"has-post-thumbnail","6":"product_brand-pamp","7":"product_cat-sztabki-zlota","8":"pa_grubosc-1-61-mm","9":"pa_metal-zloto","10":"pa_proba-23","11":"pa_rozmiar-17-1-x-29-5-mm","12":"pa_waga-0-5-oz-t","14":"first","15":"instock","16":"shipping-taxable","17":"product-type-simple","18":"entry","19":"content-bg","20":"loop-entry"},"taxonomy_info":{"product_brand":[{"value":20,"label":"PAMP"}],"product_cat":[{"value":21,"label":"Sztabki z\u0142ota"}],"pa_grubosc":[{"value":51,"label":"1.61 mm"}],"pa_metal":[{"value":98,"label":"Z\u0142oto"}],"pa_proba":[{"value":23,"label":"999,9"}],"pa_rozmiar":[{"value":49,"label":"17.1 x 29.5 mm"}],"pa_waga":[{"value":77,"label":"0.5 oz t"}]},"featured_image_src_large":["https:\/\/www.mintofgold.com\/wp-content\/uploads\/2025\/02\/Fortuna_Gold_Minted_Bar_1_2_oz.png",1000,1000,false],"author_info":[],"comment_info":0,"_links":{"self":[{"href":"https:\/\/www.mintofgold.com\/zh\/wp-json\/wp\/v2\/product\/72","targetHints":{"allow":["GET"]}}],"collection":[{"href":"https:\/\/www.mintofgold.com\/zh\/wp-json\/wp\/v2\/product"}],"about":[{"href":"https:\/\/www.mintofgold.com\/zh\/wp-json\/wp\/v2\/types\/product"}],"replies":[{"embeddable":true,"href":"https:\/\/www.mintofgold.com\/zh\/wp-json\/wp\/v2\/comments?post=72"}],"wp:featuredmedia":[{"embeddable":true,"href":"https:\/\/www.mintofgold.com\/zh\/wp-json\/wp\/v2\/media\/73"}],"wp:attachment":[{"href":"https:\/\/www.mintofgold.com\/zh\/wp-json\/wp\/v2\/media?parent=72"}],"wp:term":[{"taxonomy":"product_brand","embeddable":true,"href":"https:\/\/www.mintofgold.com\/zh\/wp-json\/wp\/v2\/product_brand?post=72"},{"taxonomy":"product_cat","embeddable":true,"href":"https:\/\/www.mintofgold.com\/zh\/wp-json\/wp\/v2\/product_cat?post=72"},{"taxonomy":"product_tag","embeddable":true,"href":"https:\/\/www.mintofgold.com\/zh\/wp-json\/wp\/v2\/product_tag?post=72"}],"curies":[{"name":"wp","href":"https:\/\/api.w.org\/{rel}","templated":true}]}}