{"id":68,"date":"2025-02-21T09:16:21","date_gmt":"2025-02-21T08:16:21","guid":{"rendered":"https:\/\/mintofgold.com\/?post_type=product&#038;p=68"},"modified":"2025-02-28T14:14:59","modified_gmt":"2025-02-28T13:14:59","slug":"carbon-neutral-lady-fortuna-1oz-gold-minted-bar","status":"publish","type":"product","link":"https:\/\/www.mintofgold.com\/zh\/carbon-neutral-lady-fortuna-1oz-gold-minted-bar\/","title":{"rendered":"Carbon Neutral Lady Fortuna\u2122 1 \u76ce\u53f8\u9ec4\u91d1\u94f8\u6761"},"content":{"rendered":"<p data-start=\"0\" data-end=\"279\">PAMP \u662f\u4e16\u754c\u4e0a\u9996\u5c48\u4e00\u6307\u7684\u91d1\u5c5e\u5236\u9020\u516c\u53f8\u30021979\u5e74\uff0cLady Fortuna\uff08\u798f\u661f\u592b\u4eba\uff09\u4e50\u961f\u88ab\u8bc4\u4e3a \"\u4e16\u754c\u4e0a\u6700\u4f1f\u5927\u7684\u91d1\u5c5e\u4e50\u961f \"\u4e4b\u4e00\uff0c\u5e76\u88ab\u8bc4\u4e3a \"\u4e16\u754c\u4e0a\u6700\u4f1f\u5927\u7684\u7b26\u53f7\u4e50\u961f\"\u3002.<\/p>\n<p data-start=\"281\" data-end=\"474\">Dzi\u0119ki charakterystycznemu, lustrzanemu wyko\u0144czeniu wizerunek Lady Fortuna&#x2122;, rzymskiej bogini dobrobytu, jest najbardziej rozpoznawalnym i presti\u017cowym projektem sztabki bulionowej na \u015bwiecie.<\/p>\n<p data-start=\"476\" data-end=\"772\">\u5728 Szwajcarskie Federalne Biuro, ka\u017cda sztabka jest indywidualnie rejestrowana i zapiecz\u0119towana w ochronnym opakowaniu CertiPAMP\u2122 ze zintegrowanym i oficjalnym certyfikatem badania\u3001\u5b83\u53ef\u4ee5\u4fdd\u8bc1\u5bf9\u91d1\u5c5e\u6216\u690d\u7269\u7684\u4fdd\u62a4\u3002.<\/p>","protected":false},"excerpt":{"rendered":"<p>PAMP by\u0142a pierwsz\u0105 mark\u0105 metali szlachetnych, kt\u00f3ra ozdobi\u0142a rewersy swoich wybitych sztabek. Wprowadzona w 1979 roku Lady Fortuna&#x2122; by\u0142a pierwszym z tych artystycznych motyw\u00f3w i do dzi\u015b jest \u015bwiatowo rozpoznawalnym symbolem, gwarantuj\u0105cym najwy\u017csz\u0105 jako\u015b\u0107 i autentyczno\u015b\u0107 PAMP. Dzi\u0119ki charakterystycznemu, lustrzanemu wyko\u0144czeniu wizerunek Lady Fortuna&#x2122;, rzymskiej bogini dobrobytu, jest najbardziej rozpoznawalnym i presti\u017cowym projektem sztabki bulionowej&#8230;<\/p>","protected":false},"featured_media":69,"comment_status":"closed","ping_status":"closed","template":"","meta":{"_kad_blocks_custom_css":"","_kad_blocks_head_custom_js":"","_kad_blocks_body_custom_js":"","_kad_blocks_footer_custom_js":"","_kad_post_transparent":"default","_kad_post_title":"","_kad_post_layout":"default","_kad_post_sidebar_id":"","_kad_post_content_style":"default","_kad_post_vertical_padding":"default","_kad_post_feature":"","_kad_post_feature_position":"","_kad_post_header":false,"_kad_post_footer":false,"_kad_post_classname":""},"product_brand":[20],"product_cat":[21],"product_tag":[],"class_list":{"0":"post-68","1":"product","2":"type-product","3":"status-publish","4":"has-post-thumbnail","6":"product_brand-pamp","7":"product_cat-sztabki-zlota","8":"pa_grubosc-1-66-mm","9":"pa_metal-zloto","10":"pa_proba-23","11":"pa_rozmiar-24-x-41-mm","12":"pa_waga-1-oz-t","14":"first","15":"instock","16":"shipping-taxable","17":"product-type-simple","18":"entry","19":"content-bg","20":"loop-entry"},"taxonomy_info":{"product_brand":[{"value":20,"label":"PAMP"}],"product_cat":[{"value":21,"label":"Sztabki z\u0142ota"}],"pa_grubosc":[{"value":48,"label":"1.66 mm"}],"pa_metal":[{"value":98,"label":"Z\u0142oto"}],"pa_proba":[{"value":23,"label":"999,9"}],"pa_rozmiar":[{"value":46,"label":"24 x 41 mm"}],"pa_waga":[{"value":76,"label":"1 oz t"}]},"featured_image_src_large":["https:\/\/www.mintofgold.com\/wp-content\/uploads\/2025\/02\/Carbon_Neutral_Lady_Fortun_1oz_Gold_Minted-_Bar.png",1000,1000,false],"author_info":[],"comment_info":0,"_links":{"self":[{"href":"https:\/\/www.mintofgold.com\/zh\/wp-json\/wp\/v2\/product\/68","targetHints":{"allow":["GET"]}}],"collection":[{"href":"https:\/\/www.mintofgold.com\/zh\/wp-json\/wp\/v2\/product"}],"about":[{"href":"https:\/\/www.mintofgold.com\/zh\/wp-json\/wp\/v2\/types\/product"}],"replies":[{"embeddable":true,"href":"https:\/\/www.mintofgold.com\/zh\/wp-json\/wp\/v2\/comments?post=68"}],"wp:featuredmedia":[{"embeddable":true,"href":"https:\/\/www.mintofgold.com\/zh\/wp-json\/wp\/v2\/media\/69"}],"wp:attachment":[{"href":"https:\/\/www.mintofgold.com\/zh\/wp-json\/wp\/v2\/media?parent=68"}],"wp:term":[{"taxonomy":"product_brand","embeddable":true,"href":"https:\/\/www.mintofgold.com\/zh\/wp-json\/wp\/v2\/product_brand?post=68"},{"taxonomy":"product_cat","embeddable":true,"href":"https:\/\/www.mintofgold.com\/zh\/wp-json\/wp\/v2\/product_cat?post=68"},{"taxonomy":"product_tag","embeddable":true,"href":"https:\/\/www.mintofgold.com\/zh\/wp-json\/wp\/v2\/product_tag?post=68"}],"curies":[{"name":"wp","href":"https:\/\/api.w.org\/{rel}","templated":true}]}}