{"id":660,"date":"2025-02-20T11:52:59","date_gmt":"2025-02-20T10:52:59","guid":{"rendered":"https:\/\/mintofgold.com\/?post_type=product&#038;p=660"},"modified":"2025-02-28T17:19:39","modified_gmt":"2025-02-28T16:19:39","slug":"50-g-gold-999-9-combibar","status":"publish","type":"product","link":"https:\/\/www.mintofgold.com\/zh\/50-g-gold-999-9-combibar\/","title":{"rendered":"50 \u514b\u9ec4\u91d1 999.9 - CombiBar"},"content":{"rendered":"<p>\u8d3a\u5229\u6c0f CombiBar\u2122 \u53ef\u7528\u4e8e 20\u300150 \u6216 100 \u4e2a 1 \u514b\u7684\u6837\u54c1\uff0c\u53ef\u7528\u4e8e\u4e0d\u540c\u7684\u6837\u54c1\u3002Pojedyncze sztabki 1 g mo\u017cna \u0142atwo oddzieli\u0107 od siebie.\u53ef\u63d0\u4f9b\u7684\u91cd\u91cf\u4e3a 1 \u514b\u3002CombiBar\u2122 \u7531\u5851\u6599\u5236\u6210\uff0c\u5177\u6709\u9632\u6ed1\u529f\u80fd\u3002\u8fd9\u4e5f\u662f Heraeus \u7684\u4e00\u5927\u7279\u8272\uff1a999,9.<\/p>","protected":false},"excerpt":{"rendered":"<p>Heraeus CombiBar&#x2122; jest dost\u0119pny w trzech rozmiarach: 20, 50 lub 100 pojedynczych sztabek z\u0142ota po 1 g, kt\u00f3re s\u0105 po\u0142\u0105czone, tworz\u0105c jedn\u0105 du\u017c\u0105 sztabk\u0119. Pojedyncze sztabki 1 g mo\u017cna \u0142atwo oddzieli\u0107 od siebie. Tylko du\u017ca sztabka posiada numer seryjny. CombiBar&#x2122; jest pakowany w plastikowe etui, kt\u00f3re zawiera r\u00f3wnie\u017c certyfikat. Czysto\u015b\u0107 jest taka sama jak w&#8230;<\/p>","protected":false},"featured_media":661,"comment_status":"closed","ping_status":"closed","template":"","meta":{"_kad_blocks_custom_css":"","_kad_blocks_head_custom_js":"","_kad_blocks_body_custom_js":"","_kad_blocks_footer_custom_js":"","_kad_post_transparent":"default","_kad_post_title":"","_kad_post_layout":"default","_kad_post_sidebar_id":"","_kad_post_content_style":"default","_kad_post_vertical_padding":"default","_kad_post_feature":"","_kad_post_feature_position":"","_kad_post_header":false,"_kad_post_footer":false,"_kad_post_classname":""},"product_brand":[66],"product_cat":[21],"product_tag":[],"class_list":{"0":"post-660","1":"product","2":"type-product","3":"status-publish","4":"has-post-thumbnail","6":"product_brand-heraeus-precious-metals","7":"product_cat-sztabki-zlota","8":"pa_metal-zloto","9":"pa_proba-23","10":"pa_rozmiar-74-x-52-5-x-0-85-mm","11":"pa_waga-50g","13":"first","14":"instock","15":"shipping-taxable","16":"product-type-simple","17":"entry","18":"content-bg","19":"loop-entry"},"taxonomy_info":{"product_brand":[{"value":66,"label":"HERAEUS - PRECIOUS METALS"}],"product_cat":[{"value":21,"label":"Sztabki z\u0142ota"}],"pa_metal":[{"value":98,"label":"Z\u0142oto"}],"pa_proba":[{"value":23,"label":"999,9"}],"pa_rozmiar":[{"value":190,"label":"74 x 52.5 x 0.85 mm"}],"pa_waga":[{"value":73,"label":"50g"}]},"featured_image_src_large":["https:\/\/www.mintofgold.com\/wp-content\/uploads\/2025\/02\/50g-gold-999-9-combibar-h-p-m-1024x1024.png",1024,1024,true],"author_info":[],"comment_info":0,"_links":{"self":[{"href":"https:\/\/www.mintofgold.com\/zh\/wp-json\/wp\/v2\/product\/660","targetHints":{"allow":["GET"]}}],"collection":[{"href":"https:\/\/www.mintofgold.com\/zh\/wp-json\/wp\/v2\/product"}],"about":[{"href":"https:\/\/www.mintofgold.com\/zh\/wp-json\/wp\/v2\/types\/product"}],"replies":[{"embeddable":true,"href":"https:\/\/www.mintofgold.com\/zh\/wp-json\/wp\/v2\/comments?post=660"}],"wp:featuredmedia":[{"embeddable":true,"href":"https:\/\/www.mintofgold.com\/zh\/wp-json\/wp\/v2\/media\/661"}],"wp:attachment":[{"href":"https:\/\/www.mintofgold.com\/zh\/wp-json\/wp\/v2\/media?parent=660"}],"wp:term":[{"taxonomy":"product_brand","embeddable":true,"href":"https:\/\/www.mintofgold.com\/zh\/wp-json\/wp\/v2\/product_brand?post=660"},{"taxonomy":"product_cat","embeddable":true,"href":"https:\/\/www.mintofgold.com\/zh\/wp-json\/wp\/v2\/product_cat?post=660"},{"taxonomy":"product_tag","embeddable":true,"href":"https:\/\/www.mintofgold.com\/zh\/wp-json\/wp\/v2\/product_tag?post=660"}],"curies":[{"name":"wp","href":"https:\/\/api.w.org\/{rel}","templated":true}]}}