{"id":57,"date":"2025-02-21T09:06:14","date_gmt":"2025-02-21T08:06:14","guid":{"rendered":"https:\/\/mintofgold.com\/?post_type=product&#038;p=57"},"modified":"2025-02-28T14:13:48","modified_gmt":"2025-02-28T13:13:48","slug":"fortuna-gold-minted-bar-250g","status":"publish","type":"product","link":"https:\/\/www.mintofgold.com\/zh\/fortuna-gold-minted-bar-250g\/","title":{"rendered":"\u798f\u661f\u91d1\u6761 - 250 \u514b"},"content":{"rendered":"<p>PAMP \u662f\u4e16\u754c\u4e0a\u9996\u5c48\u4e00\u6307\u7684\u91d1\u5c5e\u5236\u9020\u516c\u53f8\uff0c\u5176\u4ea7\u54c1\u88ab\u5e7f\u6cdb\u5e94\u7528\u4e8e\u5404\u79cd\u5de5\u4e1a\u9886\u57df\u30021979\u5e74\uff0cLady Fortuna\uff08\u798f\u661f\u592b\u4eba\uff09\u5728\u827a\u672f\u754c\u5927\u653e\u5f02\u5f69\uff0c\u6210\u4e3aPAMP\u516c\u53f8\u7684\u8c61\u5f81\u3002\u5728\u9b45\u529b\u5341\u8db3\u3001\u5149\u5f69\u7167\u4eba\u7684\u4e16\u754c\u91cc\uff0c\u6211\u4eec\u7684\u5de5\u4f5c\u53ef\u4ee5\u4e3a\u60a8\u63d0\u4f9b\u4ee5\u4e0b\u65b9\u9762\u7684\u5e2e\u52a9\uff1a\u6570\u636e\u6316\u6398\u3001\u6570\u636e\u5b58\u50a8\u3001\u6570\u636e\u5206\u6790\u3001\u8d44\u91d1\u7ba1\u7406\u548c\u8d22\u5bcc\u7ba1\u7406\u3002\u5e78\u8fd0\u5973\u795e \"\u662f\u4e16\u754c\u4e0a\u6700\u6770\u51fa\u3001\u6700\u6709\u58f0\u671b\u7684\u5973\u8bd7\u4eba\u4e4b\u4e00\u3002\u5728 Szwajcarskie Federalne Biuro, ka\u017cda sztabka jest indywidualnie rejestrowana i zapiecz\u0119towana w ochronnym opakowaniu CertiPAMP\u2122 zintegrowanym i oficjalnym certyfikatem badania\u3001\u5b83\u53ef\u4ee5\u4fdd\u8bc1\u5bf9\u91d1\u5c5e\u6216\u53f6\u7247\u8fdb\u884c\u52a0\u5de5\u3002.<\/p>","protected":false},"excerpt":{"rendered":"<p>PAMP by\u0142a pierwsz\u0105 mark\u0105 metali szlachetnych, kt\u00f3ra ozdobi\u0142a rewersy swoich sztabek wybitymi motywami. Wprowadzona w 1979 roku Lady Fortuna&#x2122; by\u0142a pierwszym z tych artystycznych wzor\u00f3w i do dzi\u015b jest \u015bwiatowo rozpoznawalnym symbolem gwarantuj\u0105cym doskona\u0142\u0105 jako\u015b\u0107 i autentyczno\u015b\u0107 PAMP. Z charakterystycznym, lustrzanym wyko\u0144czeniem, rzymska bogini dobrobytu jest przedstawiona ze wszystkimi swoimi mitycznymi atrybutami: snopami pszenicy, makami,&#8230;<\/p>","protected":false},"featured_media":58,"comment_status":"closed","ping_status":"closed","template":"","meta":{"_kad_blocks_custom_css":"","_kad_blocks_head_custom_js":"","_kad_blocks_body_custom_js":"","_kad_blocks_footer_custom_js":"","_kad_post_transparent":"default","_kad_post_title":"","_kad_post_layout":"default","_kad_post_sidebar_id":"","_kad_post_content_style":"default","_kad_post_vertical_padding":"default","_kad_post_feature":"","_kad_post_feature_position":"","_kad_post_header":false,"_kad_post_footer":false,"_kad_post_classname":""},"product_brand":[20],"product_cat":[21],"product_tag":[],"class_list":{"0":"post-57","1":"product","2":"type-product","3":"status-publish","4":"has-post-thumbnail","6":"product_brand-pamp","7":"product_cat-sztabki-zlota","8":"pa_grubosc-694-mm","9":"pa_metal-zloto","10":"pa_proba-23","11":"pa_rozmiar-35-x-60-mm","12":"pa_waga-250g","14":"first","15":"instock","16":"shipping-taxable","17":"product-type-simple","18":"entry","19":"content-bg","20":"loop-entry"},"taxonomy_info":{"product_brand":[{"value":20,"label":"PAMP"}],"product_cat":[{"value":21,"label":"Sztabki z\u0142ota"}],"pa_grubosc":[{"value":35,"label":"6,94 mm"}],"pa_metal":[{"value":98,"label":"Z\u0142oto"}],"pa_proba":[{"value":23,"label":"999,9"}],"pa_rozmiar":[{"value":33,"label":"35 x 60 mm"}],"pa_waga":[{"value":71,"label":"250g"}]},"featured_image_src_large":["https:\/\/www.mintofgold.com\/wp-content\/uploads\/2025\/02\/250g_fortuna.png",1000,1000,false],"author_info":[],"comment_info":0,"_links":{"self":[{"href":"https:\/\/www.mintofgold.com\/zh\/wp-json\/wp\/v2\/product\/57","targetHints":{"allow":["GET"]}}],"collection":[{"href":"https:\/\/www.mintofgold.com\/zh\/wp-json\/wp\/v2\/product"}],"about":[{"href":"https:\/\/www.mintofgold.com\/zh\/wp-json\/wp\/v2\/types\/product"}],"replies":[{"embeddable":true,"href":"https:\/\/www.mintofgold.com\/zh\/wp-json\/wp\/v2\/comments?post=57"}],"wp:featuredmedia":[{"embeddable":true,"href":"https:\/\/www.mintofgold.com\/zh\/wp-json\/wp\/v2\/media\/58"}],"wp:attachment":[{"href":"https:\/\/www.mintofgold.com\/zh\/wp-json\/wp\/v2\/media?parent=57"}],"wp:term":[{"taxonomy":"product_brand","embeddable":true,"href":"https:\/\/www.mintofgold.com\/zh\/wp-json\/wp\/v2\/product_brand?post=57"},{"taxonomy":"product_cat","embeddable":true,"href":"https:\/\/www.mintofgold.com\/zh\/wp-json\/wp\/v2\/product_cat?post=57"},{"taxonomy":"product_tag","embeddable":true,"href":"https:\/\/www.mintofgold.com\/zh\/wp-json\/wp\/v2\/product_tag?post=57"}],"curies":[{"name":"wp","href":"https:\/\/api.w.org\/{rel}","templated":true}]}}