{"id":55,"date":"2025-02-21T09:04:40","date_gmt":"2025-02-21T08:04:40","guid":{"rendered":"https:\/\/mintofgold.com\/?post_type=product&#038;p=55"},"modified":"2025-02-28T14:13:36","modified_gmt":"2025-02-28T13:13:36","slug":"fortuna-gold-minted-bar-500g","status":"publish","type":"product","link":"https:\/\/www.mintofgold.com\/zh\/fortuna-gold-minted-bar-500g\/","title":{"rendered":"\u798f\u4e34\u95e8\u91d1\u6761 - 500 \u514b"},"content":{"rendered":"<p>PAMP \u662f\u4e16\u754c\u4e0a\u9996\u5c48\u4e00\u6307\u7684\u91d1\u5c5e\u4e50\u961f\u3002\u5728 1979 \u5e74\uff0cLady Fortuna\u2122\uff08\u798f\u661f\u592b\u4eba\uff09\u5728\u827a\u672f\u754c\u5927\u653e\u5f02\u5f69\uff0c\u4ece\u90a3\u65f6\u8d77\uff0c\u5979\u5c31\u6210\u4e86 PAMP \u7684\u8c61\u5f81\u3002\u4f5c\u4e3a\u4e00\u4e2a\u6709\u9b45\u529b\u3001\u6709\u5438\u5f15\u529b\u7684\u54c1\u724c\uff0c\u6211\u4eec\u7684\u76ee\u6807\u662f\u4e3a\u5ba2\u6237\u63d0\u4f9b\u4ee5\u4e0b\u65b9\u9762\u7684\u670d\u52a1\uff1a\u4ea7\u54c1\u3001\u670d\u52a1\u3001\u4ef7\u683c\u548c\u8d22\u5bcc\u3002Lady Fortuna\u2122\uff08\u5e78\u8fd0\u5973\u795e\uff09\u5c06\u4e3a\u60a8\u63d0\u4f9b\u6700\u4f18\u8d28\u3001\u6700\u5148\u8fdb\u7684\u9879\u76ee\u3002.<\/p>","protected":false},"excerpt":{"rendered":"<p>PAMP by\u0142a pierwsz\u0105 mark\u0105 metali szlachetnych, kt\u00f3ra ozdobi\u0142a rewersy swoich sztabek wybitych. Wprowadzona w 1979 roku, Lady Fortuna&#x2122; by\u0142a pierwszym z tych artystycznych motyw\u00f3w i do dzi\u015b jest \u015bwiatowo uznawanym symbolem gwarantuj\u0105cym doskona\u0142\u0105 jako\u015b\u0107 oraz autentyczno\u015b\u0107 PAMP. Z charakterystycznym, przypominaj\u0105cym lustrzany efekt wyko\u0144czeniem, rzymska bogini dobrobytu zosta\u0142a przedstawiona ze wszystkimi swoimi mitycznymi atrybutami: snopami zbo\u017ca,&#8230;<\/p>","protected":false},"featured_media":56,"comment_status":"closed","ping_status":"closed","template":"","meta":{"_kad_blocks_custom_css":"","_kad_blocks_head_custom_js":"","_kad_blocks_body_custom_js":"","_kad_blocks_footer_custom_js":"","_kad_post_transparent":"default","_kad_post_title":"","_kad_post_layout":"default","_kad_post_sidebar_id":"","_kad_post_content_style":"default","_kad_post_vertical_padding":"default","_kad_post_feature":"","_kad_post_feature_position":"","_kad_post_header":false,"_kad_post_footer":false,"_kad_post_classname":""},"product_brand":[20],"product_cat":[21],"product_tag":[],"class_list":{"0":"post-55","1":"product","2":"type-product","3":"status-publish","4":"has-post-thumbnail","6":"product_brand-pamp","7":"product_cat-sztabki-zlota","8":"pa_grubosc-562-mm","9":"pa_metal-zloto","10":"pa_proba-23","11":"pa_rozmiar-54-x-85-5-mm","12":"pa_waga-500g","14":"first","15":"instock","16":"shipping-taxable","17":"product-type-simple","18":"entry","19":"content-bg","20":"loop-entry"},"taxonomy_info":{"product_brand":[{"value":20,"label":"PAMP"}],"product_cat":[{"value":21,"label":"Sztabki z\u0142ota"}],"pa_grubosc":[{"value":32,"label":"5,62 mm"}],"pa_metal":[{"value":98,"label":"Z\u0142oto"}],"pa_proba":[{"value":23,"label":"999,9"}],"pa_rozmiar":[{"value":30,"label":"54 x 85.5 mm"}],"pa_waga":[{"value":70,"label":"500g"}]},"featured_image_src_large":["https:\/\/www.mintofgold.com\/wp-content\/uploads\/2025\/02\/500g_fortuna_0.png",1000,1000,false],"author_info":[],"comment_info":0,"_links":{"self":[{"href":"https:\/\/www.mintofgold.com\/zh\/wp-json\/wp\/v2\/product\/55","targetHints":{"allow":["GET"]}}],"collection":[{"href":"https:\/\/www.mintofgold.com\/zh\/wp-json\/wp\/v2\/product"}],"about":[{"href":"https:\/\/www.mintofgold.com\/zh\/wp-json\/wp\/v2\/types\/product"}],"replies":[{"embeddable":true,"href":"https:\/\/www.mintofgold.com\/zh\/wp-json\/wp\/v2\/comments?post=55"}],"wp:featuredmedia":[{"embeddable":true,"href":"https:\/\/www.mintofgold.com\/zh\/wp-json\/wp\/v2\/media\/56"}],"wp:attachment":[{"href":"https:\/\/www.mintofgold.com\/zh\/wp-json\/wp\/v2\/media?parent=55"}],"wp:term":[{"taxonomy":"product_brand","embeddable":true,"href":"https:\/\/www.mintofgold.com\/zh\/wp-json\/wp\/v2\/product_brand?post=55"},{"taxonomy":"product_cat","embeddable":true,"href":"https:\/\/www.mintofgold.com\/zh\/wp-json\/wp\/v2\/product_cat?post=55"},{"taxonomy":"product_tag","embeddable":true,"href":"https:\/\/www.mintofgold.com\/zh\/wp-json\/wp\/v2\/product_tag?post=55"}],"curies":[{"name":"wp","href":"https:\/\/api.w.org\/{rel}","templated":true}]}}