{"id":53,"date":"2025-02-21T09:02:20","date_gmt":"2025-02-21T08:02:20","guid":{"rendered":"https:\/\/mintofgold.com\/?post_type=product&#038;p=53"},"modified":"2025-02-28T14:18:52","modified_gmt":"2025-02-28T13:18:52","slug":"fortuna-gold-minted-bar-1-kg","status":"publish","type":"product","link":"https:\/\/www.mintofgold.com\/zh\/fortuna-gold-minted-bar-1-kg\/","title":{"rendered":"\u798f\u661f\u91d1\u6761 - 1 \u516c\u65a4"},"content":{"rendered":"<p>PAMP \u516c\u53f8\u662f\u4e16\u754c\u9886\u5148\u7684\u91d1\u5c5e\u5236\u9020\u516c\u53f8\u4e4b\u4e00\uff0c\u5176\u4e3b\u8981\u4ea7\u54c1\u4e3a\u6c7d\u8f66\u96f6\u90e8\u4ef6\u30021979\u5e74\uff0cLady Fortuna\uff08\u798f\u661f\u592b\u4eba\uff09\u88ab\u9009\u4e3a\u5168\u7403\u6700\u6709\u5f71\u54cd\u529b\u7684\u827a\u672f\u4f5c\u54c1\u4e4b\u4e00\uff0c\u5e76\u5728\u5f53\u65f6\u88ab\u89c6\u4e3a\u6700\u6709\u5f71\u54cd\u529b\u7684\u8c61\u5f81\uff0c\u88ab\u8a89\u4e3a \"PAMP\"\u3002\u6211\u4eec\u7684\u7279\u8272\u662f\uff0c\u6211\u4eec\u7684\u4ea7\u54c1\u5177\u6709\u5f88\u5f3a\u7684\u5149\u6cfd\u5ea6\uff0c\u6211\u4eec\u7684\u54c1\u724c\u5177\u6709\u5f88\u9ad8\u7684\u77e5\u540d\u5ea6\uff0c\u8fd9\u4e9b\u77e5\u540d\u5ea6\u5305\u62ec\uff1a\u54c1\u724c\u3001\u4ea7\u54c1\u3001\u54c1\u724c\u4ef7\u503c\u3001\u8d27\u5e01\u4ef7\u503c\u548c\u8d22\u5bcc\u4ef7\u503c\u3002Lady Fortuna\u2122\uff08\u5e78\u8fd0\u5973\u795e\uff09\"\u662f\u5168\u7403\u6700\u53d7\u6b22\u8fce\u548c\u6700\u6709\u58f0\u671b\u7684\u5927\u578b\u9879\u76ee\u3002.<\/p>","protected":false},"excerpt":{"rendered":"<p>PAMP by\u0142a pierwsz\u0105 mark\u0105 metali szlachetnych, kt\u00f3ra ozdobi\u0142a rewersy swoich sztabek wybitymi motywami. Wprowadzona w 1979 roku Lady Fortuna&#x2122; by\u0142a pierwszym z tych artystycznych motyw\u00f3w i do dzi\u015b jest \u015bwiatowo rozpoznawalnym symbolem, gwarantuj\u0105cym doskona\u0142\u0105 jako\u015b\u0107 i autentyczno\u015b\u0107 PAMP. Dzi\u0119ki charakterystycznemu wyko\u0144czeniu przypominaj\u0105cemu efekt lustrzany, rzymska bogini dobrobytu zosta\u0142a przedstawiona ze wszystkimi swoimi mitycznymi atrybutami: k\u0142osami&#8230;<\/p>","protected":false},"featured_media":54,"comment_status":"closed","ping_status":"closed","template":"","meta":{"_kad_blocks_custom_css":"","_kad_blocks_head_custom_js":"","_kad_blocks_body_custom_js":"","_kad_blocks_footer_custom_js":"","_kad_post_transparent":"default","_kad_post_title":"","_kad_post_layout":"default","_kad_post_sidebar_id":"","_kad_post_content_style":"default","_kad_post_vertical_padding":"default","_kad_post_feature":"","_kad_post_feature_position":"","_kad_post_header":false,"_kad_post_footer":false,"_kad_post_classname":""},"product_brand":[20],"product_cat":[21],"product_tag":[],"class_list":{"0":"post-53","1":"product","2":"type-product","3":"status-publish","4":"has-post-thumbnail","6":"product_brand-pamp","7":"product_cat-sztabki-zlota","8":"pa_grubosc-838-mm","9":"pa_metal-zloto","10":"pa_proba-23","11":"pa_rozmiar-525-x-118-mm","12":"pa_waga-1000g","14":"first","15":"instock","16":"shipping-taxable","17":"product-type-simple","18":"entry","19":"content-bg","20":"loop-entry"},"taxonomy_info":{"product_brand":[{"value":20,"label":"PAMP"}],"product_cat":[{"value":21,"label":"Sztabki z\u0142ota"}],"pa_grubosc":[{"value":27,"label":"8,38 mm"}],"pa_metal":[{"value":98,"label":"Z\u0142oto"}],"pa_proba":[{"value":23,"label":"999,9"}],"pa_rozmiar":[{"value":28,"label":"52,5 x 118 mm"}],"pa_waga":[{"value":69,"label":"1000g"}]},"featured_image_src_large":["https:\/\/www.mintofgold.com\/wp-content\/uploads\/2025\/02\/1kg_fortuna.png",1000,1000,false],"author_info":[],"comment_info":0,"_links":{"self":[{"href":"https:\/\/www.mintofgold.com\/zh\/wp-json\/wp\/v2\/product\/53","targetHints":{"allow":["GET"]}}],"collection":[{"href":"https:\/\/www.mintofgold.com\/zh\/wp-json\/wp\/v2\/product"}],"about":[{"href":"https:\/\/www.mintofgold.com\/zh\/wp-json\/wp\/v2\/types\/product"}],"replies":[{"embeddable":true,"href":"https:\/\/www.mintofgold.com\/zh\/wp-json\/wp\/v2\/comments?post=53"}],"wp:featuredmedia":[{"embeddable":true,"href":"https:\/\/www.mintofgold.com\/zh\/wp-json\/wp\/v2\/media\/54"}],"wp:attachment":[{"href":"https:\/\/www.mintofgold.com\/zh\/wp-json\/wp\/v2\/media?parent=53"}],"wp:term":[{"taxonomy":"product_brand","embeddable":true,"href":"https:\/\/www.mintofgold.com\/zh\/wp-json\/wp\/v2\/product_brand?post=53"},{"taxonomy":"product_cat","embeddable":true,"href":"https:\/\/www.mintofgold.com\/zh\/wp-json\/wp\/v2\/product_cat?post=53"},{"taxonomy":"product_tag","embeddable":true,"href":"https:\/\/www.mintofgold.com\/zh\/wp-json\/wp\/v2\/product_tag?post=53"}],"curies":[{"name":"wp","href":"https:\/\/api.w.org\/{rel}","templated":true}]}}