{"id":48,"date":"2025-02-21T09:00:55","date_gmt":"2025-02-21T08:00:55","guid":{"rendered":"https:\/\/mintofgold.com\/?post_type=product&#038;p=48"},"modified":"2025-02-28T14:19:11","modified_gmt":"2025-02-28T13:19:11","slug":"newmont-1oz-pure-gold-bar-lady-of-liberty","status":"publish","type":"product","link":"https:\/\/www.mintofgold.com\/zh\/newmont-1oz-pure-gold-bar-lady-of-liberty\/","title":{"rendered":"\u7ebd\u8499\u7279 1 \u76ce\u53f8\u7eaf\u91d1\u6761 - \u81ea\u7531\u5973\u795e"},"content":{"rendered":"<p>PAMP\/Newmont 1\u76ce\u53f8\u81ea\u7531\u5973\u795e\u8155\u8868\u662f\u4e00\u6b3e\u7531\u7ebd\u8499\u3001MKS PAMP \u548c Provenance \u5171\u540c\u8bbe\u8ba1\u7684\u8155\u8868\u3002\u8be5\u9879\u76ee\u91c7\u7528\u4e86\u88c5\u9970\u827a\u672f\u98ce\u683c\uff0c\u8c61\u5f81\u7740\u81ea\u7531\u5973\u795e\u3001\u6c11\u4e3b\u548c\u6b63\u4e49\u3002\u4f5c\u4e3a\u81ea\u7531\u5973\u795e\u7684\u8c61\u5f81\uff0c\u5979\u4ee3\u8868\u4e86\u6c11\u4e3b\u7684\u7406\u5ff5\uff0c\u4e5f\u662f\u4e16\u754c\u4e0a\u6700\u4f1f\u5927\u7684\u5973\u6027\u4e4b\u4e00\u3002.<\/p>\n<p>\u7ebd\u8499\u7279\u516c\u53f8\u662f\u4e00\u5bb6\u5728\u5168\u7403\u8303\u56f4\u5185\u62e5\u6709\u591a\u5bb6\u5b50\u516c\u53f8\u7684\u516c\u53f8\u3002\u516c\u53f8\u7684\u6295\u8d44\u7ec4\u5408\uff0c\u5305\u62ec\u6280\u672f\u3001\u89c2\u70b9\u548c\u4eba\u624d\uff0c\u5c06\u5728\u975e\u6d32\u3001\u6fb3\u5927\u5229\u4e9a\u3001\u514b\u7f57\u5730\u4e9a\u3001\u6ce2\u7f57\u7684\u6d77\u5730\u533a\u548c\u5df4\u5e03\u4e9a\u65b0\u51e0\u5185\u4e9a\u7684\u4e3b\u8981\u77ff\u4e1a\u516c\u53f8\u4e2d\u53d1\u6325\u4f5c\u7528\u3002\u7ebd\u8499\u7279\u5728\u6807\u51c6\u666e\u5c14 500 \u6307\u6570\u4e2d\u540d\u5217\u524d\u8305\uff0c\u5e76\u5728\u73af\u5883\u3001\u793e\u4f1a\u8d23\u4efb\u548c\u4f01\u4e1a\u793e\u4f1a\u8d23\u4efb\uff08ESG\uff09\u65b9\u9762\u62e5\u6709\u4e30\u5bcc\u7684\u7ecf\u9a8c\u3002\u7ebd\u8499\u7279\u662f\u5168\u7403\u9886\u5148\u7684\u77ff\u4e1a\u516c\u53f8\uff0c\u62e5\u6709\u4e25\u683c\u7684\u6807\u51c6\u3001\u5148\u8fdb\u7684\u751f\u4ea7\u5de5\u827a\u548c\u6280\u672f\u3002\u516c\u53f8\u4e8e 1921 \u5e74\u6210\u7acb\uff0c1925 \u5e74\u505c\u6b62\u8fd0\u8425\u3002.<\/p>","protected":false},"excerpt":{"rendered":"<p>Sztabka czystego z\u0142ota PAMP\/Newmont 1 oz Lady of Liberty to sztabka z\u0142ota, kt\u00f3r\u0105 mo\u017cna prze\u015bledzi\u0107 od kopalni do rynku, wykonana wy\u0142\u0105cznie ze z\u0142ota wydobywanego przez Newmont, rafinowana i bita przez MKS PAMP w Szwajcarii \u2013 wspierana przez Provenance. Ta pi\u0119kna sztabka prezentuje interpretacj\u0119 projektu w stylu Art Deco, przedstawiaj\u0105c\u0105 Lady of Liberty, symbol wolno\u015bci, demokracji&#8230;<\/p>","protected":false},"featured_media":49,"comment_status":"closed","ping_status":"closed","template":"","meta":{"_kad_blocks_custom_css":"","_kad_blocks_head_custom_js":"","_kad_blocks_body_custom_js":"","_kad_blocks_footer_custom_js":"","_kad_post_transparent":"default","_kad_post_title":"","_kad_post_layout":"default","_kad_post_sidebar_id":"","_kad_post_content_style":"default","_kad_post_vertical_padding":"default","_kad_post_feature":"","_kad_post_feature_position":"","_kad_post_header":false,"_kad_post_footer":false,"_kad_post_classname":""},"product_brand":[20],"product_cat":[21],"product_tag":[],"class_list":{"0":"post-48","1":"product","2":"type-product","3":"status-publish","4":"has-post-thumbnail","6":"product_brand-pamp","7":"product_cat-sztabki-zlota","8":"pa_grubosc-166-mm","9":"pa_metal-zloto","10":"pa_proba-23","11":"pa_rozmiar-24x41-mm","12":"pa_waga-1-ounce","14":"first","15":"instock","16":"shipping-taxable","17":"product-type-simple","18":"entry","19":"content-bg","20":"loop-entry"},"taxonomy_info":{"product_brand":[{"value":20,"label":"PAMP"}],"product_cat":[{"value":21,"label":"Sztabki z\u0142ota"}],"pa_grubosc":[{"value":26,"label":"1,66 mm"}],"pa_metal":[{"value":98,"label":"Z\u0142oto"}],"pa_proba":[{"value":23,"label":"999,9"}],"pa_rozmiar":[{"value":24,"label":"24x41 mm"}],"pa_waga":[{"value":68,"label":"1 Ounce"}]},"featured_image_src_large":["https:\/\/www.mintofgold.com\/wp-content\/uploads\/2025\/02\/lady-of-liberty_reverse_certipamp_0.png",1000,1000,false],"author_info":[],"comment_info":0,"_links":{"self":[{"href":"https:\/\/www.mintofgold.com\/zh\/wp-json\/wp\/v2\/product\/48","targetHints":{"allow":["GET"]}}],"collection":[{"href":"https:\/\/www.mintofgold.com\/zh\/wp-json\/wp\/v2\/product"}],"about":[{"href":"https:\/\/www.mintofgold.com\/zh\/wp-json\/wp\/v2\/types\/product"}],"replies":[{"embeddable":true,"href":"https:\/\/www.mintofgold.com\/zh\/wp-json\/wp\/v2\/comments?post=48"}],"wp:featuredmedia":[{"embeddable":true,"href":"https:\/\/www.mintofgold.com\/zh\/wp-json\/wp\/v2\/media\/49"}],"wp:attachment":[{"href":"https:\/\/www.mintofgold.com\/zh\/wp-json\/wp\/v2\/media?parent=48"}],"wp:term":[{"taxonomy":"product_brand","embeddable":true,"href":"https:\/\/www.mintofgold.com\/zh\/wp-json\/wp\/v2\/product_brand?post=48"},{"taxonomy":"product_cat","embeddable":true,"href":"https:\/\/www.mintofgold.com\/zh\/wp-json\/wp\/v2\/product_cat?post=48"},{"taxonomy":"product_tag","embeddable":true,"href":"https:\/\/www.mintofgold.com\/zh\/wp-json\/wp\/v2\/product_tag?post=48"}],"curies":[{"name":"wp","href":"https:\/\/api.w.org\/{rel}","templated":true}]}}