{"id":303,"date":"2025-02-13T14:41:06","date_gmt":"2025-02-13T13:41:06","guid":{"rendered":"https:\/\/mintofgold.com\/?post_type=product&#038;p=303"},"modified":"2025-02-26T12:08:49","modified_gmt":"2025-02-26T11:08:49","slug":"the-family-10g","status":"publish","type":"product","link":"https:\/\/www.mintofgold.com\/zh\/the-family-10g\/","title":{"rendered":"\u5bb6\u5ead - 10g"},"content":{"rendered":"","protected":false},"excerpt":{"rendered":"<p>Ten wzruszaj\u0105cy projekt przedstawia tradycyjn\u0105 arabsk\u0105 rodzin\u0119 zgromadzon\u0105 wok\u00f3\u0142 majlis, tradycyjnego miejsca do siedzenia, na pustyni.\u5728\u8fd9\u91cc\uff0c\u4f60\u4f1a\u53d1\u73b0\u8bb8\u591a\u65b0\u5947\u7684\u4e8b\u7269\uff0c\u4f60\u53ef\u4ee5\u4e0e\u4ed6\u4eec\u5efa\u7acb\u8054\u7cfb\uff0c\u4e5f\u53ef\u4ee5\u548c\u4ed6\u4eec\u4e00\u8d77\u5de5\u4f5c\u3002.<\/p>","protected":false},"featured_media":577,"comment_status":"closed","ping_status":"closed","template":"","meta":{"_kad_blocks_custom_css":"","_kad_blocks_head_custom_js":"","_kad_blocks_body_custom_js":"","_kad_blocks_footer_custom_js":"","_kad_post_transparent":"default","_kad_post_title":"","_kad_post_layout":"default","_kad_post_sidebar_id":"","_kad_post_content_style":"default","_kad_post_vertical_padding":"default","_kad_post_feature":"","_kad_post_feature_position":"","_kad_post_header":false,"_kad_post_footer":false,"_kad_post_classname":""},"product_brand":[140],"product_cat":[21],"product_tag":[],"class_list":{"0":"post-303","1":"product","2":"type-product","3":"status-publish","4":"has-post-thumbnail","6":"product_brand-emirates-gold","7":"product_cat-sztabki-zlota","8":"pa_metal-zloto","9":"pa_proba-24-k","10":"pa_rodzaj-certyfikowana-bita-sztabka","11":"pa_waga-10g","13":"first","14":"instock","15":"shipping-taxable","16":"product-type-simple","17":"entry","18":"content-bg","19":"loop-entry"},"taxonomy_info":{"product_brand":[{"value":140,"label":"EMIRATES GOLD"}],"product_cat":[{"value":21,"label":"Sztabki z\u0142ota"}],"pa_metal":[{"value":98,"label":"Z\u0142oto"}],"pa_proba":[{"value":139,"label":"24 K"}],"pa_rodzaj":[{"value":138,"label":"Certyfikowana bita sztabka"}],"pa_waga":[{"value":79,"label":"10g"}]},"featured_image_src_large":["https:\/\/www.mintofgold.com\/wp-content\/uploads\/2025\/02\/the-family-10g-a-1024x1024.png",1024,1024,true],"author_info":[],"comment_info":0,"_links":{"self":[{"href":"https:\/\/www.mintofgold.com\/zh\/wp-json\/wp\/v2\/product\/303","targetHints":{"allow":["GET"]}}],"collection":[{"href":"https:\/\/www.mintofgold.com\/zh\/wp-json\/wp\/v2\/product"}],"about":[{"href":"https:\/\/www.mintofgold.com\/zh\/wp-json\/wp\/v2\/types\/product"}],"replies":[{"embeddable":true,"href":"https:\/\/www.mintofgold.com\/zh\/wp-json\/wp\/v2\/comments?post=303"}],"wp:featuredmedia":[{"embeddable":true,"href":"https:\/\/www.mintofgold.com\/zh\/wp-json\/wp\/v2\/media\/577"}],"wp:attachment":[{"href":"https:\/\/www.mintofgold.com\/zh\/wp-json\/wp\/v2\/media?parent=303"}],"wp:term":[{"taxonomy":"product_brand","embeddable":true,"href":"https:\/\/www.mintofgold.com\/zh\/wp-json\/wp\/v2\/product_brand?post=303"},{"taxonomy":"product_cat","embeddable":true,"href":"https:\/\/www.mintofgold.com\/zh\/wp-json\/wp\/v2\/product_cat?post=303"},{"taxonomy":"product_tag","embeddable":true,"href":"https:\/\/www.mintofgold.com\/zh\/wp-json\/wp\/v2\/product_tag?post=303"}],"curies":[{"name":"wp","href":"https:\/\/api.w.org\/{rel}","templated":true}]}}