{"id":279,"date":"2025-02-13T14:27:45","date_gmt":"2025-02-13T13:27:45","guid":{"rendered":"https:\/\/mintofgold.com\/?post_type=product&#038;p=279"},"modified":"2025-02-26T12:13:18","modified_gmt":"2025-02-26T11:13:18","slug":"the-dhow-1-ounce","status":"publish","type":"product","link":"https:\/\/www.mintofgold.com\/zh\/the-dhow-1-ounce\/","title":{"rendered":"\u72ec\u6845\u5e06\u8239 - 1 \u76ce\u53f8"},"content":{"rendered":"","protected":false},"excerpt":{"rendered":"<p>Dostojny dhow, tradycyjny drewniany \u017caglowiec, jest przedstawiony z pe\u0142nymi \u017caglami na tej sztabce z\u0142ota.\u8fd9\u4e9b\u4f5c\u54c1\u7684\u72ec\u7279\u4e4b\u5904\u5728\u4e8e\uff0c\u5b83\u4eec\u5177\u6709\u72ec\u7279\u7684\u5386\u53f2\u610f\u4e49\u3001\u4f18\u96c5\u7684\u98ce\u683c\u4ee5\u53ca\u5bf9\u5386\u53f2\u533a\u57df\u7684\u72ec\u7279\u8ba4\u8bc6\u3002.<\/p>","protected":false},"featured_media":584,"comment_status":"closed","ping_status":"closed","template":"","meta":{"_kad_blocks_custom_css":"","_kad_blocks_head_custom_js":"","_kad_blocks_body_custom_js":"","_kad_blocks_footer_custom_js":"","_kad_post_transparent":"default","_kad_post_title":"","_kad_post_layout":"default","_kad_post_sidebar_id":"","_kad_post_content_style":"default","_kad_post_vertical_padding":"default","_kad_post_feature":"","_kad_post_feature_position":"","_kad_post_header":false,"_kad_post_footer":false,"_kad_post_classname":""},"product_brand":[140],"product_cat":[21],"product_tag":[],"class_list":{"0":"post-279","1":"product","2":"type-product","3":"status-publish","4":"has-post-thumbnail","6":"product_brand-emirates-gold","7":"product_cat-sztabki-zlota","8":"pa_metal-zloto","9":"pa_proba-24-k","10":"pa_rodzaj-certyfikowana-bita-sztabka","11":"pa_waga-1-oz-t","13":"first","14":"instock","15":"shipping-taxable","16":"product-type-simple","17":"entry","18":"content-bg","19":"loop-entry"},"taxonomy_info":{"product_brand":[{"value":140,"label":"EMIRATES GOLD"}],"product_cat":[{"value":21,"label":"Sztabki z\u0142ota"}],"pa_metal":[{"value":98,"label":"Z\u0142oto"}],"pa_proba":[{"value":139,"label":"24 K"}],"pa_rodzaj":[{"value":138,"label":"Certyfikowana bita sztabka"}],"pa_waga":[{"value":76,"label":"1 oz t"}]},"featured_image_src_large":["https:\/\/www.mintofgold.com\/wp-content\/uploads\/2025\/02\/the-dhow-1-ounce-a-1024x1024.png",1024,1024,true],"author_info":[],"comment_info":0,"_links":{"self":[{"href":"https:\/\/www.mintofgold.com\/zh\/wp-json\/wp\/v2\/product\/279","targetHints":{"allow":["GET"]}}],"collection":[{"href":"https:\/\/www.mintofgold.com\/zh\/wp-json\/wp\/v2\/product"}],"about":[{"href":"https:\/\/www.mintofgold.com\/zh\/wp-json\/wp\/v2\/types\/product"}],"replies":[{"embeddable":true,"href":"https:\/\/www.mintofgold.com\/zh\/wp-json\/wp\/v2\/comments?post=279"}],"wp:featuredmedia":[{"embeddable":true,"href":"https:\/\/www.mintofgold.com\/zh\/wp-json\/wp\/v2\/media\/584"}],"wp:attachment":[{"href":"https:\/\/www.mintofgold.com\/zh\/wp-json\/wp\/v2\/media?parent=279"}],"wp:term":[{"taxonomy":"product_brand","embeddable":true,"href":"https:\/\/www.mintofgold.com\/zh\/wp-json\/wp\/v2\/product_brand?post=279"},{"taxonomy":"product_cat","embeddable":true,"href":"https:\/\/www.mintofgold.com\/zh\/wp-json\/wp\/v2\/product_cat?post=279"},{"taxonomy":"product_tag","embeddable":true,"href":"https:\/\/www.mintofgold.com\/zh\/wp-json\/wp\/v2\/product_tag?post=279"}],"curies":[{"name":"wp","href":"https:\/\/api.w.org\/{rel}","templated":true}]}}