{"id":199,"date":"2025-02-16T08:06:16","date_gmt":"2025-02-16T07:06:16","guid":{"rendered":"https:\/\/mintofgold.com\/?post_type=product&#038;p=199"},"modified":"2025-02-26T13:37:00","modified_gmt":"2025-02-26T12:37:00","slug":"kangaroo-1-oz-gold-minted-bar","status":"publish","type":"product","link":"https:\/\/www.mintofgold.com\/zh\/kangaroo-1-oz-gold-minted-bar\/","title":{"rendered":"\u888b\u9f20 1 \u76ce\u53f8\u9ec4\u91d1\u94f8\u6761"},"content":{"rendered":"<p data-start=\"0\" data-end=\"43\"><strong>Zalety sztabek bulionowych<br \/>\n<\/strong>\u5728\u4f26\u6566\u91d1\u94f6\u5e02\u573a\u534f\u4f1a\uff08LBMA\uff09\u73c0\u65af\u5206\u4f1a\uff08LBMA Mennicy Perth\uff09\uff0c\u6709 99,99% \u7684\u5e93\u5b58\u3002.<\/p>\n<p data-start=\"269\" data-end=\"472\" data-is-last-node=\"\" data-is-only-node=\"\">\u5728\u7b2c 1 \u7ae0\u4e2d\uff0c\u60a8\u53ef\u4ee5\u770b\u5230\u201e...... \u201d\u6807\u8bc6\u3002\u73c0\u65af\u95e8\u5c3c\u5e0c\u7684 \"\u0142ab\u0119dia \"\u6807\u5fd7\uff0c\u4ee5\u53ca\u98ce\u683c\u72ec\u7279\u7684\u56fe\u6848\u3002.<\/p>\n<p data-start=\"0\" data-end=\"48\"><strong data-start=\"0\" data-end=\"46\">Opakowanie zabezpieczone przed manipulacj\u0105<br \/>\n<\/strong>Ka\u017cda wybita sztabka jest zapakowana w opakowanie zabezpieczone przed manipulacj\u0105.Je\u015bli karta zostanie naruszona, na kraw\u0119dziach blistra pojawi si\u0119 s\u0142owo \u201eVOID\u201d.\u73c0\u65af Mennicy \u7684\u6807\u5fd7\u989c\u8272\u9c9c\u8273\u3001\u9192\u76ee\u3002.<\/p>","protected":false},"excerpt":{"rendered":"<p data-start=\"0\" data-end=\"114\">\u5728\u73c0\u65af\u95e8\u5c3c\u7434\u535a\u7269\u9986\u7684 1 \u53f7\u5c55\u5385\u4e2d\uff0c\u6211\u4eec\u770b\u5230\u4e86\u5f88\u591a\u5173\u4e8e\u73c0\u65af\u95e8\u5c3c\u7434\u535a\u7269\u9986\u7684\u8d44\u6599\uff0c\u5176\u4e2d\u5305\u62ec \"\u73c0\u65af\u95e8\u5c3c\u7434\u535a\u7269\u9986\"\u3001\"\u73c0\u65af\u95e8\u5c3c\u7434\u535a\u7269\u9986\"\u3001\"\u73c0\u65af\u95e8\u5c3c\u7434\u535a\u7269\u9986\"\u3001\"\u73c0\u65af\u95e8\u5c3c\u7434\u535a\u7269\u9986 \"\u548c \"\u73c0\u65af\u95e8\u5c3c\u7434\u535a\u7269\u9986\"\u3002.<\/p>\n<p data-start=\"116\" data-end=\"137\"><strong data-start=\"116\" data-end=\"135\">Kluczowe cechy\uff1a<\/strong><\/p>\n<ul data-start=\"139\" data-end=\"293\" data-is-last-node=\"\" data-is-only-node=\"\">\n<li data-start=\"139\" data-end=\"167\">99,99%<\/li>\n<li data-start=\"168\" data-end=\"229\">\u5728\u4f26\u6566\u91d1\u94f6\u4e1a\u8d38\u6613\u534f\u4f1a\uff08LBMA\uff09\u6216\u5176\u4ed6\u5730\u65b9\u5f00\u5c55\u6d3b\u52a8<\/li>\n<li data-start=\"230\" data-end=\"293\" data-is-last-node=\"\">Opakzepieczone przed manipulacj\u0105 z numerem seryjnym<\/li>\n<\/ul>","protected":false},"featured_media":613,"comment_status":"closed","ping_status":"closed","template":"","meta":{"_kad_blocks_custom_css":"","_kad_blocks_head_custom_js":"","_kad_blocks_body_custom_js":"","_kad_blocks_footer_custom_js":"","_kad_post_transparent":"default","_kad_post_title":"","_kad_post_layout":"default","_kad_post_sidebar_id":"","_kad_post_content_style":"default","_kad_post_vertical_padding":"default","_kad_post_feature":"","_kad_post_feature_position":"","_kad_post_header":false,"_kad_post_footer":false,"_kad_post_classname":""},"product_brand":[118],"product_cat":[21],"product_tag":[],"class_list":{"0":"post-199","1":"product","2":"type-product","3":"status-publish","4":"has-post-thumbnail","6":"product_brand-the-perth-mint","7":"product_cat-sztabki-zlota","8":"pa_metal-zloto","9":"pa_rozmiar-41-60-x-24-60-x-2-80-mm","11":"first","12":"instock","13":"shipping-taxable","14":"product-type-simple","15":"entry","16":"content-bg","17":"loop-entry"},"taxonomy_info":{"product_brand":[{"value":118,"label":"THE PERTH MINT"}],"product_cat":[{"value":21,"label":"Sztabki z\u0142ota"}],"pa_metal":[{"value":98,"label":"Z\u0142oto"}],"pa_rozmiar":[{"value":129,"label":"41.60 x 24.60 x 2.80 mm"}]},"featured_image_src_large":["https:\/\/www.mintofgold.com\/wp-content\/uploads\/2025\/02\/kangaroo-1oz-gold-minted-bar-the-perth-tpm-1024x1024.png",1024,1024,true],"author_info":[],"comment_info":0,"_links":{"self":[{"href":"https:\/\/www.mintofgold.com\/zh\/wp-json\/wp\/v2\/product\/199","targetHints":{"allow":["GET"]}}],"collection":[{"href":"https:\/\/www.mintofgold.com\/zh\/wp-json\/wp\/v2\/product"}],"about":[{"href":"https:\/\/www.mintofgold.com\/zh\/wp-json\/wp\/v2\/types\/product"}],"replies":[{"embeddable":true,"href":"https:\/\/www.mintofgold.com\/zh\/wp-json\/wp\/v2\/comments?post=199"}],"wp:featuredmedia":[{"embeddable":true,"href":"https:\/\/www.mintofgold.com\/zh\/wp-json\/wp\/v2\/media\/613"}],"wp:attachment":[{"href":"https:\/\/www.mintofgold.com\/zh\/wp-json\/wp\/v2\/media?parent=199"}],"wp:term":[{"taxonomy":"product_brand","embeddable":true,"href":"https:\/\/www.mintofgold.com\/zh\/wp-json\/wp\/v2\/product_brand?post=199"},{"taxonomy":"product_cat","embeddable":true,"href":"https:\/\/www.mintofgold.com\/zh\/wp-json\/wp\/v2\/product_cat?post=199"},{"taxonomy":"product_tag","embeddable":true,"href":"https:\/\/www.mintofgold.com\/zh\/wp-json\/wp\/v2\/product_tag?post=199"}],"curies":[{"name":"wp","href":"https:\/\/api.w.org\/{rel}","templated":true}]}}