{"id":197,"date":"2025-02-16T08:04:37","date_gmt":"2025-02-16T07:04:37","guid":{"rendered":"https:\/\/mintofgold.com\/?post_type=product&#038;p=197"},"modified":"2025-02-26T13:35:23","modified_gmt":"2025-02-26T12:35:23","slug":"kangaroo-50g-gold-minted-bar","status":"publish","type":"product","link":"https:\/\/www.mintofgold.com\/zh\/kangaroo-50g-gold-minted-bar\/","title":{"rendered":"\u888b\u9f20 50 \u514b\u8584\u8377\u91d1\u6761"},"content":{"rendered":"<p data-start=\"0\" data-end=\"43\"><strong>Zalety sztabek bulionowych<br \/>\n<\/strong>\u5728\u4f26\u6566\u91d1\u94f6\u5e02\u573a\u534f\u4f1a\uff08LBMA\uff09\u73c0\u65af\u5206\u4f1a\uff08LBMA Mennicy Perth\uff09\uff0c\u6709 99,99% \u7684\u5e93\u5b58\u3002.<\/p>\n<p data-start=\"269\" data-end=\"479\" data-is-last-node=\"\" data-is-only-node=\"\">\u73c0\u65af Mennicy 50 \u514b\u91cd\u7684 \u201e\u0142ab\u0119dia\u201d \u5fbd\u6807\uff0c\u5177\u6709\u72ec\u7279\u7684\u98ce\u683c\u3002.<\/p>\n<p data-start=\"0\" data-end=\"48\"><strong data-start=\"0\" data-end=\"46\">Opakowanie zabezpieczone przed manipulacj\u0105<br \/>\n<\/strong>Ka\u017cda wybita sztabka jest zapakowana w opakowanie zabezpieczone przed manipulacj\u0105.Je\u015bli karta zostanie naruszona, na kraw\u0119dziach blistra pojawi si\u0119 s\u0142owo \u201eVOID\u201d.\u73c0\u65af Mennicy \u7684\u6807\u5fd7\u989c\u8272\u9c9c\u8273\u3001\u9192\u76ee\u3002.<\/p>","protected":false},"excerpt":{"rendered":"<p>\u73c0\u65af\u9020\u5e01\u5382\u751f\u4ea7\u7684 50 \u514b\u91cd\u7684\u5c0f\u725b\u76ae\u53ef\u5b58\u653e\u5728\u73c0\u65af\u9020\u5e01\u5382\u3002.<\/p>\n<p data-start=\"0\" data-end=\"17\"><strong>Kluczowe cechy\uff1a<\/strong><\/p>\n<ul data-start=\"19\" data-end=\"181\" data-is-last-node=\"\" data-is-only-node=\"\">\n<li data-start=\"19\" data-end=\"47\">99,99%<\/li>\n<li data-start=\"48\" data-end=\"117\">\u5728 LBMA \u6216\u5176\u4ed6\u8d27\u5e01\u5e02\u573a\u4e0a\u8fdb\u884c\u4ea4\u6613<\/li>\n<li data-start=\"118\" data-end=\"181\" data-is-last-node=\"\">Opakzepieczone przed manipulacj\u0105 z numerem seryjnym<\/li>\n<\/ul>\n<p>&nbsp;<\/p>","protected":false},"featured_media":612,"comment_status":"closed","ping_status":"closed","template":"","meta":{"_kad_blocks_custom_css":"","_kad_blocks_head_custom_js":"","_kad_blocks_body_custom_js":"","_kad_blocks_footer_custom_js":"","_kad_post_transparent":"default","_kad_post_title":"","_kad_post_layout":"default","_kad_post_sidebar_id":"","_kad_post_content_style":"default","_kad_post_vertical_padding":"default","_kad_post_feature":"","_kad_post_feature_position":"","_kad_post_header":false,"_kad_post_footer":false,"_kad_post_classname":""},"product_brand":[118],"product_cat":[21],"product_tag":[],"class_list":{"0":"post-197","1":"product","2":"type-product","3":"status-publish","4":"has-post-thumbnail","6":"product_brand-the-perth-mint","7":"product_cat-sztabki-zlota","8":"pa_metal-zloto","9":"pa_proba-99-99","10":"pa_rozmiar-47-60-x-27-60-mm","12":"first","13":"instock","14":"shipping-taxable","15":"product-type-simple","16":"entry","17":"content-bg","18":"loop-entry"},"taxonomy_info":{"product_brand":[{"value":118,"label":"THE PERTH MINT"}],"product_cat":[{"value":21,"label":"Sztabki z\u0142ota"}],"pa_metal":[{"value":98,"label":"Z\u0142oto"}],"pa_proba":[{"value":119,"label":"99.99%"}],"pa_rozmiar":[{"value":128,"label":"47.60 x 27.60 mm"}]},"featured_image_src_large":["https:\/\/www.mintofgold.com\/wp-content\/uploads\/2025\/02\/kangaroo-50g-gold-minted-bar-the-perth-tpm-1024x1024.png",1024,1024,true],"author_info":[],"comment_info":0,"_links":{"self":[{"href":"https:\/\/www.mintofgold.com\/zh\/wp-json\/wp\/v2\/product\/197","targetHints":{"allow":["GET"]}}],"collection":[{"href":"https:\/\/www.mintofgold.com\/zh\/wp-json\/wp\/v2\/product"}],"about":[{"href":"https:\/\/www.mintofgold.com\/zh\/wp-json\/wp\/v2\/types\/product"}],"replies":[{"embeddable":true,"href":"https:\/\/www.mintofgold.com\/zh\/wp-json\/wp\/v2\/comments?post=197"}],"wp:featuredmedia":[{"embeddable":true,"href":"https:\/\/www.mintofgold.com\/zh\/wp-json\/wp\/v2\/media\/612"}],"wp:attachment":[{"href":"https:\/\/www.mintofgold.com\/zh\/wp-json\/wp\/v2\/media?parent=197"}],"wp:term":[{"taxonomy":"product_brand","embeddable":true,"href":"https:\/\/www.mintofgold.com\/zh\/wp-json\/wp\/v2\/product_brand?post=197"},{"taxonomy":"product_cat","embeddable":true,"href":"https:\/\/www.mintofgold.com\/zh\/wp-json\/wp\/v2\/product_cat?post=197"},{"taxonomy":"product_tag","embeddable":true,"href":"https:\/\/www.mintofgold.com\/zh\/wp-json\/wp\/v2\/product_tag?post=197"}],"curies":[{"name":"wp","href":"https:\/\/api.w.org\/{rel}","templated":true}]}}