{"id":184,"date":"2025-02-17T13:02:21","date_gmt":"2025-02-17T12:02:21","guid":{"rendered":"https:\/\/mintofgold.com\/?post_type=product&#038;p=184"},"modified":"2025-02-27T11:06:56","modified_gmt":"2025-02-27T10:06:56","slug":"polar-bears-privy-mark-1-10-oz-99-99","status":"publish","type":"product","link":"https:\/\/www.mintofgold.com\/zh\/polar-bears-privy-mark-1-10-oz-99-99\/","title":{"rendered":"\u5317\u6781\u718a\u7279\u6743\u6807\u8bb0 - 1\/10 \u76ce\u53f8 99.99%"},"content":{"rendered":"<p data-start=\"0\" data-end=\"117\">Podaruj trwa\u0142y upominek w postaci ikonicznej z\u0142otej monety bulionowej Li\u015b\u0107 Klonowy ze specjalnym znakiem prywatnym.<br \/>\nCeniony Z\u0142oty Li\u015b\u0107 Klonowy to produkt Premium Bullion w specjalnym opakowaniu, stworzony z my\u015bl\u0105 o \u015bwi\u0119towaniu najwa\u017cniejszych chwil w \u017cyciu.<\/p>\n<p data-start=\"272\" data-end=\"825\">Przedstawiaj\u0105ca wizerunek <strong data-start=\"298\" data-end=\"341\">Jego Kr\u00f3lewskiej Mo\u015bci Kr\u00f3la Karola III<\/strong>, z\u0142ota moneta bulionowa <strong data-start=\"366\" data-end=\"401\">Ceniony Z\u0142oty Li\u015b\u0107 Klonowy 2025<\/strong> sprawia, \u017ce kolekcjonowanie lub podarowanie <strong data-start=\"446\" data-end=\"471\">99,99% czystego z\u0142ota<\/strong> staje si\u0119 wyj\u0105tkowym gestem \u2013 to trwa\u0142y upominek, kt\u00f3ry jest zar\u00f3wno cenny, jak i czysty.<br data-start=\"561\" data-end=\"564\" \/>Ka\u017cda moneta zawiera <strong data-start=\"585\" data-end=\"654\">specjalny znak prywatny z wizerunkiem dw\u00f3ch nied\u017awiedzi polarnych<\/strong>, pomagaj\u0105c uczci\u0107 wa\u017cne chwile. Ka\u017cdy <strong data-start=\"693\" data-end=\"723\">Ceniony Z\u0142oty Li\u015b\u0107 Klonowy<\/strong> dostarcza niezr\u00f3wnanej jako\u015bci, kunsztu i czysto\u015bci, z kt\u00f3rych s\u0142ynie Kanadyjska Mennica Kr\u00f3lewska.<\/p>\n<p data-start=\"827\" data-end=\"889\"><strong data-start=\"831\" data-end=\"887\">Premium Bullion od Kanadyjskiej Mennicy Kr\u00f3lewskiej:<br \/>\n<\/strong>Kiedy \u017cycie wymaga czego\u015b wyj\u0105tkowego.<\/p>\n<p data-start=\"932\" data-end=\"962\"><strong data-start=\"936\" data-end=\"960\">Specjalne opakowanie<br \/>\n<\/strong>Dlaczego nazywa si\u0119 to Premium Bullion?<br data-start=\"1007\" data-end=\"1010\" \/>Twoja moneta <strong data-start=\"1023\" data-end=\"1042\">Premium Bullion<\/strong> jest <strong data-start=\"1048\" data-end=\"1081\">zamkni\u0119ta w kapsule ochronnej<\/strong> i zaprezentowana w <strong data-start=\"1101\" data-end=\"1157\">indywidualnie zaprojektowanym opakowaniu tematycznym<\/strong>. Na <strong data-start=\"1162\" data-end=\"1189\">przedniej stronie karty<\/strong> umieszczono <strong data-start=\"1202\" data-end=\"1234\">\u0142atwy do zeskanowania kod QR<\/strong>, kt\u00f3ry prowadzi do strony internetowej z informacjami o \u015bwiecie bulionu.<\/p>","protected":false},"excerpt":{"rendered":"<p>Podaruj trwa\u0142y upominek w postaci ikonicznej z\u0142otej monety bulionowej Li\u015b\u0107 Klonowy ze specjalnym znakiem prywatnym. Ceniony Z\u0142oty Li\u015b\u0107 Klonowy to produkt Premium Bullion w specjalnym opakowaniu, stworzony z my\u015bl\u0105 o \u015bwi\u0119towaniu najwa\u017cniejszych chwil w \u017cyciu. Przedstawiaj\u0105ca wizerunek Jego Kr\u00f3lewskiej Mo\u015bci Kr\u00f3la Karola III, z\u0142ota moneta bulionowa Ceniony Z\u0142oty Li\u015b\u0107 Klonowy 2025 sprawia, \u017ce kolekcjonowanie lub&#8230;<\/p>","protected":false},"featured_media":627,"comment_status":"closed","ping_status":"closed","template":"","meta":{"_kad_blocks_custom_css":"","_kad_blocks_head_custom_js":"","_kad_blocks_body_custom_js":"","_kad_blocks_footer_custom_js":"","_kad_post_transparent":"default","_kad_post_title":"","_kad_post_layout":"default","_kad_post_sidebar_id":"","_kad_post_content_style":"default","_kad_post_vertical_padding":"default","_kad_post_feature":"","_kad_post_feature_position":"","_kad_post_header":false,"_kad_post_footer":false,"_kad_post_classname":""},"product_brand":[116],"product_cat":[117],"product_tag":[],"class_list":{"0":"post-184","1":"product","2":"type-product","3":"status-publish","4":"has-post-thumbnail","6":"product_brand-the-royal-canadian-mint","7":"product_cat-monety","8":"pa_metal-zloto","9":"pa_proba-99-99","10":"pa_rozmiar-16-mm","11":"pa_waga-3-11g","13":"first","14":"instock","15":"shipping-taxable","16":"product-type-simple","17":"entry","18":"content-bg","19":"loop-entry"},"taxonomy_info":{"product_brand":[{"value":116,"label":"THE ROYAL CANADIAN MINT"}],"product_cat":[{"value":117,"label":"Monety"}],"pa_metal":[{"value":98,"label":"Z\u0142oto"}],"pa_proba":[{"value":119,"label":"99.99%"}],"pa_rozmiar":[{"value":122,"label":"16 mm"}],"pa_waga":[{"value":123,"label":"3.11g"}]},"featured_image_src_large":["https:\/\/www.mintofgold.com\/wp-content\/uploads\/2025\/02\/lisc-klonowy-royal-canadian-rcm.png",800,800,false],"author_info":[],"comment_info":0,"_links":{"self":[{"href":"https:\/\/www.mintofgold.com\/zh\/wp-json\/wp\/v2\/product\/184","targetHints":{"allow":["GET"]}}],"collection":[{"href":"https:\/\/www.mintofgold.com\/zh\/wp-json\/wp\/v2\/product"}],"about":[{"href":"https:\/\/www.mintofgold.com\/zh\/wp-json\/wp\/v2\/types\/product"}],"replies":[{"embeddable":true,"href":"https:\/\/www.mintofgold.com\/zh\/wp-json\/wp\/v2\/comments?post=184"}],"wp:featuredmedia":[{"embeddable":true,"href":"https:\/\/www.mintofgold.com\/zh\/wp-json\/wp\/v2\/media\/627"}],"wp:attachment":[{"href":"https:\/\/www.mintofgold.com\/zh\/wp-json\/wp\/v2\/media?parent=184"}],"wp:term":[{"taxonomy":"product_brand","embeddable":true,"href":"https:\/\/www.mintofgold.com\/zh\/wp-json\/wp\/v2\/product_brand?post=184"},{"taxonomy":"product_cat","embeddable":true,"href":"https:\/\/www.mintofgold.com\/zh\/wp-json\/wp\/v2\/product_cat?post=184"},{"taxonomy":"product_tag","embeddable":true,"href":"https:\/\/www.mintofgold.com\/zh\/wp-json\/wp\/v2\/product_tag?post=184"}],"curies":[{"name":"wp","href":"https:\/\/api.w.org\/{rel}","templated":true}]}}