{"id":144,"date":"2025-02-20T12:22:18","date_gmt":"2025-02-20T11:22:18","guid":{"rendered":"https:\/\/mintofgold.com\/?post_type=product&#038;p=144"},"modified":"2025-02-28T16:16:06","modified_gmt":"2025-02-28T15:16:06","slug":"20g-gold-999-9-combibar","status":"publish","type":"product","link":"https:\/\/www.mintofgold.com\/zh\/20g-gold-999-9-combibar\/","title":{"rendered":"20 \u514b\u9ec4\u91d1 999.9 - CombiBar"},"content":{"rendered":"<p>\u8d3a\u5229\u6c0f CombiBar\u2122 \u53ef\u7528\u4e8e 20\u300150 \u6216 100 \u4e2a 1 \u514b\u91cd\u7684\u8106\u997c\uff0c\u8fd9\u4e9b\u8106\u997c\u53ef\u7528\u4e8e\u62cc\u9985\uff0c\u4e5f\u53ef\u7528\u4e8e\u62cc\u9985\u3002Pojedyncze sztabki 1 g mo\u017cna \u0142atwo oddzieli\u0107 od siebie.<\/p>\n<p>\u60a8\u53ef\u4ee5\u4ece\u6211\u4eec\u7684\u7f51\u7ad9\u4e0a\u83b7\u53d6\u66f4\u591a\u4fe1\u606f\u3002CombiBar\u2122 \u53ef\u5728\u5851\u6599\u5916\u58f3\u4e0a\u62c6\u5378\uff0c\u5e76\u53ef\u786e\u4fdd\u65e0\u635f\u574f\u3002\u6211\u4eec\u5c06\u5728\u6b64\u4e3a\u60a8\u4ecb\u7ecd Heraeus\uff1a999,9.<\/p>","protected":false},"excerpt":{"rendered":"<p>Heraeus CombiBar&#x2122; jest dost\u0119pny w trzech rozmiarach: sk\u0142ada si\u0119 z 20, 50 lub 100 pojedynczych wyt\u0142aczanych sztabek z\u0142ota o masie 1 g, kt\u00f3re s\u0105 po\u0142\u0105czone, tworz\u0105c jedn\u0105 wi\u0119ksz\u0105 sztabk\u0119. Pojedyncze sztabki 1 g mo\u017cna \u0142atwo oddzieli\u0107 od siebie. Numer seryjny znajduje si\u0119 wy\u0142\u0105cznie na du\u017cej sztabce. CombiBar&#x2122; jest zapakowany w plastikowe etui, kt\u00f3re zawiera r\u00f3wnie\u017c&#8230;<\/p>","protected":false},"featured_media":625,"comment_status":"closed","ping_status":"closed","template":"","meta":{"_kad_blocks_custom_css":"","_kad_blocks_head_custom_js":"","_kad_blocks_body_custom_js":"","_kad_blocks_footer_custom_js":"","_kad_post_transparent":"default","_kad_post_title":"","_kad_post_layout":"default","_kad_post_sidebar_id":"","_kad_post_content_style":"default","_kad_post_vertical_padding":"default","_kad_post_feature":"","_kad_post_feature_position":"","_kad_post_header":false,"_kad_post_footer":false,"_kad_post_classname":""},"product_brand":[66],"product_cat":[18],"product_tag":[],"class_list":{"0":"post-144","1":"product","2":"type-product","3":"status-publish","4":"has-post-thumbnail","6":"product_brand-heraeus-precious-metals","7":"product_cat-bez-kategorii","8":"pa_metal-zloto","9":"pa_proba-23","10":"pa_rozmiar-42-x-37-x-0-85-mm","11":"pa_waga-20g","13":"first","14":"instock","15":"shipping-taxable","16":"product-type-simple","17":"entry","18":"content-bg","19":"loop-entry"},"taxonomy_info":{"product_brand":[{"value":66,"label":"HERAEUS - PRECIOUS METALS"}],"product_cat":[{"value":18,"label":"Bez kategorii"}],"pa_metal":[{"value":98,"label":"Z\u0142oto"}],"pa_proba":[{"value":23,"label":"999,9"}],"pa_rozmiar":[{"value":92,"label":"42 x 37 x 0.85 mm"}],"pa_waga":[{"value":78,"label":"20g"}]},"featured_image_src_large":["https:\/\/www.mintofgold.com\/wp-content\/uploads\/2025\/02\/20-_g-Gold_999_9_CombiBar_02_h_p_m-1024x1024.png",1024,1024,true],"author_info":[],"comment_info":0,"_links":{"self":[{"href":"https:\/\/www.mintofgold.com\/zh\/wp-json\/wp\/v2\/product\/144","targetHints":{"allow":["GET"]}}],"collection":[{"href":"https:\/\/www.mintofgold.com\/zh\/wp-json\/wp\/v2\/product"}],"about":[{"href":"https:\/\/www.mintofgold.com\/zh\/wp-json\/wp\/v2\/types\/product"}],"replies":[{"embeddable":true,"href":"https:\/\/www.mintofgold.com\/zh\/wp-json\/wp\/v2\/comments?post=144"}],"wp:featuredmedia":[{"embeddable":true,"href":"https:\/\/www.mintofgold.com\/zh\/wp-json\/wp\/v2\/media\/625"}],"wp:attachment":[{"href":"https:\/\/www.mintofgold.com\/zh\/wp-json\/wp\/v2\/media?parent=144"}],"wp:term":[{"taxonomy":"product_brand","embeddable":true,"href":"https:\/\/www.mintofgold.com\/zh\/wp-json\/wp\/v2\/product_brand?post=144"},{"taxonomy":"product_cat","embeddable":true,"href":"https:\/\/www.mintofgold.com\/zh\/wp-json\/wp\/v2\/product_cat?post=144"},{"taxonomy":"product_tag","embeddable":true,"href":"https:\/\/www.mintofgold.com\/zh\/wp-json\/wp\/v2\/product_tag?post=144"}],"curies":[{"name":"wp","href":"https:\/\/api.w.org\/{rel}","templated":true}]}}