{"id":142,"date":"2025-02-20T12:20:05","date_gmt":"2025-02-20T11:20:05","guid":{"rendered":"https:\/\/mintofgold.com\/?post_type=product&#038;p=142"},"modified":"2025-02-28T16:21:24","modified_gmt":"2025-02-28T15:21:24","slug":"20g-gold-999-9-kinebar","status":"publish","type":"product","link":"https:\/\/www.mintofgold.com\/zh\/20g-gold-999-9-kinebar\/","title":{"rendered":"20 \u514b\u9ec4\u91d1 999.9 - Kinebar"},"content":{"rendered":"<p>Kinebar\u00ae \u53ef\u63d0\u4f9b\u5168\u606f\u56fe\u6280\u672f - Kinegram\u00ae\u3002\u5168\u606f\u56fe\u6280\u672f\u53ef\u7528\u4e8e\u62a4\u7167\u548c\u94f6\u884c\u7968\u636e\u3002\u5168\u606f\u56fe\u6280\u672f\u53ef\u5728\u94f6\u884c\u548c\u62a4\u7167\u4e0a\u4f7f\u7528\u3002Hologram pokrywa tyln\u0105 stron\u0119 Kinebar\u00ae\u3002\u5728\u7eb3\u7c73\u6280\u672f\u7684\u652f\u6301\u4e0b\uff0c\u5168\u606f\u56fe\u50cf\u7684\u751f\u4ea7\u5de5\u827a\u53d8\u5f97\u66f4\u52a0\u590d\u6742\uff0c\u5e76\u5177\u6709\u66f4\u9ad8\u7684\u6027\u80fd\u3002.<\/p>\n<p>Kinebar\u00ae \u6309\u91cd\u91cf\u5206\u4e3a\uff1a1 \u514b\u30012 \u514b\u30015 \u514b\u300110 \u514b\u300120 \u514b\u548c 1 \u76ce\u53f8\u3002\u5305\u88c5\u91c7\u7528\u6ce1\u7f69\u5305\u88c5\uff0c\u5e76\u9644\u6709\u8bc1\u4e66\u3002\u5305\u88c5\u91c7\u7528 PET \u6750\u6599\uff0c\u539a\u5ea6\u4e3a 85 \u6beb\u7c73 x 54 \u6beb\u7c73\u3002.<\/p>","protected":false},"excerpt":{"rendered":"<p>Kinebar\u00ae to wyt\u0142aczana sztabka z\u0142ota z dodatkowym zabezpieczeniem \u2013 Kinegram\u00ae. Technologia hologramu jest powszechnie znana z zastosowania w paszportach i banknotach. Nie tylko nadaje sztabce atrakcyjny wygl\u0105d, ale tak\u017ce zwi\u0119ksza jej bezpiecze\u0144stwo. Hologram pokrywa tyln\u0105 stron\u0119 Kinebar\u00ae. W tym celu podczas procesu produkcji na powierzchni\u0119 nanoszone s\u0105 drobne mikrostruktury, tworz\u0105c efekt po\u0142ysku. Kinebar\u00ae jest dost\u0119pny&#8230;<\/p>","protected":false},"featured_media":609,"comment_status":"closed","ping_status":"closed","template":"","meta":{"_kad_blocks_custom_css":"","_kad_blocks_head_custom_js":"","_kad_blocks_body_custom_js":"","_kad_blocks_footer_custom_js":"","_kad_post_transparent":"default","_kad_post_title":"","_kad_post_layout":"default","_kad_post_sidebar_id":"","_kad_post_content_style":"default","_kad_post_vertical_padding":"default","_kad_post_feature":"","_kad_post_feature_position":"","_kad_post_header":false,"_kad_post_footer":false,"_kad_post_classname":""},"product_brand":[66],"product_cat":[21],"product_tag":[],"class_list":{"0":"post-142","1":"product","2":"type-product","3":"status-publish","4":"has-post-thumbnail","6":"product_brand-heraeus-precious-metals","7":"product_cat-sztabki-zlota","8":"pa_metal-zloto","9":"pa_proba-23","10":"pa_rozmiar-40-4-x-23-3-x-1-3-mm","11":"pa_waga-20g","13":"first","14":"instock","15":"shipping-taxable","16":"product-type-simple","17":"entry","18":"content-bg","19":"loop-entry"},"taxonomy_info":{"product_brand":[{"value":66,"label":"HERAEUS - PRECIOUS METALS"}],"product_cat":[{"value":21,"label":"Sztabki z\u0142ota"}],"pa_metal":[{"value":98,"label":"Z\u0142oto"}],"pa_proba":[{"value":23,"label":"999,9"}],"pa_rozmiar":[{"value":90,"label":"40.4 x 23.3 x 1.3 mm"}],"pa_waga":[{"value":78,"label":"20g"}]},"featured_image_src_large":["https:\/\/www.mintofgold.com\/wp-content\/uploads\/2025\/02\/20_g_Gold_999_9_Kinebar_01_h_p_m-1024x1024.png",1024,1024,true],"author_info":[],"comment_info":0,"_links":{"self":[{"href":"https:\/\/www.mintofgold.com\/zh\/wp-json\/wp\/v2\/product\/142","targetHints":{"allow":["GET"]}}],"collection":[{"href":"https:\/\/www.mintofgold.com\/zh\/wp-json\/wp\/v2\/product"}],"about":[{"href":"https:\/\/www.mintofgold.com\/zh\/wp-json\/wp\/v2\/types\/product"}],"replies":[{"embeddable":true,"href":"https:\/\/www.mintofgold.com\/zh\/wp-json\/wp\/v2\/comments?post=142"}],"wp:featuredmedia":[{"embeddable":true,"href":"https:\/\/www.mintofgold.com\/zh\/wp-json\/wp\/v2\/media\/609"}],"wp:attachment":[{"href":"https:\/\/www.mintofgold.com\/zh\/wp-json\/wp\/v2\/media?parent=142"}],"wp:term":[{"taxonomy":"product_brand","embeddable":true,"href":"https:\/\/www.mintofgold.com\/zh\/wp-json\/wp\/v2\/product_brand?post=142"},{"taxonomy":"product_cat","embeddable":true,"href":"https:\/\/www.mintofgold.com\/zh\/wp-json\/wp\/v2\/product_cat?post=142"},{"taxonomy":"product_tag","embeddable":true,"href":"https:\/\/www.mintofgold.com\/zh\/wp-json\/wp\/v2\/product_tag?post=142"}],"curies":[{"name":"wp","href":"https:\/\/api.w.org\/{rel}","templated":true}]}}