{"id":138,"date":"2025-02-20T12:16:26","date_gmt":"2025-02-20T11:16:26","guid":{"rendered":"https:\/\/mintofgold.com\/?post_type=product&#038;p=138"},"modified":"2025-02-28T16:29:04","modified_gmt":"2025-02-28T15:29:04","slug":"10g-gold-999-9-multidisc","status":"publish","type":"product","link":"https:\/\/www.mintofgold.com\/zh\/10g-gold-999-9-multidisc\/","title":{"rendered":"10 \u514b\u9ec4\u91d1 999.9 - \u591a\u76d8"},"content":{"rendered":"<p>Nowa generacja Heraeus MultiDisc \u0142\u0105czy elastyczno\u015b\u0107 i bezpiecze\u0144stwo w innowacyjnym opakowaniu. MultiDisc zawiera 10 wyt\u0142aczanych sztabek z\u0142ota o masie 1 g w unikalnym, kwadratowym formacie, dost\u0119pnym wy\u0142\u0105cznie w tym produkcie.<\/p>\n<p>Specjalny proces druku umo\u017cliwia \u0142atwiejsze wykrycie manipulacji przy opakowaniu. Elementy zabezpieczaj\u0105ce staj\u0105 si\u0119 widoczne po otwarciu.<\/p>","protected":false},"excerpt":{"rendered":"<p>Nowa generacja Heraeus MultiDisc \u0142\u0105czy elastyczno\u015b\u0107 i bezpiecze\u0144stwo w innowacyjnym opakowaniu. MultiDisc zawiera 10 wyt\u0142aczanych sztabek z\u0142ota o masie 1 g w unikalnym, kwadratowym formacie, dost\u0119pnym wy\u0142\u0105cznie w tym produkcie. Specjalny proces druku umo\u017cliwia \u0142atwiejsze wykrycie manipulacji przy opakowaniu. Elementy zabezpieczaj\u0105ce staj\u0105 si\u0119 widoczne po otwarciu.<\/p>","protected":false},"featured_media":607,"comment_status":"closed","ping_status":"closed","template":"","meta":{"_kad_blocks_custom_css":"","_kad_blocks_head_custom_js":"","_kad_blocks_body_custom_js":"","_kad_blocks_footer_custom_js":"","_kad_post_transparent":"default","_kad_post_title":"","_kad_post_layout":"default","_kad_post_sidebar_id":"","_kad_post_content_style":"default","_kad_post_vertical_padding":"default","_kad_post_feature":"","_kad_post_feature_position":"","_kad_post_header":false,"_kad_post_footer":false,"_kad_post_classname":""},"product_brand":[66],"product_cat":[21],"product_tag":[],"class_list":{"0":"post-138","1":"product","2":"type-product","3":"status-publish","4":"has-post-thumbnail","6":"product_brand-heraeus-precious-metals","7":"product_cat-sztabki-zlota","8":"pa_metal-zloto","9":"pa_proba-23","10":"pa_rozmiar-10-x-10-x-0-6-mm","11":"pa_waga-10g","13":"first","14":"instock","15":"shipping-taxable","16":"product-type-simple","17":"entry","18":"content-bg","19":"loop-entry"},"taxonomy_info":{"product_brand":[{"value":66,"label":"HERAEUS - PRECIOUS METALS"}],"product_cat":[{"value":21,"label":"Sztabki z\u0142ota"}],"pa_metal":[{"value":98,"label":"Z\u0142oto"}],"pa_proba":[{"value":23,"label":"999,9"}],"pa_rozmiar":[{"value":89,"label":"10 x 10 x 0.6 mm"}],"pa_waga":[{"value":79,"label":"10g"}]},"featured_image_src_large":["https:\/\/www.mintofgold.com\/wp-content\/uploads\/2025\/02\/10_g_Gold_999_9_MultiDisc_01_h_p_m-1024x1024.png",1024,1024,true],"author_info":[],"comment_info":0,"_links":{"self":[{"href":"https:\/\/www.mintofgold.com\/zh\/wp-json\/wp\/v2\/product\/138","targetHints":{"allow":["GET"]}}],"collection":[{"href":"https:\/\/www.mintofgold.com\/zh\/wp-json\/wp\/v2\/product"}],"about":[{"href":"https:\/\/www.mintofgold.com\/zh\/wp-json\/wp\/v2\/types\/product"}],"replies":[{"embeddable":true,"href":"https:\/\/www.mintofgold.com\/zh\/wp-json\/wp\/v2\/comments?post=138"}],"wp:featuredmedia":[{"embeddable":true,"href":"https:\/\/www.mintofgold.com\/zh\/wp-json\/wp\/v2\/media\/607"}],"wp:attachment":[{"href":"https:\/\/www.mintofgold.com\/zh\/wp-json\/wp\/v2\/media?parent=138"}],"wp:term":[{"taxonomy":"product_brand","embeddable":true,"href":"https:\/\/www.mintofgold.com\/zh\/wp-json\/wp\/v2\/product_brand?post=138"},{"taxonomy":"product_cat","embeddable":true,"href":"https:\/\/www.mintofgold.com\/zh\/wp-json\/wp\/v2\/product_cat?post=138"},{"taxonomy":"product_tag","embeddable":true,"href":"https:\/\/www.mintofgold.com\/zh\/wp-json\/wp\/v2\/product_tag?post=138"}],"curies":[{"name":"wp","href":"https:\/\/api.w.org\/{rel}","templated":true}]}}