{"id":123,"date":"2025-02-20T12:02:50","date_gmt":"2025-02-20T11:02:50","guid":{"rendered":"https:\/\/mintofgold.com\/?post_type=product&#038;p=123"},"modified":"2025-02-28T16:38:06","modified_gmt":"2025-02-28T15:38:06","slug":"1g-gold-999-9-kinebar","status":"publish","type":"product","link":"https:\/\/www.mintofgold.com\/zh\/1g-gold-999-9-kinebar\/","title":{"rendered":"1 \u514b\u9ec4\u91d1 999.9 - Kinebar"},"content":{"rendered":"<p>Kinebar\u00ae \u53ef\u5728 Kinegramu\u00ae \u67f1\u4e0a\u5b9e\u73b0\u5168\u606f\u6280\u672f\u3002\u5168\u606f\u56fe\u6280\u672f\u53ef\u7528\u4e8e\u62a4\u7167\u548c\u94f6\u884c\u7968\u636e\u3002\u5168\u606f\u56fe\u6280\u672f\u53ef\u5728\u94f6\u884c\u548c\u90ae\u653f\u50a8\u84c4\u94f6\u884c\u4e2d\u4f7f\u7528\u3002Hologram pokrywa tyln\u0105 stron\u0119 Kinebar\u00ae\u3002\u5728\u751f\u4ea7\u8fc7\u7a0b\u4e2d\uff0c\u6211\u4eec\u4f1a\u91c7\u7528\u6700\u5148\u8fdb\u7684\u6280\u672f\uff0c\u4ee5\u786e\u4fdd\u4ea7\u54c1\u7684\u8d28\u91cf\u3002.<\/p>\n<p>Kinebar dost\u0119pna jest w sze\u015bciu rozmiarach: 1 g, 2 g, 5 g, 10 g, 20 g i 1 oz.Pakowana jest w opakowanie blistrowe, kt\u00f3re zawiera r\u00f3wnie\u017c certyfikat.\u5305\u88c5\u91c7\u7528 PET \u6750\u6599\uff0c\u539a\u5ea6\u4e3a 85 \u6beb\u7c73 x 54 \u6beb\u7c73\u3002.<\/p>","protected":false},"excerpt":{"rendered":"<p>Kinebar\u00ae to bita sztabka z\u0142ota z dodatkowymi zabezpieczeniami w postaci Kinegramu\u00ae. Ta technologia hologramowa jest powszechnie znana z zastosowania w paszportach i banknotach. Jest nie tylko atrakcyjna wizualnie, ale tak\u017ce zwi\u0119ksza bezpiecze\u0144stwo tej sztabki. Hologram pokrywa tyln\u0105 stron\u0119 Kinebar\u00ae. W tym celu, podczas procesu produkcji, na powierzchni stosowane s\u0105 drobne mikrostruktury, kt\u00f3re tworz\u0105 efekt migotania&#8230;.<\/p>","protected":false},"featured_media":599,"comment_status":"closed","ping_status":"closed","template":"","meta":{"_kad_blocks_custom_css":"","_kad_blocks_head_custom_js":"","_kad_blocks_body_custom_js":"","_kad_blocks_footer_custom_js":"","_kad_post_transparent":"default","_kad_post_title":"","_kad_post_layout":"default","_kad_post_sidebar_id":"","_kad_post_content_style":"default","_kad_post_vertical_padding":"default","_kad_post_feature":"","_kad_post_feature_position":"","_kad_post_header":false,"_kad_post_footer":false,"_kad_post_classname":""},"product_brand":[66],"product_cat":[21],"product_tag":[],"class_list":{"0":"post-123","1":"product","2":"type-product","3":"status-publish","4":"has-post-thumbnail","6":"product_brand-heraeus-precious-metals","7":"product_cat-sztabki-zlota","8":"pa_metal-zloto","9":"pa_proba-23","10":"pa_rozmiar-15-x-8-7-x-0-5-mm","11":"pa_waga-1g","13":"first","14":"instock","15":"shipping-taxable","16":"product-type-simple","17":"entry","18":"content-bg","19":"loop-entry"},"taxonomy_info":{"product_brand":[{"value":66,"label":"HERAEUS - PRECIOUS METALS"}],"product_cat":[{"value":21,"label":"Sztabki z\u0142ota"}],"pa_metal":[{"value":98,"label":"Z\u0142oto"}],"pa_proba":[{"value":23,"label":"999,9"}],"pa_rozmiar":[{"value":67,"label":"15 x 8.7 x 0.5 mm"}],"pa_waga":[{"value":82,"label":"1g"}]},"featured_image_src_large":["https:\/\/www.mintofgold.com\/wp-content\/uploads\/2025\/02\/1_g-_Gold_999_9_Kinebar-h-p-m-1024x1024.png",1024,1024,true],"author_info":[],"comment_info":0,"_links":{"self":[{"href":"https:\/\/www.mintofgold.com\/zh\/wp-json\/wp\/v2\/product\/123","targetHints":{"allow":["GET"]}}],"collection":[{"href":"https:\/\/www.mintofgold.com\/zh\/wp-json\/wp\/v2\/product"}],"about":[{"href":"https:\/\/www.mintofgold.com\/zh\/wp-json\/wp\/v2\/types\/product"}],"replies":[{"embeddable":true,"href":"https:\/\/www.mintofgold.com\/zh\/wp-json\/wp\/v2\/comments?post=123"}],"wp:featuredmedia":[{"embeddable":true,"href":"https:\/\/www.mintofgold.com\/zh\/wp-json\/wp\/v2\/media\/599"}],"wp:attachment":[{"href":"https:\/\/www.mintofgold.com\/zh\/wp-json\/wp\/v2\/media?parent=123"}],"wp:term":[{"taxonomy":"product_brand","embeddable":true,"href":"https:\/\/www.mintofgold.com\/zh\/wp-json\/wp\/v2\/product_brand?post=123"},{"taxonomy":"product_cat","embeddable":true,"href":"https:\/\/www.mintofgold.com\/zh\/wp-json\/wp\/v2\/product_cat?post=123"},{"taxonomy":"product_tag","embeddable":true,"href":"https:\/\/www.mintofgold.com\/zh\/wp-json\/wp\/v2\/product_tag?post=123"}],"curies":[{"name":"wp","href":"https:\/\/api.w.org\/{rel}","templated":true}]}}