{"id":76,"date":"2025-02-21T09:24:27","date_gmt":"2025-02-21T08:24:27","guid":{"rendered":"https:\/\/mintofgold.com\/?post_type=product&#038;p=76"},"modified":"2025-02-28T14:15:47","modified_gmt":"2025-02-28T13:15:47","slug":"fortuna-gold-minted-bar-10g","status":"publish","type":"product","link":"https:\/\/www.mintofgold.com\/ja\/fortuna-gold-minted-bar-10g\/","title":{"rendered":"\u30d5\u30a9\u30eb\u30c8\u30a5\u30ca \u30b4\u30fc\u30eb\u30c9\u30fb\u30df\u30f3\u30c8\u30fb\u30d0\u30fc - 10g"},"content":{"rendered":"<p>PAMP\u306f\u30b9\u30e9\u30c3\u30b7\u30e5\u30fb\u30e1\u30bf\u30eb\u306e\u30de\u30fc\u30af\u3067\u77e5\u3089\u308c\u3001\u305d\u306e\u30de\u30fc\u30af\u306f\u3001\u305d\u306e\u3088\u3046\u306a\u30d0\u30f3\u30c9\u3092\u7d50\u6210\u3057\u305f\u304d\u3063\u304b\u3051\u3068\u306a\u308a\u307e\u3057\u305f\u30021979\u5e74\u306b\u8a2d\u7acb\u3055\u308c\u305f\u30ec\u30c7\u30a3\u30fb\u30d5\u30a9\u30fc\u30c1\u30e5\u30ca\u306f\u3001\u82b8\u8853\u7684\u306a\u30b7\u30f3\u30dc\u30eb\u3067\u3042\u308a\u3001PAMP\uff08\u30d1\u30f3\u30d7\uff09\u306e\u8a8d\u8a3c\u3092\u53d7\u3051\u3066\u3044\u308b\u3002\u3053\u306e\u3088\u3046\u306a\u30b7\u30f3\u30dc\u30eb\u306b\u306f\u3001\u69d8\u3005\u306a\u30b7\u30f3\u30dc\u30eb\u3001\u3059\u306a\u308f\u3061\u3001\u682a\u4fa1\u3001\u30de \u30af\u30ed\u3001\u682a\u4fa1\u6307\u6570\u3001\u682a\u4fa1\u7d14\u8cc7\u7523\u3001\u682a\u4fa1\u7d14\u8cc7\u7523\u304c\u542b\u307e\u308c\u307e\u3059\u3002.<\/p>\n<p>\u3053\u306e\u30d7\u30ed\u30b8\u30a7\u30af\u30c8\u306f\u3001\u30b9\u30ef\u30b8\u30ab\u30fc\u30ba\u9023\u90a6\u653f\u5e9c\u306b\u3088\u3063\u3066\u8a2d\u7acb\u3055\u308c\u3001CertiPAMP\u2122\u306e\u8a8d\u5b9a\u3092\u53d7\u3051\u3001\u305d\u306e\u8a8d\u8a3c\u306e\u305f\u3081\u306b\u3001\u91d1\u5c5e\u3084\u6728\u6750\u306e\u88fd\u9020\u3084\u52a0\u5de5\u3092\u4fdd\u8a3c\u3057\u3066\u3044\u307e\u3059\u3002.<\/p>","protected":false},"excerpt":{"rendered":"<p>PAMP by\u0142a pierwsz\u0105 mark\u0105 metali szlachetnych, kt\u00f3ra kiedykolwiek udekorowa\u0142a rewers swoich bitych sztabek. Wprowadzona w 1979 roku, Lady Fortuna&#x2122; by\u0142a pierwotnym motywem artystycznym i jest dzi\u015b na ca\u0142ym \u015bwiecie uznawana za zaufany symbol zapewniaj\u0105cy doskona\u0142o\u015b\u0107 jako\u015bci i autentyczno\u015b\u0107 PAMP. Z charakterystycznym wyko\u0144czeniem przypominaj\u0105cym stempel, rzymska bogini dobrobytu jest przedstawiona ze wszystkimi swoimi mitycznymi atrybutami: k\u0142osami pszenicy, makami, rogiem obfito\u015bci, cennymi monetami i ko\u0142em fortuny. Niew\u0105tpliwie, ikoniczny wizerunek Lady Fortuna&#x2122; to najbardziej rozpoznawany i presti\u017cowy projekt sztabki bulionowej na \u015bwiecie. Akredytowana przez Szwajcarski Federalny Urz\u0105d, ka\u017cda sztabka jest indywidualnie zarejestrowana i zapakowana w ochronne opakowanie CertiPAMP&#x2122;, zawieraj\u0105ce zintegrowany i oficjalny certyfikat pr\u00f3by, kt\u00f3ry gwarantuje zawarto\u015b\u0107 metalu szlachetnego oraz wag\u0119, chronione zdejmowan\u0105&#8230;<\/p>","protected":false},"featured_media":77,"comment_status":"closed","ping_status":"closed","template":"","meta":{"_kad_blocks_custom_css":"","_kad_blocks_head_custom_js":"","_kad_blocks_body_custom_js":"","_kad_blocks_footer_custom_js":"","_kad_post_transparent":"default","_kad_post_title":"","_kad_post_layout":"default","_kad_post_sidebar_id":"","_kad_post_content_style":"default","_kad_post_vertical_padding":"default","_kad_post_feature":"","_kad_post_feature_position":"","_kad_post_header":false,"_kad_post_footer":false,"_kad_post_classname":""},"product_brand":[20],"product_cat":[21],"product_tag":[],"class_list":{"0":"post-76","1":"product","2":"type-product","3":"status-publish","4":"has-post-thumbnail","6":"product_brand-pamp","7":"product_cat-sztabki-zlota","8":"pa_grubosc-1-25-mm","9":"pa_metal-zloto","10":"pa_proba-23","11":"pa_rozmiar-15-8-x-26-5-mm","12":"pa_waga-10g","14":"first","15":"instock","16":"shipping-taxable","17":"product-type-simple","18":"entry","19":"content-bg","20":"loop-entry"},"taxonomy_info":{"product_brand":[{"value":20,"label":"PAMP"}],"product_cat":[{"value":21,"label":"Sztabki z\u0142ota"}],"pa_grubosc":[{"value":56,"label":"1.25 mm"}],"pa_metal":[{"value":98,"label":"Z\u0142oto"}],"pa_proba":[{"value":23,"label":"999,9"}],"pa_rozmiar":[{"value":55,"label":"15.8 x 26.5 mm"}],"pa_waga":[{"value":79,"label":"10g"}]},"featured_image_src_large":["https:\/\/www.mintofgold.com\/wp-content\/uploads\/2025\/02\/Fortuna_Gold_Minted_Bar_10g.png",1000,1000,false],"author_info":[],"comment_info":0,"_links":{"self":[{"href":"https:\/\/www.mintofgold.com\/ja\/wp-json\/wp\/v2\/product\/76","targetHints":{"allow":["GET"]}}],"collection":[{"href":"https:\/\/www.mintofgold.com\/ja\/wp-json\/wp\/v2\/product"}],"about":[{"href":"https:\/\/www.mintofgold.com\/ja\/wp-json\/wp\/v2\/types\/product"}],"replies":[{"embeddable":true,"href":"https:\/\/www.mintofgold.com\/ja\/wp-json\/wp\/v2\/comments?post=76"}],"wp:featuredmedia":[{"embeddable":true,"href":"https:\/\/www.mintofgold.com\/ja\/wp-json\/wp\/v2\/media\/77"}],"wp:attachment":[{"href":"https:\/\/www.mintofgold.com\/ja\/wp-json\/wp\/v2\/media?parent=76"}],"wp:term":[{"taxonomy":"product_brand","embeddable":true,"href":"https:\/\/www.mintofgold.com\/ja\/wp-json\/wp\/v2\/product_brand?post=76"},{"taxonomy":"product_cat","embeddable":true,"href":"https:\/\/www.mintofgold.com\/ja\/wp-json\/wp\/v2\/product_cat?post=76"},{"taxonomy":"product_tag","embeddable":true,"href":"https:\/\/www.mintofgold.com\/ja\/wp-json\/wp\/v2\/product_tag?post=76"}],"curies":[{"name":"wp","href":"https:\/\/api.w.org\/{rel}","templated":true}]}}