{"id":74,"date":"2025-02-21T09:22:02","date_gmt":"2025-02-21T08:22:02","guid":{"rendered":"https:\/\/mintofgold.com\/?post_type=product&#038;p=74"},"modified":"2025-02-28T14:15:36","modified_gmt":"2025-02-28T13:15:36","slug":"fortuna-gold-minted-bar-20g","status":"publish","type":"product","link":"https:\/\/www.mintofgold.com\/ja\/fortuna-gold-minted-bar-20g\/","title":{"rendered":"\u30d5\u30a9\u30eb\u30c8\u30a5\u30ca \u30b4\u30fc\u30eb\u30c9\u30fb\u30df\u30f3\u30c8\u30fb\u30d0\u30fc 20g"},"content":{"rendered":"<p>PAMP\u306f\u30b9\u30e9\u30c3\u30b7\u30e5\u30fb\u30e1\u30bf\u30eb\u306e\u30de\u30fc\u30af\u3067\u77e5\u3089\u308c\u3001\u305d\u306e\u30de\u30fc\u30af\u306f\u3001\u305d\u306e\u3088\u3046\u306a\u30d0\u30f3\u30c9\u3092\u7d50\u6210\u3059\u308b\u304d\u3063\u304b\u3051\u3068\u306a\u308a\u307e\u3057\u305f\u30021979\u5e74\u306b\u8a2d\u7acb\u3055\u308c\u305f\u30ec\u30c7\u30a3\u30fb\u30d5\u30a9\u30fc\u30c1\u30e5\u30ca\u306f\u3001\u82b8\u8853\u7684\u306a\u30b7\u30f3\u30dc\u30eb\u3067\u3042\u308b\u30ec\u30c7\u30a3\u30fb\u30d5\u30a9\u30fc\u30c1\u30e5\u30ca\u306e\u30b7\u30f3\u30dc\u30eb\u30de\u30fc\u30af\u3092\u3001PAMP\uff08\u30d1\u30f3\u30d7\uff09\u306e\u516c\u8a8d\u30b7\u30f3\u30dc\u30eb\u30de\u30fc\u30af\u306b\u5909\u66f4\u3057\u307e\u3057\u305f\u3002\u3053\u306e\u30b7\u30f3\u30dc\u30eb\u3067\u306f\u3001\u30b7\u30f3\u30dc\u30eb\u30de\u30fc\u30af\u3001\u30de\u30c3 \u30ab\u30fc\u3001\u901a\u8ca8\u3001\u8ca8\u5e63\u3001\u5e78\u904b\u306a\u3069\u3001\u3055\u307e\u3056\u307e\u306a\u30b7\u30f3\u30dc\u30eb\u3092\u4f7f\u7528\u3059\u308b\u3053\u3068\u304c\u3067\u304d\u307e\u3059\u3002.<\/p>\n<p>\u3053\u306e\u30d7\u30ed\u30b8\u30a7\u30af\u30c8\u306f\u3001Szwajcarski Federalny Urz\u0105d\u306e\u8a31\u53ef\u3092\u5f97\u3066\u3001CertiPAMP\u2122\u306e\u8a8d\u8a3c\u3092\u53d6\u5f97\u3057\u3001\u305d\u306e\u8a8d\u8a3c\u306b\u57fa\u3065\u304d\u3001\u30b9\u30e9\u30c3\u30b7\u30e5\u30e1\u30bf\u30eb\u307e\u305f\u306f\u91d1\u5c5e\u3092\u52a0\u5de5\u3057\u3001\u8449\u3092\u52a0\u5de5\u3059\u308b\u3082\u306e\u3067\u3059\u3002.<\/p>","protected":false},"excerpt":{"rendered":"<p>PAMP by\u0142a pierwsz\u0105 mark\u0105 metali szlachetnych, kt\u00f3ra kiedykolwiek udekorowa\u0142a rewers swoich bitych sztabek. Wprowadzona w 1979 roku, Lady Fortuna&#x2122; by\u0142a pierwotnym motywem artystycznym i jest dzi\u015b na ca\u0142ym \u015bwiecie uznawana za zaufany symbol, kt\u00f3ry zapewnia o doskona\u0142ej jako\u015bci i autentyczno\u015bci PAMP. Z charakterystycznym wyko\u0144czeniem przypominaj\u0105cym stempel, rzymska bogini dobrobytu jest przedstawiona ze wszystkimi swoimi mitycznymi atrybutami: k\u0142osami pszenicy, makami, rogiem obfito\u015bci, cennymi monetami i ko\u0142em fortuny. Niew\u0105tpliwie, ikoniczny wizerunek Lady Fortuna&#x2122; to najbardziej rozpoznawany i presti\u017cowy projekt sztabki bulionowej na \u015bwiecie. Akredytowana przez Szwajcarski Federalny Urz\u0105d, ka\u017cda sztabka jest indywidualnie zarejestrowana i zapakowana w ochronne opakowanie CertiPAMP&#x2122;, kt\u00f3re zawiera zintegrowany i oficjalny certyfikat pr\u00f3by, gwarantuj\u0105cy zawarto\u015b\u0107 metalu szlachetnego oraz wag\u0119,&#8230;<\/p>","protected":false},"featured_media":75,"comment_status":"closed","ping_status":"closed","template":"","meta":{"_kad_blocks_custom_css":"","_kad_blocks_head_custom_js":"","_kad_blocks_body_custom_js":"","_kad_blocks_footer_custom_js":"","_kad_post_transparent":"default","_kad_post_title":"","_kad_post_layout":"default","_kad_post_sidebar_id":"","_kad_post_content_style":"default","_kad_post_vertical_padding":"default","_kad_post_feature":"","_kad_post_feature_position":"","_kad_post_header":false,"_kad_post_footer":false,"_kad_post_classname":""},"product_brand":[20],"product_cat":[21],"product_tag":[],"class_list":{"0":"post-74","1":"product","2":"type-product","3":"status-publish","4":"has-post-thumbnail","6":"product_brand-pamp","7":"product_cat-sztabki-zlota","8":"pa_grubosc-1-88-mm","9":"pa_metal-zloto","10":"pa_proba-23","11":"pa_rozmiar-18-x-31-mm","12":"pa_waga-20g","14":"first","15":"instock","16":"shipping-taxable","17":"product-type-simple","18":"entry","19":"content-bg","20":"loop-entry"},"taxonomy_info":{"product_brand":[{"value":20,"label":"PAMP"}],"product_cat":[{"value":21,"label":"Sztabki z\u0142ota"}],"pa_grubosc":[{"value":54,"label":"1.88 mm"}],"pa_metal":[{"value":98,"label":"Z\u0142oto"}],"pa_proba":[{"value":23,"label":"999,9"}],"pa_rozmiar":[{"value":52,"label":"18 x 31 mm"}],"pa_waga":[{"value":78,"label":"20g"}]},"featured_image_src_large":["https:\/\/www.mintofgold.com\/wp-content\/uploads\/2025\/02\/Fortuna_Gold_Minted_Bar_20g.png",1000,1000,false],"author_info":[],"comment_info":0,"_links":{"self":[{"href":"https:\/\/www.mintofgold.com\/ja\/wp-json\/wp\/v2\/product\/74","targetHints":{"allow":["GET"]}}],"collection":[{"href":"https:\/\/www.mintofgold.com\/ja\/wp-json\/wp\/v2\/product"}],"about":[{"href":"https:\/\/www.mintofgold.com\/ja\/wp-json\/wp\/v2\/types\/product"}],"replies":[{"embeddable":true,"href":"https:\/\/www.mintofgold.com\/ja\/wp-json\/wp\/v2\/comments?post=74"}],"wp:featuredmedia":[{"embeddable":true,"href":"https:\/\/www.mintofgold.com\/ja\/wp-json\/wp\/v2\/media\/75"}],"wp:attachment":[{"href":"https:\/\/www.mintofgold.com\/ja\/wp-json\/wp\/v2\/media?parent=74"}],"wp:term":[{"taxonomy":"product_brand","embeddable":true,"href":"https:\/\/www.mintofgold.com\/ja\/wp-json\/wp\/v2\/product_brand?post=74"},{"taxonomy":"product_cat","embeddable":true,"href":"https:\/\/www.mintofgold.com\/ja\/wp-json\/wp\/v2\/product_cat?post=74"},{"taxonomy":"product_tag","embeddable":true,"href":"https:\/\/www.mintofgold.com\/ja\/wp-json\/wp\/v2\/product_tag?post=74"}],"curies":[{"name":"wp","href":"https:\/\/api.w.org\/{rel}","templated":true}]}}