{"id":72,"date":"2025-02-21T09:20:06","date_gmt":"2025-02-21T08:20:06","guid":{"rendered":"https:\/\/mintofgold.com\/?post_type=product&#038;p=72"},"modified":"2025-02-28T14:15:21","modified_gmt":"2025-02-28T13:15:21","slug":"fortuna-gold-minted-bar-1-2-oz","status":"publish","type":"product","link":"https:\/\/www.mintofgold.com\/ja\/fortuna-gold-minted-bar-1-2-oz\/","title":{"rendered":"\u30d5\u30a9\u30eb\u30c8\u30a5\u30ca \u30b4\u30fc\u30eb\u30c9\u30fb\u30df\u30f3\u30c8\u30fb\u30d0\u30fc 1\/2\u30aa\u30f3\u30b9"},"content":{"rendered":"<p>PAMP\u306f\u30b9\u30e9\u30c3\u30b7\u30e5\u30fb\u30e1\u30bf\u30eb\u306e\u30de\u30fc\u30af\u3067\u77e5\u3089\u308c\u3001\u3053\u306e\u30de\u30fc\u30af\u306f\u3001\u305d\u306e\u3088\u3046\u306a\u30d0\u30f3\u30c9\u3092\u518d\u7d50\u6210\u3057\u305f\u3082\u306e\u3067\u3042\u308b\u30021979\u5e74\u306b\u8a2d\u7acb\u3055\u308c\u305f\u30ec\u30c7\u30a3\u30fb\u30d5\u30a9\u30fc\u30c1\u30e5\u30ca\u306f\u3001\u30aa\u30ea\u30b8\u30ca\u30eb\u306a\u82b8\u8853\u7684\u30b7\u30f3\u30dc\u30eb\u3067\u3042\u308a\u3001PAMP\uff08\u30d1\u30f3\u30d7\uff09\u306e\u30b7\u30f3\u30dc\u30eb\u3067\u3082\u3042\u308a\u307e\u3059\u3002\u305d\u306e\u305f\u3081\u3001\u3053\u306e\u3088\u3046\u306a\u30b7\u30f3\u30dc\u30eb\u306b\u306f\u3001\u69d8\u3005\u306a\u7a2e\u985e\u306e\u30b7\u30f3\u30dc\u30eb\u30de\u30fc\u30af\u304c\u542b\u307e\u308c\u3066\u3044\u308b\u3002.<\/p>\n<p>\u30ec\u30c7\u30a3\u30fc\u30fb\u30d5\u30a9\u30eb\u30c8\u30a5\u30ca\u2122\u306f\u3001\u3053\u306e\u3088\u3046\u306a\u3001\u015bwiecie\u3067\u6700\u3082\u4eba\u6c17\u306e\u3042\u308b\u30b9\u30dd\u30fc\u30c4\u30d6\u30e9\u30f3\u30c9\u306e\u4e00\u3064\u3067\u3059\u3002\u30b9\u30ed\u30d0\u30ad\u30a2\u9023\u90a6\u653f\u5e9c\u306b\u3088\u3063\u3066\u8a2d\u7acb\u3055\u308c\u305f\u3053\u306e\u4f1a\u793e\u306f\u3001CertiPAMP\u2122\u306e\u8a8d\u8a3c\u53d6\u5f97\u306e\u305f\u3081\u306e\u8a8d\u8a3c\u53d6\u5f97\u304a\u3088\u3073\u8a8d\u8a3c\u767b\u9332\u3092\u884c\u3063\u3066\u3044\u307e\u3059\u3002.<\/p>","protected":false},"excerpt":{"rendered":"<p>PAMP by\u0142a pierwsz\u0105 mark\u0105 metali szlachetnych, kt\u00f3ra kiedykolwiek udekorowa\u0142a rewers swoich bitych sztabek. Wprowadzona w 1979 roku, Lady Fortuna&#x2122; by\u0142a oryginalnym motywem artystycznym i do dzi\u015b jest na ca\u0142ym \u015bwiecie rozpoznawanym symbolem gwarantuj\u0105cym doskona\u0142o\u015b\u0107 jako\u015bci i autentyczno\u015b\u0107 PAMP. Z charakterystycznym wyko\u0144czeniem przypominaj\u0105cym stemplem, rzymska bogini dobrobytu jest przedstawiona z wszystkimi swoimi mitycznymi atrybutami: k\u0142osami pszenicy, makami, rogiem obfito\u015bci, cennymi monetami i ko\u0142em fortuny. Niew\u0105tpliwie, ikoniczny wizerunek Lady Fortuna&#x2122; to najbardziej rozpoznawany i presti\u017cowy wz\u00f3r sztabki bulionowej na \u015bwiecie. Akredytowana przez Szwajcarski Federalny Urz\u0105d, ka\u017cda sztabka jest indywidualnie zarejestrowana i zapakowana w ochronne opakowanie CertiPAMP&#x2122;, zawieraj\u0105ce zintegrowany i oficjalny certyfikat pr\u00f3by, kt\u00f3ry gwarantuje zawarto\u015b\u0107 metalu szlachetnego oraz wag\u0119, chronione zdejmowan\u0105 foli\u0105.<\/p>","protected":false},"featured_media":73,"comment_status":"closed","ping_status":"closed","template":"","meta":{"_kad_blocks_custom_css":"","_kad_blocks_head_custom_js":"","_kad_blocks_body_custom_js":"","_kad_blocks_footer_custom_js":"","_kad_post_transparent":"default","_kad_post_title":"","_kad_post_layout":"default","_kad_post_sidebar_id":"","_kad_post_content_style":"default","_kad_post_vertical_padding":"default","_kad_post_feature":"","_kad_post_feature_position":"","_kad_post_header":false,"_kad_post_footer":false,"_kad_post_classname":""},"product_brand":[20],"product_cat":[21],"product_tag":[],"class_list":{"0":"post-72","1":"product","2":"type-product","3":"status-publish","4":"has-post-thumbnail","6":"product_brand-pamp","7":"product_cat-sztabki-zlota","8":"pa_grubosc-1-61-mm","9":"pa_metal-zloto","10":"pa_proba-23","11":"pa_rozmiar-17-1-x-29-5-mm","12":"pa_waga-0-5-oz-t","14":"first","15":"instock","16":"shipping-taxable","17":"product-type-simple","18":"entry","19":"content-bg","20":"loop-entry"},"taxonomy_info":{"product_brand":[{"value":20,"label":"PAMP"}],"product_cat":[{"value":21,"label":"Sztabki z\u0142ota"}],"pa_grubosc":[{"value":51,"label":"1.61 mm"}],"pa_metal":[{"value":98,"label":"Z\u0142oto"}],"pa_proba":[{"value":23,"label":"999,9"}],"pa_rozmiar":[{"value":49,"label":"17.1 x 29.5 mm"}],"pa_waga":[{"value":77,"label":"0.5 oz t"}]},"featured_image_src_large":["https:\/\/www.mintofgold.com\/wp-content\/uploads\/2025\/02\/Fortuna_Gold_Minted_Bar_1_2_oz.png",1000,1000,false],"author_info":[],"comment_info":0,"_links":{"self":[{"href":"https:\/\/www.mintofgold.com\/ja\/wp-json\/wp\/v2\/product\/72","targetHints":{"allow":["GET"]}}],"collection":[{"href":"https:\/\/www.mintofgold.com\/ja\/wp-json\/wp\/v2\/product"}],"about":[{"href":"https:\/\/www.mintofgold.com\/ja\/wp-json\/wp\/v2\/types\/product"}],"replies":[{"embeddable":true,"href":"https:\/\/www.mintofgold.com\/ja\/wp-json\/wp\/v2\/comments?post=72"}],"wp:featuredmedia":[{"embeddable":true,"href":"https:\/\/www.mintofgold.com\/ja\/wp-json\/wp\/v2\/media\/73"}],"wp:attachment":[{"href":"https:\/\/www.mintofgold.com\/ja\/wp-json\/wp\/v2\/media?parent=72"}],"wp:term":[{"taxonomy":"product_brand","embeddable":true,"href":"https:\/\/www.mintofgold.com\/ja\/wp-json\/wp\/v2\/product_brand?post=72"},{"taxonomy":"product_cat","embeddable":true,"href":"https:\/\/www.mintofgold.com\/ja\/wp-json\/wp\/v2\/product_cat?post=72"},{"taxonomy":"product_tag","embeddable":true,"href":"https:\/\/www.mintofgold.com\/ja\/wp-json\/wp\/v2\/product_tag?post=72"}],"curies":[{"name":"wp","href":"https:\/\/api.w.org\/{rel}","templated":true}]}}