{"id":70,"date":"2025-02-21T09:18:56","date_gmt":"2025-02-21T08:18:56","guid":{"rendered":"https:\/\/mintofgold.com\/?post_type=product&#038;p=70"},"modified":"2025-02-28T14:15:11","modified_gmt":"2025-02-28T13:15:11","slug":"fortuna-gold-minted-bar-1-oz","status":"publish","type":"product","link":"https:\/\/www.mintofgold.com\/ja\/fortuna-gold-minted-bar-1-oz\/","title":{"rendered":"\u30d5\u30a9\u30fc\u30c1\u30e5\u30ca\u30fb\u30b4\u30fc\u30eb\u30c9\u30fb\u30df\u30f3\u30c8\u30fb\u30d0\u30fc 1\u30aa\u30f3\u30b9"},"content":{"rendered":"<p data-start=\"0\" data-end=\"279\">PAMP\u306f\u3001\u305d\u306e\u3088\u3046\u306a\u4e16\u754c\u7684\u306b\u6709\u540d\u306a\u30d0\u30f3\u30c9\u3092\u518d\u751f\u3055\u305b\u308b\u305f\u3081\u306b\u3001\u91d1\u5c5e\u7684\u306a\u91d1\u5c5e\u30de\u30fc\u30af\u3092\u4f5c\u3063\u3066\u3044\u307e\u3059\u30021979\u5e74\u306e\u30ec\u30c7\u30a3\u30fb\u30d5\u30a9\u30fc\u30c1\u30e5\u30ca\u306f\u3001\u82b8\u8853\u7684\u306a\u30b7\u30f3\u30dc\u30eb\u3067\u3042\u308bPAMP\u306e\u30ed\u30b4\u3092\u4f7f\u7528\u3057\u307e\u3057\u305f\u3002.<\/p>\n<p data-start=\"281\" data-end=\"500\">Dzi\u0119ki charakterystycznemu, lustrzanemu wyko\u0144czeniu rzymska bogini dobrobytu jest przedstawiona ze wszystkimi swoimi mitycznymi atrybutami: snopami pszenicy, makami, rogiem obfito\u015bci, cennymi monetami i ko\u0142em fortuny.<\/p>\n<p data-start=\"502\" data-end=\"638\">\u30ec\u30c7\u30a3\u30fc\u30fb\u30d5\u30a9\u30eb\u30c8\u30a5\u30ca\u2122\u306f\u3001\u4e16\u754c\u7684\u306b\u6709\u540d\u306a\u30b5\u30c3\u30ab\u30fc\u30c1\u30fc\u30e0\u3001\u30ec\u30c7\u30a3\u30fc\u30fb\u30d5\u30a9\u30eb\u30c8\u30a5\u30ca\u2122\u3068\u63d0\u643a\u3057\u3001\u4e16\u754c\u7684\u306b\u6709\u540d\u306a\u30b5\u30c3\u30ab\u30fc\u30fb\u30c1\u30fc\u30e0\u3001\u30ec\u30c7\u30a3\u30fc\u30fb\u30d5\u30a9\u30eb\u30c8\u30a5\u30ca\u2122\u3068\u63d0\u643a\u3057\u3001\u4e16\u754c\u7684\u306b\u6709\u540d\u306a\u30b5\u30c3\u30ab\u30fc\u30fb\u30c1\u30fc\u30e0\u3001\u30ec\u30c7\u30a3\u30fc\u30fb\u30d5\u30a9\u30eb\u30c8\u30a5\u30ca\u2122\u3068\u63d0\u643a\u3057\u3001\u4e16\u754c\u7684\u306b\u6709\u540d\u306a\u30b5\u30c3\u30ab\u30fc\u30fb\u30c1\u30fc\u30e0\u3001\u30ec\u30c7\u30a3\u30fc\u30fb\u30d5\u30a9\u30eb\u30c8\u30a5\u30ca\u2122\u3068\u63d0\u643a\u3057\u3001\u4e16\u754c\u7684\u306b\u6709\u540d\u306a\u30b5\u30c3\u30ab\u30fc\u30fb\u30c1\u30fc\u30e0\u3001\u30ec\u30c7\u30a3\u30fc\u30fb\u30d5\u30a9\u30eb\u30c8\u30a5\u30ca\u2122\u3068\u63d0\u643a\u3057\u307e\u3057\u305f\u3002.<\/p>\n<p data-start=\"640\" data-end=\"934\" data-is-last-node=\"\">\u30b9\u30a6\u30a7\u30fc\u30c7\u30f3\u306e\u9023\u90a6\u30d3\u30a8\u30f3\u30ca\u30fc\u30ec\u306e\u8a8d\u5b9a\u3092\u53d7\u3051\u3001CertiPAMP\u2122\u306e\u8a8d\u8a3c\u3092\u53d6\u5f97\u3057\u307e\u3057\u305f\u3001\u305d\u306e\u305f\u3081\u3001\u3053\u306e\u3088\u3046\u306a\u91d1\u5c5e\u3084\u6728\u6750\u3092\u4f7f\u7528\u3059\u308b\u3053\u3068\u304c\u3067\u304d\u307e\u3059\u3002.<\/p>","protected":false},"excerpt":{"rendered":"<p>PAMP by\u0142a pierwsz\u0105 mark\u0105 metali szlachetnych, kt\u00f3ra ozdobi\u0142a rewersy swoich wybitych sztabek. Wprowadzona w 1979 roku Lady Fortuna&#x2122; by\u0142a pierwszym z tych artystycznych motyw\u00f3w i do dzi\u015b jest \u015bwiatowo rozpoznawalnym symbolem, gwarantuj\u0105cym najwy\u017csz\u0105 jako\u015b\u0107 i autentyczno\u015b\u0107 PAMP. Dzi\u0119ki charakterystycznemu, lustrzanemu wyko\u0144czeniu rzymska bogini dobrobytu jest przedstawiona ze wszystkimi swoimi mitycznymi atrybutami: snopami pszenicy, makami, rogiem obfito\u015bci, cennymi monetami i ko\u0142em fortuny. Bez w\u0105tpienia ikoniczny wizerunek Lady Fortuna&#x2122; jest najbardziej rozpoznawalnym i presti\u017cowym projektem sztabki bulionowej na \u015bwiecie. Akredytowana przez Szwajcarskie Federalne Biuro, ka\u017cda sztabka jest indywidualnie rejestrowana i zapiecz\u0119towana w ochronnym opakowaniu CertiPAMP&#x2122; ze zintegrowanym i oficjalnym certyfikatem badania, kt\u00f3ry gwarantuje zawarto\u015b\u0107 czystego metalu szlachetnego oraz wag\u0119, zabezpieczon\u0105 usuwaln\u0105 foli\u0105.<\/p>","protected":false},"featured_media":71,"comment_status":"closed","ping_status":"closed","template":"","meta":{"_kad_blocks_custom_css":"","_kad_blocks_head_custom_js":"","_kad_blocks_body_custom_js":"","_kad_blocks_footer_custom_js":"","_kad_post_transparent":"default","_kad_post_title":"","_kad_post_layout":"default","_kad_post_sidebar_id":"","_kad_post_content_style":"default","_kad_post_vertical_padding":"default","_kad_post_feature":"","_kad_post_feature_position":"","_kad_post_header":false,"_kad_post_footer":false,"_kad_post_classname":""},"product_brand":[20],"product_cat":[21],"product_tag":[],"class_list":{"0":"post-70","1":"product","2":"type-product","3":"status-publish","4":"has-post-thumbnail","6":"product_brand-pamp","7":"product_cat-sztabki-zlota","8":"pa_grubosc-1-66-mm","9":"pa_metal-zloto","10":"pa_proba-23","11":"pa_rozmiar-24x41-mm","12":"pa_waga-1-oz-t","14":"first","15":"instock","16":"shipping-taxable","17":"product-type-simple","18":"entry","19":"content-bg","20":"loop-entry"},"taxonomy_info":{"product_brand":[{"value":20,"label":"PAMP"}],"product_cat":[{"value":21,"label":"Sztabki z\u0142ota"}],"pa_grubosc":[{"value":48,"label":"1.66 mm"}],"pa_metal":[{"value":98,"label":"Z\u0142oto"}],"pa_proba":[{"value":23,"label":"999,9"}],"pa_rozmiar":[{"value":24,"label":"24x41 mm"}],"pa_waga":[{"value":76,"label":"1 oz t"}]},"featured_image_src_large":["https:\/\/www.mintofgold.com\/wp-content\/uploads\/2025\/02\/Fortuna_Gold_Minted_Bar_1_oz.png",1000,1000,false],"author_info":[],"comment_info":0,"_links":{"self":[{"href":"https:\/\/www.mintofgold.com\/ja\/wp-json\/wp\/v2\/product\/70","targetHints":{"allow":["GET"]}}],"collection":[{"href":"https:\/\/www.mintofgold.com\/ja\/wp-json\/wp\/v2\/product"}],"about":[{"href":"https:\/\/www.mintofgold.com\/ja\/wp-json\/wp\/v2\/types\/product"}],"replies":[{"embeddable":true,"href":"https:\/\/www.mintofgold.com\/ja\/wp-json\/wp\/v2\/comments?post=70"}],"wp:featuredmedia":[{"embeddable":true,"href":"https:\/\/www.mintofgold.com\/ja\/wp-json\/wp\/v2\/media\/71"}],"wp:attachment":[{"href":"https:\/\/www.mintofgold.com\/ja\/wp-json\/wp\/v2\/media?parent=70"}],"wp:term":[{"taxonomy":"product_brand","embeddable":true,"href":"https:\/\/www.mintofgold.com\/ja\/wp-json\/wp\/v2\/product_brand?post=70"},{"taxonomy":"product_cat","embeddable":true,"href":"https:\/\/www.mintofgold.com\/ja\/wp-json\/wp\/v2\/product_cat?post=70"},{"taxonomy":"product_tag","embeddable":true,"href":"https:\/\/www.mintofgold.com\/ja\/wp-json\/wp\/v2\/product_tag?post=70"}],"curies":[{"name":"wp","href":"https:\/\/api.w.org\/{rel}","templated":true}]}}