{"id":664,"date":"2025-02-20T11:48:58","date_gmt":"2025-02-20T10:48:58","guid":{"rendered":"https:\/\/mintofgold.com\/?post_type=product&#038;p=664"},"modified":"2025-02-28T17:33:28","modified_gmt":"2025-02-28T16:33:28","slug":"100g-gold-999-9-classic-odlewana","status":"publish","type":"product","link":"https:\/\/www.mintofgold.com\/ja\/100g-gold-999-9-classic-odlewana\/","title":{"rendered":"100g Gold 999.9 &#8211; Classic &#8211; Odlewana"},"content":{"rendered":"<p>Heraeus produkuje sztabki odlewane w czterech rozmiarach: 100 g, 250 g, 500 g, 1 000 g. Podobnie jak wszystkie sztabki z\u0142ota Heraeus, sztabka 100 g posiada numer seryjny. Czysto\u015b\u0107 wynosi 999,9. Sztabka ta jest dostarczana z certyfikatem, kt\u00f3ry razem ze sztabk\u0105 jest zapiecz\u0119towany w folii plastikowej.<br data-start=\"301\" data-end=\"304\" \/>Sztabka 100 g jest jedyn\u0105 sztabk\u0105 z\u0142ota, kt\u00f3ra jest dost\u0119pna zar\u00f3wno w wersji bitej, jak i odlewanej.<\/p>","protected":false},"excerpt":{"rendered":"<p>Heraeus produkuje sztabki odlewane w czterech rozmiarach: 100 g, 250 g, 500 g, 1 000 g. Podobnie jak wszystkie sztabki z\u0142ota Heraeus, sztabka 100 g posiada numer seryjny. Czysto\u015b\u0107 wynosi 999,9. Sztabka ta jest dostarczana z certyfikatem, kt\u00f3ry razem ze sztabk\u0105 jest zapiecz\u0119towany w folii plastikowej.Sztabka 100 g jest jedyn\u0105 sztabk\u0105 z\u0142ota, kt\u00f3ra jest dost\u0119pna zar\u00f3wno w wersji bitej, jak i odlewanej.<\/p>","protected":false},"featured_media":665,"comment_status":"closed","ping_status":"closed","template":"","meta":{"_kad_blocks_custom_css":"","_kad_blocks_head_custom_js":"","_kad_blocks_body_custom_js":"","_kad_blocks_footer_custom_js":"","_kad_post_transparent":"default","_kad_post_title":"","_kad_post_layout":"default","_kad_post_sidebar_id":"","_kad_post_content_style":"default","_kad_post_vertical_padding":"default","_kad_post_feature":"","_kad_post_feature_position":"","_kad_post_header":false,"_kad_post_footer":false,"_kad_post_classname":""},"product_brand":[66],"product_cat":[21],"product_tag":[],"class_list":{"0":"post-664","1":"product","2":"type-product","3":"status-publish","4":"has-post-thumbnail","6":"product_brand-heraeus-precious-metals","7":"product_cat-sztabki-zlota","8":"pa_metal-zloto","9":"pa_proba-23","10":"pa_rozmiar-45-x-24-x-5-mm","11":"pa_waga-100g","13":"first","14":"instock","15":"shipping-taxable","16":"product-type-simple","17":"entry","18":"content-bg","19":"loop-entry"},"taxonomy_info":{"product_brand":[{"value":66,"label":"HERAEUS - PRECIOUS METALS"}],"product_cat":[{"value":21,"label":"Sztabki z\u0142ota"}],"pa_metal":[{"value":98,"label":"Z\u0142oto"}],"pa_proba":[{"value":23,"label":"999,9"}],"pa_rozmiar":[{"value":191,"label":"45 x 24 x 5 mm"}],"pa_waga":[{"value":72,"label":"100g"}]},"featured_image_src_large":["https:\/\/www.mintofgold.com\/wp-content\/uploads\/2025\/02\/100g-gold-999-9-classic-odlew-h-p-m-1024x1024.png",1024,1024,true],"author_info":[],"comment_info":0,"_links":{"self":[{"href":"https:\/\/www.mintofgold.com\/ja\/wp-json\/wp\/v2\/product\/664","targetHints":{"allow":["GET"]}}],"collection":[{"href":"https:\/\/www.mintofgold.com\/ja\/wp-json\/wp\/v2\/product"}],"about":[{"href":"https:\/\/www.mintofgold.com\/ja\/wp-json\/wp\/v2\/types\/product"}],"replies":[{"embeddable":true,"href":"https:\/\/www.mintofgold.com\/ja\/wp-json\/wp\/v2\/comments?post=664"}],"wp:featuredmedia":[{"embeddable":true,"href":"https:\/\/www.mintofgold.com\/ja\/wp-json\/wp\/v2\/media\/665"}],"wp:attachment":[{"href":"https:\/\/www.mintofgold.com\/ja\/wp-json\/wp\/v2\/media?parent=664"}],"wp:term":[{"taxonomy":"product_brand","embeddable":true,"href":"https:\/\/www.mintofgold.com\/ja\/wp-json\/wp\/v2\/product_brand?post=664"},{"taxonomy":"product_cat","embeddable":true,"href":"https:\/\/www.mintofgold.com\/ja\/wp-json\/wp\/v2\/product_cat?post=664"},{"taxonomy":"product_tag","embeddable":true,"href":"https:\/\/www.mintofgold.com\/ja\/wp-json\/wp\/v2\/product_tag?post=664"}],"curies":[{"name":"wp","href":"https:\/\/api.w.org\/{rel}","templated":true}]}}