{"id":57,"date":"2025-02-21T09:06:14","date_gmt":"2025-02-21T08:06:14","guid":{"rendered":"https:\/\/mintofgold.com\/?post_type=product&#038;p=57"},"modified":"2025-02-28T14:13:48","modified_gmt":"2025-02-28T13:13:48","slug":"fortuna-gold-minted-bar-250g","status":"publish","type":"product","link":"https:\/\/www.mintofgold.com\/ja\/fortuna-gold-minted-bar-250g\/","title":{"rendered":"\u30d5\u30a9\u30eb\u30c8\u30a5\u30ca \u30b4\u30fc\u30eb\u30c9\u30fb\u30df\u30f3\u30c8\u30fb\u30d0\u30fc 250g"},"content":{"rendered":"<p>PAMP\u306f\u30b9\u30e9\u30c3\u30b7\u30e5\u30fb\u30e1\u30bf\u30eb\u306e\u30de\u30fc\u30af\u3067\u77e5\u3089\u308c\u3001\u305d\u306e\u30de\u30fc\u30af\u306f\u3001\u4e16\u754c\u7684\u306b\u6709\u540d\u306a\u97f3\u697d\u30ec\u30fc\u30d9\u30eb\u306e\u305f\u3081\u306b\u4f5c\u3089\u308c\u305f\u3082\u306e\u3067\u3059\u30021979\u5e74\u306b\u7d50\u6210\u3055\u308c\u305fLady Fortuna\u2122\u306f\u3001\u82b8\u8853\u7684\u306a\u30b7\u30f3\u30dc\u30eb\u3067\u3042\u308bPAMP\u306e\u30b7\u30f3\u30dc\u30eb\u3068\u3057\u3066\u77e5\u3089\u308c\u308b\u3088\u3046\u306b\u306a\u308a\u307e\u3057\u305f\u3002\u305d\u306e\u3088\u3046\u306a\u30b7\u30f3\u30dc\u30eb\u306b\u306f\u3001\u30b9\u30ce\u30fc\u30dc\u30fc\u30c9\u3001\u30b5\u30c3\u30ab\u30fc\u3001\u30b5\u30c3\u30ab\u30fc\u30b0\u30c3\u30ba\u3001\u30b5\u30c3\u30ab\u30fc\u30b0\u30c3\u30ba\u3001\u30b5\u30c3\u30ab\u30fc\u30b0\u30c3\u30ba\u3001\u30b5\u30c3\u30ab\u30fc\u30b0\u30c3\u30ba\u3001\u30b5\u30c3\u30ab\u30fc\u30b0\u30c3\u30ba\u3001\u30b5\u30c3\u30ab\u30fc\u30b0\u30c3\u30ba\u306a\u3069\u304c\u3042\u308a\u307e\u3059\u3002\u30ec\u30c7\u30a3\u30fb\u30d5\u30a9\u30fc\u30c1\u30e5\u30cb\u30a3\u2122\u306f\u3001\u015bwiecie\u306b\u3042\u308b\u6709\u540d\u306a\u30ec\u30b9\u30c8\u30e9\u30f3\u3084\u9ad8\u7d1a\u30ec\u30b9\u30c8\u30e9\u30f3\u3092\u904b\u55b6\u3057\u3066\u3044\u307e\u3059\u3002\u30b9\u30a6\u30a7\u30fc\u30c7\u30f3\u306e\u9023\u90a6\u30d3\u30a8\u30f3\u30ca\u30fc\u30ec\u3067\u306f\u3001CertiPAMP\u2122\u306e\u8a8d\u8a3c\u3092\u53d6\u5f97\u3059\u308b\u305f\u3081\u306b\u3001\u3053\u306e\u8a8d\u8a3c\u306e\u53d6\u5f97\u304c\u7fa9\u52d9\u4ed8\u3051\u3089\u308c\u3066\u3044\u307e\u3059\u3001\u305d\u306e\u305f\u3081\u3001\u3053\u306e\u3088\u3046\u306a\u91d1\u5c5e\u3092\u4f7f\u7528\u3059\u308b\u3053\u3068\u3067\u3001\u91d1\u5c5e\u677f\u3084\u30ac\u30e9\u30b9\u677f\u3092\u4fdd\u8b77\u3059\u308b\u3053\u3068\u304c\u3067\u304d\u307e\u3059\u3002.<\/p>","protected":false},"excerpt":{"rendered":"<p>PAMP by\u0142a pierwsz\u0105 mark\u0105 metali szlachetnych, kt\u00f3ra ozdobi\u0142a rewersy swoich sztabek wybitymi motywami. Wprowadzona w 1979 roku Lady Fortuna&#x2122; by\u0142a pierwszym z tych artystycznych wzor\u00f3w i do dzi\u015b jest \u015bwiatowo rozpoznawalnym symbolem gwarantuj\u0105cym doskona\u0142\u0105 jako\u015b\u0107 i autentyczno\u015b\u0107 PAMP. Z charakterystycznym, lustrzanym wyko\u0144czeniem, rzymska bogini dobrobytu jest przedstawiona ze wszystkimi swoimi mitycznymi atrybutami: snopami pszenicy, makami, rogiem obfito\u015bci, cennymi monetami i ko\u0142em fortuny. Bez w\u0105tpienia ikoniczny wizerunek Lady Fortuny&#x2122; jest najbardziej rozpoznawalnym i presti\u017cowym wzorem sztabek bulionowych na \u015bwiecie. Akredytowana przez Szwajcarskie Federalne Biuro, ka\u017cda sztabka jest indywidualnie rejestrowana i zapiecz\u0119towana w ochronnym opakowaniu CertiPAMP&#x2122; z zintegrowanym i oficjalnym certyfikatem badania, kt\u00f3ry gwarantuje zawarto\u015b\u0107 czystego metalu szlachetnego oraz wag\u0119, zabezpieczony usuwaln\u0105&#8230;<\/p>","protected":false},"featured_media":58,"comment_status":"closed","ping_status":"closed","template":"","meta":{"_kad_blocks_custom_css":"","_kad_blocks_head_custom_js":"","_kad_blocks_body_custom_js":"","_kad_blocks_footer_custom_js":"","_kad_post_transparent":"default","_kad_post_title":"","_kad_post_layout":"default","_kad_post_sidebar_id":"","_kad_post_content_style":"default","_kad_post_vertical_padding":"default","_kad_post_feature":"","_kad_post_feature_position":"","_kad_post_header":false,"_kad_post_footer":false,"_kad_post_classname":""},"product_brand":[20],"product_cat":[21],"product_tag":[],"class_list":{"0":"post-57","1":"product","2":"type-product","3":"status-publish","4":"has-post-thumbnail","6":"product_brand-pamp","7":"product_cat-sztabki-zlota","8":"pa_grubosc-694-mm","9":"pa_metal-zloto","10":"pa_proba-23","11":"pa_rozmiar-35-x-60-mm","12":"pa_waga-250g","14":"first","15":"instock","16":"shipping-taxable","17":"product-type-simple","18":"entry","19":"content-bg","20":"loop-entry"},"taxonomy_info":{"product_brand":[{"value":20,"label":"PAMP"}],"product_cat":[{"value":21,"label":"Sztabki z\u0142ota"}],"pa_grubosc":[{"value":35,"label":"6,94 mm"}],"pa_metal":[{"value":98,"label":"Z\u0142oto"}],"pa_proba":[{"value":23,"label":"999,9"}],"pa_rozmiar":[{"value":33,"label":"35 x 60 mm"}],"pa_waga":[{"value":71,"label":"250g"}]},"featured_image_src_large":["https:\/\/www.mintofgold.com\/wp-content\/uploads\/2025\/02\/250g_fortuna.png",1000,1000,false],"author_info":[],"comment_info":0,"_links":{"self":[{"href":"https:\/\/www.mintofgold.com\/ja\/wp-json\/wp\/v2\/product\/57","targetHints":{"allow":["GET"]}}],"collection":[{"href":"https:\/\/www.mintofgold.com\/ja\/wp-json\/wp\/v2\/product"}],"about":[{"href":"https:\/\/www.mintofgold.com\/ja\/wp-json\/wp\/v2\/types\/product"}],"replies":[{"embeddable":true,"href":"https:\/\/www.mintofgold.com\/ja\/wp-json\/wp\/v2\/comments?post=57"}],"wp:featuredmedia":[{"embeddable":true,"href":"https:\/\/www.mintofgold.com\/ja\/wp-json\/wp\/v2\/media\/58"}],"wp:attachment":[{"href":"https:\/\/www.mintofgold.com\/ja\/wp-json\/wp\/v2\/media?parent=57"}],"wp:term":[{"taxonomy":"product_brand","embeddable":true,"href":"https:\/\/www.mintofgold.com\/ja\/wp-json\/wp\/v2\/product_brand?post=57"},{"taxonomy":"product_cat","embeddable":true,"href":"https:\/\/www.mintofgold.com\/ja\/wp-json\/wp\/v2\/product_cat?post=57"},{"taxonomy":"product_tag","embeddable":true,"href":"https:\/\/www.mintofgold.com\/ja\/wp-json\/wp\/v2\/product_tag?post=57"}],"curies":[{"name":"wp","href":"https:\/\/api.w.org\/{rel}","templated":true}]}}