{"id":48,"date":"2025-02-21T09:00:55","date_gmt":"2025-02-21T08:00:55","guid":{"rendered":"https:\/\/mintofgold.com\/?post_type=product&#038;p=48"},"modified":"2025-02-28T14:19:11","modified_gmt":"2025-02-28T13:19:11","slug":"newmont-1oz-pure-gold-bar-lady-of-liberty","status":"publish","type":"product","link":"https:\/\/www.mintofgold.com\/ja\/newmont-1oz-pure-gold-bar-lady-of-liberty\/","title":{"rendered":"\u30cb\u30e5\u30fc\u30e2\u30f3\u30c8 1\u30aa\u30f3\u30b9\u7d14\u91d1\u30d0\u30fc \u30ec\u30c7\u30a3\u30fb\u30aa\u30d6\u30fb\u30ea\u30d0\u30c6\u30a3"},"content":{"rendered":"<p>PAMP\/Newmont\u306e1\u30aa\u30f3\u30b9 \u30ec\u30c7\u30a3\u30fb\u30aa\u30d6\u30fb\u30ea\u30d0\u30c6\u30a3\u306f\u3001\u30cb\u30e5\u30fc\u30e2\u30f3\u30c8\u793e\u88fd\u3001MKS PAMP\u793e\u88fd\u3001Provenance\u793e\u88fd\u3092\u30d9\u30fc\u30b9\u306b\u3057\u305f\u3001\u30b7\u30f3\u30d7\u30eb\u306a\u30c7\u30b6\u30a4\u30f3\u3067\u3059\u3002\u3053\u306e\u30d7\u30ed\u30b8\u30a7\u30af\u30c8\u306f\u3001\u30a2\u30fc\u30eb\u30fb\u30c7\u30b3\u69d8\u5f0f\u3001\u81ea\u7531\u306e\u5973\u795e\u3001\u4e16\u754c\u7684\u306a\u30b7\u30f3\u30dc\u30eb\u3001\u6c11\u4e3b\u4e3b\u7fa9\u3001\u305d\u3057\u3066\u7d4c\u6e08\u7684\u306a\u30b7\u30f3\u30dc\u30eb\u304b\u3089\u69cb\u6210\u3055\u308c\u3066\u3044\u307e\u3059\u3002\u81ea\u7531\u306e\u5973\u795e\u306e\u30b7\u30f3\u30dc\u30eb\u3067\u3042\u308b\u8096\u50cf\u753b\u3084\u3001\u30b0\u30ec\u30b3\u30fb\u30c7\u30b6\u30a4\u30f3\u69d8\u5f0f\u3068\u4e00\u4f53\u5316\u3057\u3001\u6c11\u4e3b\u4e3b\u7fa9\u7684\u306a\u601d\u60f3\u3092\u8868\u73fe\u3057\u3066\u3044\u307e\u3059\u3002.<\/p>\n<p>\u30cb\u30e5\u30fc\u30e2\u30f3\u30c8\u3067\u306f\u3001\u4f01\u696d\u3084\u751f\u7523\u8005\u3001\u30b3\u30df\u30e5\u30cb\u30c6\u30a3\u3001\u30aa\u30d5\u30a3\u30b9\u3001\u4e8b\u696d\u6240\u3068\u306e\u30d1\u30fc\u30c8\u30ca\u30fc\u30b7\u30c3\u30d7\u3092\u69cb\u7bc9\u3057\u3066\u3044\u307e\u3059\u3002\u30dd\u30fc\u30c8\u30d5\u30a9\u30ea\u30aa\u4f1a\u793e\u306f\u3001\u80fd\u529b\u3001\u5c02\u9580\u6027\u3001\u624d\u80fd\u3092\u6301\u3061\u3001\u30a2\u30d5\u30ea\u30b7 \u30a2\u3001\u30aa\u30fc\u30b9\u30c8\u30e9\u30ea\u30a2\u3001\u30c1\u30ea\u3001\u30ab\u30ea\u30d6\u6d77\u3001\u30dd\u30fc\u30e9\u30f3\u30c9\u3001\u307e\u305f\u306f\u30d1\u30d7\u30a4\u30fb\u30cb\u30e5\u30fc\u30ae\u30cb\u30a2\u306b\u304a\u3051 \u308b\u3001\u4e16\u754c\u6709\u6570\u306e\u4f01\u696d\u30b0\u30eb\u30fc\u30d7\u306b\u5c5e\u3057\u3066\u3044\u307e\u3059\u3002\u30cb\u30e5\u30fc\u30e2\u30f3\u30c8\u306f\u3001S&amp;P 500\u7a2e\u682a\u4fa1\u6307\u6570\u306b\u63a1\u7528\u3055\u308c\u305f\u751f\u7523\u4f1a\u793e\u3067\u3001S&amp;P 500\u7a2e\u682a\u4fa1\u6307\u6570\u306b\u63a1\u7528\u3055\u308c\u305f\u751f\u7523\u4f1a\u793e\u3067\u3001S&amp;P 500\u7a2e\u682a\u4fa1\u6307\u6570\u306b\u63a1\u7528\u3055\u308c\u305f\u751f\u7523\u4f1a\u793e\u3067\u3001S&amp;P 500\u7a2e\u682a\u4fa1\u6307\u6570\u306b\u63a1\u7528\u3055\u308c\u305f\u751f\u7523\u4f1a\u793e\u3067\u3059\u3002\u30cb\u30e5\u30fc\u30e2\u30f3\u30c8\u306f\u3001\u78ba\u56fa\u305f\u308b\u6a19\u6e96\u7684\u306a\u54c1\u8cea\u3001\u751f\u7523\u80fd\u529b\u3001\u6280\u8853\u529b\u3092\u5099\u3048\u305f\u30012\u3064\u306e\u696d\u754c\u3092\u30ea\u30fc\u30c9\u3059\u308b\u4f01\u696d\u3067\u3059\u3002\u4f1a\u793e\u306f1921\u5e74\u306b\u8a2d\u7acb\u3055\u308c\u30011925\u5e74\u4ee5\u964d\u3001\u305d\u306e\u540d\u3092\u5e83\u304f\u77e5\u3089\u308c\u308b\u3088\u3046\u306b\u306a\u308a\u307e\u3057\u305f\u3002.<\/p>","protected":false},"excerpt":{"rendered":"<p>Sztabka czystego z\u0142ota PAMP\/Newmont 1 oz Lady of Liberty to sztabka z\u0142ota, kt\u00f3r\u0105 mo\u017cna prze\u015bledzi\u0107 od kopalni do rynku, wykonana wy\u0142\u0105cznie ze z\u0142ota wydobywanego przez Newmont, rafinowana i bita przez MKS PAMP w Szwajcarii \u2013 wspierana przez Provenance. Ta pi\u0119kna sztabka prezentuje interpretacj\u0119 projektu w stylu Art Deco, przedstawiaj\u0105c\u0105 Lady of Liberty, symbol wolno\u015bci, demokracji i o\u015bwiecenia. Te uczucia s\u0105 symbolizowane przez miecz Lady of Liberty, broni\u0105cy wolno\u015bci ludzi, oraz p\u0142yn\u0105c\u0105 tog\u0119 w stylu grecko-rzymskim, reprezentuj\u0105c\u0105 demokratyczne idea\u0142y, podczas gdy ona niesie latarni\u0119 o\u015bwietlaj\u0105c\u0105 drog\u0119 do jasnej przysz\u0142o\u015bci. Newmont to wiod\u0105ca na \u015bwiecie firma zajmuj\u0105ca si\u0119 wydobyciem z\u0142ota oraz producent miedzi, cynku, o\u0142owiu i srebra. Portfolio firmy, obejmuj\u0105ce \u015bwiatowej klasy&#8230;<\/p>","protected":false},"featured_media":49,"comment_status":"closed","ping_status":"closed","template":"","meta":{"_kad_blocks_custom_css":"","_kad_blocks_head_custom_js":"","_kad_blocks_body_custom_js":"","_kad_blocks_footer_custom_js":"","_kad_post_transparent":"default","_kad_post_title":"","_kad_post_layout":"default","_kad_post_sidebar_id":"","_kad_post_content_style":"default","_kad_post_vertical_padding":"default","_kad_post_feature":"","_kad_post_feature_position":"","_kad_post_header":false,"_kad_post_footer":false,"_kad_post_classname":""},"product_brand":[20],"product_cat":[21],"product_tag":[],"class_list":{"0":"post-48","1":"product","2":"type-product","3":"status-publish","4":"has-post-thumbnail","6":"product_brand-pamp","7":"product_cat-sztabki-zlota","8":"pa_grubosc-166-mm","9":"pa_metal-zloto","10":"pa_proba-23","11":"pa_rozmiar-24x41-mm","12":"pa_waga-1-ounce","14":"first","15":"instock","16":"shipping-taxable","17":"product-type-simple","18":"entry","19":"content-bg","20":"loop-entry"},"taxonomy_info":{"product_brand":[{"value":20,"label":"PAMP"}],"product_cat":[{"value":21,"label":"Sztabki z\u0142ota"}],"pa_grubosc":[{"value":26,"label":"1,66 mm"}],"pa_metal":[{"value":98,"label":"Z\u0142oto"}],"pa_proba":[{"value":23,"label":"999,9"}],"pa_rozmiar":[{"value":24,"label":"24x41 mm"}],"pa_waga":[{"value":68,"label":"1 Ounce"}]},"featured_image_src_large":["https:\/\/www.mintofgold.com\/wp-content\/uploads\/2025\/02\/lady-of-liberty_reverse_certipamp_0.png",1000,1000,false],"author_info":[],"comment_info":0,"_links":{"self":[{"href":"https:\/\/www.mintofgold.com\/ja\/wp-json\/wp\/v2\/product\/48","targetHints":{"allow":["GET"]}}],"collection":[{"href":"https:\/\/www.mintofgold.com\/ja\/wp-json\/wp\/v2\/product"}],"about":[{"href":"https:\/\/www.mintofgold.com\/ja\/wp-json\/wp\/v2\/types\/product"}],"replies":[{"embeddable":true,"href":"https:\/\/www.mintofgold.com\/ja\/wp-json\/wp\/v2\/comments?post=48"}],"wp:featuredmedia":[{"embeddable":true,"href":"https:\/\/www.mintofgold.com\/ja\/wp-json\/wp\/v2\/media\/49"}],"wp:attachment":[{"href":"https:\/\/www.mintofgold.com\/ja\/wp-json\/wp\/v2\/media?parent=48"}],"wp:term":[{"taxonomy":"product_brand","embeddable":true,"href":"https:\/\/www.mintofgold.com\/ja\/wp-json\/wp\/v2\/product_brand?post=48"},{"taxonomy":"product_cat","embeddable":true,"href":"https:\/\/www.mintofgold.com\/ja\/wp-json\/wp\/v2\/product_cat?post=48"},{"taxonomy":"product_tag","embeddable":true,"href":"https:\/\/www.mintofgold.com\/ja\/wp-json\/wp\/v2\/product_tag?post=48"}],"curies":[{"name":"wp","href":"https:\/\/api.w.org\/{rel}","templated":true}]}}