{"id":240,"date":"2025-02-13T14:01:03","date_gmt":"2025-02-13T13:01:03","guid":{"rendered":"https:\/\/mintofgold.com\/?post_type=product&#038;p=240"},"modified":"2025-02-26T12:18:56","modified_gmt":"2025-02-26T11:18:56","slug":"the-falcon-10g","status":"publish","type":"product","link":"https:\/\/www.mintofgold.com\/ja\/the-falcon-10g\/","title":{"rendered":"The Falcon 10g"},"content":{"rendered":"","protected":false},"excerpt":{"rendered":"<p>Sok\u00f3\u0142, mistrz przestworzy, zosta\u0142 przedstawiony siedz\u0105cy na skale, ze z\u0142o\u017conymi skrzyd\u0142ami i wzrokiem utkwionym w horyzont. Misterny grawerunek podkre\u015bla jego ostry dzi\u00f3b, przenikliwe oczy i pot\u0119\u017cne szpony, oddaj\u0105c jego ponadczasow\u0105 elegancj\u0119 oraz kulturowe znaczenie.<\/p>","protected":false},"featured_media":596,"comment_status":"closed","ping_status":"closed","template":"","meta":{"_kad_blocks_custom_css":"","_kad_blocks_head_custom_js":"","_kad_blocks_body_custom_js":"","_kad_blocks_footer_custom_js":"","_kad_post_transparent":"default","_kad_post_title":"","_kad_post_layout":"default","_kad_post_sidebar_id":"","_kad_post_content_style":"default","_kad_post_vertical_padding":"default","_kad_post_feature":"","_kad_post_feature_position":"","_kad_post_header":false,"_kad_post_footer":false,"_kad_post_classname":""},"product_brand":[140],"product_cat":[21],"product_tag":[],"class_list":{"0":"post-240","1":"product","2":"type-product","3":"status-publish","4":"has-post-thumbnail","6":"product_brand-emirates-gold","7":"product_cat-sztabki-zlota","8":"pa_metal-zloto","9":"pa_proba-24-k","10":"pa_rodzaj-certyfikowana-bita-sztabka","11":"pa_waga-10g","13":"first","14":"instock","15":"shipping-taxable","16":"product-type-simple","17":"entry","18":"content-bg","19":"loop-entry"},"taxonomy_info":{"product_brand":[{"value":140,"label":"EMIRATES GOLD"}],"product_cat":[{"value":21,"label":"Sztabki z\u0142ota"}],"pa_metal":[{"value":98,"label":"Z\u0142oto"}],"pa_proba":[{"value":139,"label":"24 K"}],"pa_rodzaj":[{"value":138,"label":"Certyfikowana bita sztabka"}],"pa_waga":[{"value":79,"label":"10g"}]},"featured_image_src_large":["https:\/\/www.mintofgold.com\/wp-content\/uploads\/2025\/02\/the-falcon-10g-a-1024x1024.png",1024,1024,true],"author_info":[],"comment_info":0,"_links":{"self":[{"href":"https:\/\/www.mintofgold.com\/ja\/wp-json\/wp\/v2\/product\/240","targetHints":{"allow":["GET"]}}],"collection":[{"href":"https:\/\/www.mintofgold.com\/ja\/wp-json\/wp\/v2\/product"}],"about":[{"href":"https:\/\/www.mintofgold.com\/ja\/wp-json\/wp\/v2\/types\/product"}],"replies":[{"embeddable":true,"href":"https:\/\/www.mintofgold.com\/ja\/wp-json\/wp\/v2\/comments?post=240"}],"wp:featuredmedia":[{"embeddable":true,"href":"https:\/\/www.mintofgold.com\/ja\/wp-json\/wp\/v2\/media\/596"}],"wp:attachment":[{"href":"https:\/\/www.mintofgold.com\/ja\/wp-json\/wp\/v2\/media?parent=240"}],"wp:term":[{"taxonomy":"product_brand","embeddable":true,"href":"https:\/\/www.mintofgold.com\/ja\/wp-json\/wp\/v2\/product_brand?post=240"},{"taxonomy":"product_cat","embeddable":true,"href":"https:\/\/www.mintofgold.com\/ja\/wp-json\/wp\/v2\/product_cat?post=240"},{"taxonomy":"product_tag","embeddable":true,"href":"https:\/\/www.mintofgold.com\/ja\/wp-json\/wp\/v2\/product_tag?post=240"}],"curies":[{"name":"wp","href":"https:\/\/api.w.org\/{rel}","templated":true}]}}