{"id":233,"date":"2025-02-16T08:28:38","date_gmt":"2025-02-16T07:28:38","guid":{"rendered":"https:\/\/mintofgold.com\/?post_type=product&#038;p=233"},"modified":"2025-02-26T14:08:56","modified_gmt":"2025-02-26T13:08:56","slug":"the-perth-mint-1-kilo-gold-cast-bar","status":"publish","type":"product","link":"https:\/\/www.mintofgold.com\/ja\/the-perth-mint-1-kilo-gold-cast-bar\/","title":{"rendered":"\u30d1\u30fc\u30b9\u9020\u5e63\u5c40 1\u30ad\u30ed\u30fb\u30b4\u30fc\u30eb\u30c9\u30fb\u30ad\u30e3\u30b9\u30c8\u30fb\u30d0\u30fc"},"content":{"rendered":"<p><strong>Sztabka odlewana z\u0142ota<\/strong><\/p>\n<p>Te odlewane sztabki bulionowe o czysto\u015bci 99,99% s\u0105 dost\u0119pne w r\u00f3\u017cnych dogodnych wagach i opatrzone znakiem zarejestrowanym przez London Bullion Market Association (LBMA), co stanowi symbol mi\u0119dzynarodowej wymienialno\u015bci.<\/p>\n<p><strong>Prosz\u0119 zwr\u00f3ci\u0107 uwag\u0119:<\/strong><br \/>\nObrazy maj\u0105 charakter ilustracyjny. Sztabki bulionowe dostarczane mog\u0105 r\u00f3\u017cni\u0107 si\u0119 wyko\u0144czeniem, w tym odcieniem koloru, tekstur\u0105 powierzchni i kszta\u0142tem.<\/p>\n<p>Podane wymiary odnosz\u0105 si\u0119 do maksymalnej mo\u017cliwej grubo\u015bci, d\u0142ugo\u015bci i szeroko\u015bci sztabki zgodnie z naszymi tolerancjami produkcyjnymi. Poniewa\u017c wszystkie wymiary w jednej sztabce nie mog\u0105 by\u0107 maksymalne, rzeczywiste pomiary b\u0119d\u0105 si\u0119 nieco r\u00f3\u017cni\u0107, aby zapewni\u0107 spe\u0142nienie minimalnego wymogu wagi brutto.<\/p>","protected":false},"excerpt":{"rendered":"<p>Ta 1-kilogramowa odlewana sztabka z\u0142ota jest jedn\u0105 z wielu dost\u0119pnych wielko\u015bci w The Perth Mint.<\/p>\n<p><strong>Kluczowe cechy\uff1a<\/strong><\/p>\n<ul>\n<li>\u4fa1\u683c 99,99%<\/li>\n<li>Zawiera znak zarejestrowany w LBMA<\/li>\n<li>Towarzyszy jej certyfikat analizy The Perth Mint z odpowiadaj\u0105cym numerem seryjnym.<\/li>\n<li>Od 24 kwietnia 2023 roku, znaki identyfikacyjne zosta\u0142y zmienione poprzez znaczne powi\u0119kszenie logo \u0142ab\u0119dzia The Perth Mint.<\/li>\n<\/ul>","protected":false},"featured_media":621,"comment_status":"closed","ping_status":"closed","template":"","meta":{"_kad_blocks_custom_css":"","_kad_blocks_head_custom_js":"","_kad_blocks_body_custom_js":"","_kad_blocks_footer_custom_js":"","_kad_post_transparent":"default","_kad_post_title":"","_kad_post_layout":"default","_kad_post_sidebar_id":"","_kad_post_content_style":"default","_kad_post_vertical_padding":"default","_kad_post_feature":"","_kad_post_feature_position":"","_kad_post_header":false,"_kad_post_footer":false,"_kad_post_classname":""},"product_brand":[118],"product_cat":[21],"product_tag":[],"class_list":{"0":"post-233","1":"product","2":"type-product","3":"status-publish","4":"has-post-thumbnail","6":"product_brand-the-perth-mint","7":"product_cat-sztabki-zlota","8":"pa_metal-zloto","9":"pa_proba-99-99","10":"pa_rozmiar-112-x-52-x-9-mm","11":"pa_waga-32-148-oz-t","13":"first","14":"instock","15":"shipping-taxable","16":"product-type-simple","17":"entry","18":"content-bg","19":"loop-entry"},"taxonomy_info":{"product_brand":[{"value":118,"label":"THE PERTH MINT"}],"product_cat":[{"value":21,"label":"Sztabki z\u0142ota"}],"pa_metal":[{"value":98,"label":"Z\u0142oto"}],"pa_proba":[{"value":119,"label":"99.99%"}],"pa_rozmiar":[{"value":137,"label":"112 x 52 x 9 mm"}],"pa_waga":[{"value":141,"label":"32.148 oz t"}]},"featured_image_src_large":["https:\/\/www.mintofgold.com\/wp-content\/uploads\/2025\/02\/the-perth-mint-1-kilo-gold-cast-bar-the-perth-tpm-1024x1024.png",1024,1024,true],"author_info":[],"comment_info":0,"_links":{"self":[{"href":"https:\/\/www.mintofgold.com\/ja\/wp-json\/wp\/v2\/product\/233","targetHints":{"allow":["GET"]}}],"collection":[{"href":"https:\/\/www.mintofgold.com\/ja\/wp-json\/wp\/v2\/product"}],"about":[{"href":"https:\/\/www.mintofgold.com\/ja\/wp-json\/wp\/v2\/types\/product"}],"replies":[{"embeddable":true,"href":"https:\/\/www.mintofgold.com\/ja\/wp-json\/wp\/v2\/comments?post=233"}],"wp:featuredmedia":[{"embeddable":true,"href":"https:\/\/www.mintofgold.com\/ja\/wp-json\/wp\/v2\/media\/621"}],"wp:attachment":[{"href":"https:\/\/www.mintofgold.com\/ja\/wp-json\/wp\/v2\/media?parent=233"}],"wp:term":[{"taxonomy":"product_brand","embeddable":true,"href":"https:\/\/www.mintofgold.com\/ja\/wp-json\/wp\/v2\/product_brand?post=233"},{"taxonomy":"product_cat","embeddable":true,"href":"https:\/\/www.mintofgold.com\/ja\/wp-json\/wp\/v2\/product_cat?post=233"},{"taxonomy":"product_tag","embeddable":true,"href":"https:\/\/www.mintofgold.com\/ja\/wp-json\/wp\/v2\/product_tag?post=233"}],"curies":[{"name":"wp","href":"https:\/\/api.w.org\/{rel}","templated":true}]}}