{"id":192,"date":"2025-02-16T08:02:21","date_gmt":"2025-02-16T07:02:21","guid":{"rendered":"https:\/\/mintofgold.com\/?post_type=product&#038;p=192"},"modified":"2025-02-26T13:29:18","modified_gmt":"2025-02-26T12:29:18","slug":"lunar-snake-1oz-gold-minted-bar","status":"publish","type":"product","link":"https:\/\/www.mintofgold.com\/ja\/lunar-snake-1oz-gold-minted-bar\/","title":{"rendered":"Lunar Snake 1oz Gold Minted Bar"},"content":{"rendered":"<p>Ta sztabka z\u0142ota bulionowa 1 oz to idealny element inwestycyjny dla os\u00f3b \u015bwi\u0119tuj\u0105cych Nowy Rok Ksi\u0119\u017cycowy i Rok W\u0119\u017ca.<\/p>\n<p><strong data-start=\"0\" data-end=\"19\">Symbol m\u0105dro\u015bci<\/strong><br data-start=\"19\" data-end=\"22\" \/>Ka\u017cde zwierz\u0119 z chi\u0144skiego zodiaku lunarnego ma rzekomo wp\u0142yw na dominuj\u0105ce cechy os\u00f3b urodzonych pod jego panowaniem. W\u0105\u017c, jako sz\u00f3sty z 12 pomy\u015blnych symboli zwierz\u0119cych, obdarza m\u0105dro\u015bci\u0105, inteligencj\u0105, niezale\u017cno\u015bci\u0105 i urokiem osoby urodzone w latach 2025, 2013, 2001, 1989, 1977 oraz co 12 lat wcze\u015bniej.<\/p>\n<p data-start=\"0\" data-end=\"334\"><strong data-start=\"0\" data-end=\"21\">Wz\u00f3r Lunarny W\u0119\u017ca<\/strong><br data-start=\"21\" data-end=\"24\" \/>Ta starannie wykonana sztabka czystego z\u0142ota posiada wyt\u0142oczone wyobra\u017cenie lunarniego w\u0119\u017ca na wzorzystym tle. Niezale\u017cne stworzenie elegancko owija si\u0119 wok\u00f3\u0142 ga\u0142\u0119zi drzewa ozdobionej li\u015b\u0107mi, prezentuj\u0105c sw\u00f3j wyrazisty j\u0119zyk. W projekcie znajduje si\u0119 r\u00f3wnie\u017c napis \u201eSNAKE\u201d oraz chi\u0144ski znak oznaczaj\u0105cy w\u0119\u017ca.<\/p>\n<p data-start=\"336\" data-end=\"613\" data-is-last-node=\"\">Na odwrocie sztabki znajduje si\u0119 stempel z rejestracyjnym znakiem <strong data-start=\"402\" data-end=\"416\">Perth Mint<\/strong> w London Bullion Market Association, stylizowany \u0142ab\u0119d\u017a symbolizuj\u0105cy nasze 125-letnie do\u015bwiadczenie w zapewnianiu jako\u015bci. Logo oraz waga i czysto\u015b\u0107 sztabki pojawiaj\u0105 si\u0119 na tym samym wzorze t\u0142a.<\/p>\n<p data-start=\"0\" data-end=\"156\"><strong data-start=\"0\" data-end=\"21\">Cechy autoryzacji<\/strong><br data-start=\"21\" data-end=\"24\" \/>Sztabka z\u0142ota posiada funkcje autoryzacji. W postaci wielu mikro-wygrawerowanych liter, s\u0105 one wykrywalne tylko pod powi\u0119kszeniem.<\/p>\n<p data-start=\"158\" data-end=\"476\" data-is-last-node=\"\"><strong data-start=\"158\" data-end=\"206\">\u30de\u30cb\u30d4\u30e5\u30ec\u30fc\u30bf\u30fc\u306e\u64cd\u4f5c\u65b9\u6cd5<\/strong><br data-start=\"206\" data-end=\"209\" \/>Ta wyt\u0142oczona sztabka znajduje si\u0119 w opakowaniu zabezpieczaj\u0105cym przed manipulacj\u0105, kt\u00f3re wy\u015bwietli s\u0142owo <strong data-start=\"315\" data-end=\"323\">VOID<\/strong> wok\u00f3\u0142 kraw\u0119dzi blistra, je\u015bli karta zosta\u0142a otwarta. Karta ma kolor w\u0119gla i ciemny, przypominaj\u0105cy znak wodny obraz stylizowanego logo \u0142ab\u0119dzia Mennicy.<\/p>","protected":false},"excerpt":{"rendered":"<p data-start=\"0\" data-end=\"21\">Ta wybita sztabka z\u0142ota o wadze 1 uncji to idealna inwestycja dla os\u00f3b \u015bwi\u0119tuj\u0105cych Chi\u0144ski Nowy Rok i Rok W\u0119\u017ca.<\/p>\n<p data-start=\"0\" data-end=\"21\"><strong data-start=\"0\" data-end=\"19\">Kluczowe cechy\uff1a<\/strong><\/p>\n<ul data-start=\"23\" data-end=\"225\" data-is-last-node=\"\" data-is-only-node=\"\">\n<li data-start=\"23\" data-end=\"51\">\u4fa1\u683c 99,99%<\/li>\n<li data-start=\"52\" data-end=\"110\">Projekt inspirowany Rokiem W\u0119\u017ca z kalendarza lunarnego<\/li>\n<li data-start=\"111\" data-end=\"161\">\u30d1\u30fc\u30b9\u30fb\u30e1\u30cb\u30c3\u30af\u304b\u3089LBMA\u306b\u79fb\u7ba1<\/li>\n<li data-start=\"162\" data-end=\"225\" data-is-last-node=\"\">\u6570\u500b\u306e\u6570\u5b57\u3067\u64cd\u4f5c\u3067\u304d\u308b\u3088\u3046\u306b\u3059\u308b\u3053\u3068\u3002<\/li>\n<\/ul>","protected":false},"featured_media":610,"comment_status":"closed","ping_status":"closed","template":"","meta":{"_kad_blocks_custom_css":"","_kad_blocks_head_custom_js":"","_kad_blocks_body_custom_js":"","_kad_blocks_footer_custom_js":"","_kad_post_transparent":"default","_kad_post_title":"","_kad_post_layout":"default","_kad_post_sidebar_id":"","_kad_post_content_style":"default","_kad_post_vertical_padding":"default","_kad_post_feature":"","_kad_post_feature_position":"","_kad_post_header":false,"_kad_post_footer":false,"_kad_post_classname":""},"product_brand":[118],"product_cat":[21],"product_tag":[],"class_list":{"0":"post-192","1":"product","2":"type-product","3":"status-publish","4":"has-post-thumbnail","6":"product_brand-the-perth-mint","7":"product_cat-sztabki-zlota","8":"pa_metal-zloto","9":"pa_proba-99-99","10":"pa_rozmiar-4160-x-2460-x-280-mm","12":"first","13":"instock","14":"shipping-taxable","15":"product-type-simple","16":"entry","17":"content-bg","18":"loop-entry"},"taxonomy_info":{"product_brand":[{"value":118,"label":"THE PERTH MINT"}],"product_cat":[{"value":21,"label":"Sztabki z\u0142ota"}],"pa_metal":[{"value":98,"label":"Z\u0142oto"}],"pa_proba":[{"value":119,"label":"99.99%"}],"pa_rozmiar":[{"value":120,"label":"41,60 x 24,60 x 2,80 mm"}]},"featured_image_src_large":["https:\/\/www.mintofgold.com\/wp-content\/uploads\/2025\/02\/06-2025-snake-1oz-gold-minted-bar-onedge-highres_tpm-1024x1024.png",1024,1024,true],"author_info":[],"comment_info":0,"_links":{"self":[{"href":"https:\/\/www.mintofgold.com\/ja\/wp-json\/wp\/v2\/product\/192","targetHints":{"allow":["GET"]}}],"collection":[{"href":"https:\/\/www.mintofgold.com\/ja\/wp-json\/wp\/v2\/product"}],"about":[{"href":"https:\/\/www.mintofgold.com\/ja\/wp-json\/wp\/v2\/types\/product"}],"replies":[{"embeddable":true,"href":"https:\/\/www.mintofgold.com\/ja\/wp-json\/wp\/v2\/comments?post=192"}],"wp:featuredmedia":[{"embeddable":true,"href":"https:\/\/www.mintofgold.com\/ja\/wp-json\/wp\/v2\/media\/610"}],"wp:attachment":[{"href":"https:\/\/www.mintofgold.com\/ja\/wp-json\/wp\/v2\/media?parent=192"}],"wp:term":[{"taxonomy":"product_brand","embeddable":true,"href":"https:\/\/www.mintofgold.com\/ja\/wp-json\/wp\/v2\/product_brand?post=192"},{"taxonomy":"product_cat","embeddable":true,"href":"https:\/\/www.mintofgold.com\/ja\/wp-json\/wp\/v2\/product_cat?post=192"},{"taxonomy":"product_tag","embeddable":true,"href":"https:\/\/www.mintofgold.com\/ja\/wp-json\/wp\/v2\/product_tag?post=192"}],"curies":[{"name":"wp","href":"https:\/\/api.w.org\/{rel}","templated":true}]}}