{"id":188,"date":"2025-02-17T13:01:41","date_gmt":"2025-02-17T12:01:41","guid":{"rendered":"https:\/\/mintofgold.com\/?post_type=product&#038;p=188"},"modified":"2025-02-27T11:18:20","modified_gmt":"2025-02-27T10:18:20","slug":"2025-our-purest-maple-leaf-1-oz-99999","status":"publish","type":"product","link":"https:\/\/www.mintofgold.com\/ja\/2025-our-purest-maple-leaf-1-oz-99999\/","title":{"rendered":"2025 \u7d14\u7c8b\u306a\u30e1\u30fc\u30d7\u30eb\u30ea\u30fc\u30d5 - 1\u30aa\u30f3\u30b9 99,999%"},"content":{"rendered":"<p data-start=\"0\" data-end=\"155\">Prezentujemy nasz\u0105 najnowsz\u0105 monet\u0119 <strong data-start=\"36\" data-end=\"55\">Premium Bullion<\/strong>, kt\u00f3ra zawiera z\u0142oto o pi\u0119ciu dziewi\u0105tkach, co czyni j\u0105 <strong data-start=\"112\" data-end=\"152\">Naszym Najczystszym Li\u015bciem Klonowym<\/strong>.<br \/>\nTo ekscytuj\u0105ce nowe uzupe\u0142nienie naszej linii <strong data-start=\"203\" data-end=\"246\">Premium Bullion w specjalnym opakowaniu<\/strong> oferuje jedno z najczystszych z\u0142ot na \u015bwiecie w wygodnym rozmiarze <strong data-start=\"314\" data-end=\"322\">1\u30aa\u30f3\u30b9<\/strong>.<\/p>\n<p data-start=\"327\" data-end=\"811\">Ka\u017cda z tych monet o warto\u015bci inwestycyjnej zawiera kultowy wz\u00f3r <strong data-start=\"392\" data-end=\"420\">Z\u0142otego Li\u015bcia Klonowego<\/strong> (GML) autorstwa Waltera Otta, otoczony promieniuj\u0105cymi liniami, kt\u00f3re dodaj\u0105 dynamizmu i energii. Indywidualnie wykonana w <strong data-start=\"544\" data-end=\"563\">99,999% czystym<\/strong> z\u0142ocie (pi\u0119\u0107 dziewi\u0105tek), <strong data-start=\"590\" data-end=\"623\">Nasz Najczystszy Li\u015b\u0107 Klonowy<\/strong> spe\u0142nia obietnic\u0119 zwi\u0119kszonej czysto\u015bci z\u0142ota, jednocze\u015bnie czyni\u0105c ten po\u017c\u0105dany metal szlachetny bardziej dost\u0119pnym dla kolekcjoner\u00f3w i inwestor\u00f3w \u2014 nawet w swojej najczystszej formie.<\/p>\n<p data-start=\"813\" data-end=\"843\"><strong data-start=\"817\" data-end=\"841\">Specjalne opakowanie<br \/>\n<\/strong><strong data-start=\"845\" data-end=\"888\">Dlaczego nazywa si\u0119 to Premium Bullion?<\/strong><br data-start=\"888\" data-end=\"891\" \/>Twoja moneta <strong data-start=\"904\" data-end=\"923\">Premium Bullion<\/strong> jest <strong data-start=\"929\" data-end=\"962\">zamkni\u0119ta w kapsule ochronnej<\/strong> i zaprezentowana w <strong data-start=\"982\" data-end=\"1026\">indywidualnie zaprojektowanym opakowaniu<\/strong>, kt\u00f3re zawiera wymienn\u0105 kapsu\u0142\u0119 oraz przezroczyst\u0105, wielokrotnego u\u017cytku kopert\u0119 dla dodatkowej ochrony. Z ty\u0142u karty znajdziesz podpisany certyfikat badania, a \u0142atwy do zeskanowania kod QR na przedniej stronie karty to szybkie po\u0142\u0105czenie z informacyjn\u0105 stron\u0105 internetow\u0105, kt\u00f3ra wprowadza Ci\u0119 w \u015bwiat bulionu.<\/p>","protected":false},"excerpt":{"rendered":"<p>Jedna z najczystszych z\u0142otych monet bulionowych<br \/>\n<strong>NOWO\u015a\u0106!<\/strong> Wykonana z czystego z\u0142ota o czysto\u015bci 99,999% (0,99999 lub pi\u0119\u0107 dziewi\u0105tek) \u2014 najwy\u017cszego standardu czysto\u015bci rafinowanego z\u0142ota \u2014 nasza najczystsza moneta klonowa jest jedn\u0105 z najczystszych z\u0142otych monet bulionowych na \u015bwiecie.<\/p>","protected":false},"featured_media":629,"comment_status":"closed","ping_status":"closed","template":"","meta":{"_kad_blocks_custom_css":"","_kad_blocks_head_custom_js":"","_kad_blocks_body_custom_js":"","_kad_blocks_footer_custom_js":"","_kad_post_transparent":"default","_kad_post_title":"","_kad_post_layout":"default","_kad_post_sidebar_id":"","_kad_post_content_style":"default","_kad_post_vertical_padding":"default","_kad_post_feature":"","_kad_post_feature_position":"","_kad_post_header":false,"_kad_post_footer":false,"_kad_post_classname":""},"product_brand":[116],"product_cat":[117],"product_tag":[],"class_list":{"0":"post-188","1":"product","2":"type-product","3":"status-publish","4":"has-post-thumbnail","6":"product_brand-the-royal-canadian-mint","7":"product_cat-monety","8":"pa_metal-zloto","9":"pa_proba-99-999","10":"pa_rozmiar-30-mm","11":"pa_waga-31-16g","13":"first","14":"instock","15":"shipping-taxable","16":"product-type-simple","17":"entry","18":"content-bg","19":"loop-entry"},"taxonomy_info":{"product_brand":[{"value":116,"label":"THE ROYAL CANADIAN MINT"}],"product_cat":[{"value":117,"label":"Monety"}],"pa_metal":[{"value":98,"label":"Z\u0142oto"}],"pa_proba":[{"value":125,"label":"99.999%"}],"pa_rozmiar":[{"value":126,"label":"30 mm"}],"pa_waga":[{"value":127,"label":"31.16g"}]},"featured_image_src_large":["https:\/\/www.mintofgold.com\/wp-content\/uploads\/2025\/02\/najczystszy-lisc-klonowy-royal-canadian-rcm.png",800,800,false],"author_info":[],"comment_info":0,"_links":{"self":[{"href":"https:\/\/www.mintofgold.com\/ja\/wp-json\/wp\/v2\/product\/188","targetHints":{"allow":["GET"]}}],"collection":[{"href":"https:\/\/www.mintofgold.com\/ja\/wp-json\/wp\/v2\/product"}],"about":[{"href":"https:\/\/www.mintofgold.com\/ja\/wp-json\/wp\/v2\/types\/product"}],"replies":[{"embeddable":true,"href":"https:\/\/www.mintofgold.com\/ja\/wp-json\/wp\/v2\/comments?post=188"}],"wp:featuredmedia":[{"embeddable":true,"href":"https:\/\/www.mintofgold.com\/ja\/wp-json\/wp\/v2\/media\/629"}],"wp:attachment":[{"href":"https:\/\/www.mintofgold.com\/ja\/wp-json\/wp\/v2\/media?parent=188"}],"wp:term":[{"taxonomy":"product_brand","embeddable":true,"href":"https:\/\/www.mintofgold.com\/ja\/wp-json\/wp\/v2\/product_brand?post=188"},{"taxonomy":"product_cat","embeddable":true,"href":"https:\/\/www.mintofgold.com\/ja\/wp-json\/wp\/v2\/product_cat?post=188"},{"taxonomy":"product_tag","embeddable":true,"href":"https:\/\/www.mintofgold.com\/ja\/wp-json\/wp\/v2\/product_tag?post=188"}],"curies":[{"name":"wp","href":"https:\/\/api.w.org\/{rel}","templated":true}]}}