{"id":136,"date":"2025-02-20T12:14:58","date_gmt":"2025-02-20T11:14:58","guid":{"rendered":"https:\/\/mintofgold.com\/?post_type=product&#038;p=136"},"modified":"2025-02-28T16:31:01","modified_gmt":"2025-02-28T15:31:01","slug":"10g-gold-999-9-kinebar","status":"publish","type":"product","link":"https:\/\/www.mintofgold.com\/ja\/10g-gold-999-9-kinebar\/","title":{"rendered":"10g \u30b4\u30fc\u30eb\u30c9 999.9 - Kinebar"},"content":{"rendered":"<p>Kinebar\u00ae\u306f\u3001Kinegram\u00ae\u3068\u3044\u3046\u30db\u30ed\u30b0\u30e9\u30e0\u306e\u6280\u8853\u3092\u63d0\u4f9b\u3057\u3066\u3044\u307e\u3059\u3002\u30db\u30ed\u30b0\u30e9\u30e0\u6280\u8853\u306f\u3001\u30d1\u30b9\u30dd\u30fc\u30c8\u3084\u9280\u884c\u53e3\u5ea7\u306e\u30bb\u30ad\u30e5\u30ea\u30c6\u30a3\u306b\u6700\u9069\u3067\u3059\u3002\u30db\u30ed\u30b0\u30e9\u30e0\u3092\u4f7f\u7528\u3059\u308b\u3053\u3068\u3067\u3001\u9280\u884c\u3084\u91d1\u878d\u6a5f\u95a2\u306e\u53e3\u5ea7\u958b\u8a2d\u304c\u53ef\u80fd\u306b\u306a\u308a\u307e\u3059\u3002\u30db\u30ed\u30b0\u30e9\u30e0\u306f\u3001Kinebar\u00ae\u306e\u57fa\u76e4\u3068\u306a\u3063\u3066\u3044\u307e\u3059\u3002\u30db\u30ed\u30b0\u30e9\u30e0\u306f\u3001Kinebar\u00ae\u306b\u3088\u3063\u3066\u88fd\u9020\u3055\u308c\u3066\u3044\u307e\u3059\u3002.<\/p>\n<p>Kinebar\u00ae\u306f\u30011g\u30012g\u30015g\u300110g\u300120g\u30011\u30aa\u30f3\u30b9\u306e\u30b5\u30a4\u30ba\u304b\u3089\u304a\u9078\u3073\u3044\u305f\u3060\u3051\u307e\u3059\u3002\u3053\u306e\u88fd\u54c1\u306f\u30d6\u30ea\u30b9\u30bf\u30fc\u306b\u5305\u88c5\u3055\u308c\u3001\u8a3c\u660e\u66f8\u3092\u767a\u884c\u3057\u307e\u3059\u3002\u30d6\u30ea\u30b9\u30bf\u30fc\u306fPET\u88fd\u3067\u3001\u30b5\u30a4\u30ba\u306f85mm x 54mm\u3067\u3059\u3002.<\/p>","protected":false},"excerpt":{"rendered":"<p>Kinebar\u00ae to wyt\u0142aczana sztabka z\u0142ota z dodatkowym zabezpieczeniem \u2013 Kinegram\u00ae. Technologia hologramu jest powszechnie znana z zastosowania w paszportach i banknotach. Nie tylko nadaje sztabce atrakcyjny wygl\u0105d, ale tak\u017ce zwi\u0119ksza jej bezpiecze\u0144stwo. Hologram pokrywa tyln\u0105 stron\u0119 Kinebar\u00ae. W tym celu podczas procesu produkcji na powierzchni\u0119 nanoszone s\u0105 drobne mikrostruktury, tworz\u0105c efekt po\u0142ysku. Kinebar\u00ae jest dost\u0119pny w sze\u015bciu rozmiarach: 1 g, 2 g, 5 g, 10 g, 20 g i 1 oz. Sztabka jest zapakowana w blister, kt\u00f3ry zawiera r\u00f3wnie\u017c certyfikat. Blistry s\u0105 wykonane z PET i ka\u017cdy z nich ma wymiary zbli\u017cone do karty kredytowej \u2013 85 mm x 54 mm.<\/p>","protected":false},"featured_media":606,"comment_status":"closed","ping_status":"closed","template":"","meta":{"_kad_blocks_custom_css":"","_kad_blocks_head_custom_js":"","_kad_blocks_body_custom_js":"","_kad_blocks_footer_custom_js":"","_kad_post_transparent":"default","_kad_post_title":"","_kad_post_layout":"default","_kad_post_sidebar_id":"","_kad_post_content_style":"default","_kad_post_vertical_padding":"default","_kad_post_feature":"","_kad_post_feature_position":"","_kad_post_header":false,"_kad_post_footer":false,"_kad_post_classname":""},"product_brand":[66],"product_cat":[21],"product_tag":[],"class_list":{"0":"post-136","1":"product","2":"type-product","3":"status-publish","4":"has-post-thumbnail","6":"product_brand-heraeus-precious-metals","7":"product_cat-sztabki-zlota","8":"pa_metal-zloto","9":"pa_proba-23","10":"pa_waga-31-5-x-18-5-x-1-1-mm","12":"first","13":"instock","14":"shipping-taxable","15":"product-type-simple","16":"entry","17":"content-bg","18":"loop-entry"},"taxonomy_info":{"product_brand":[{"value":66,"label":"HERAEUS - PRECIOUS METALS"}],"product_cat":[{"value":21,"label":"Sztabki z\u0142ota"}],"pa_metal":[{"value":98,"label":"Z\u0142oto"}],"pa_proba":[{"value":23,"label":"999,9"}],"pa_waga":[{"value":188,"label":"31.5 x 18.5 x 1.1 mm"}]},"featured_image_src_large":["https:\/\/www.mintofgold.com\/wp-content\/uploads\/2025\/02\/10_g_Gold_999_9_Kinebar_01_h_p_m-1024x1024.png",1024,1024,true],"author_info":[],"comment_info":0,"_links":{"self":[{"href":"https:\/\/www.mintofgold.com\/ja\/wp-json\/wp\/v2\/product\/136","targetHints":{"allow":["GET"]}}],"collection":[{"href":"https:\/\/www.mintofgold.com\/ja\/wp-json\/wp\/v2\/product"}],"about":[{"href":"https:\/\/www.mintofgold.com\/ja\/wp-json\/wp\/v2\/types\/product"}],"replies":[{"embeddable":true,"href":"https:\/\/www.mintofgold.com\/ja\/wp-json\/wp\/v2\/comments?post=136"}],"wp:featuredmedia":[{"embeddable":true,"href":"https:\/\/www.mintofgold.com\/ja\/wp-json\/wp\/v2\/media\/606"}],"wp:attachment":[{"href":"https:\/\/www.mintofgold.com\/ja\/wp-json\/wp\/v2\/media?parent=136"}],"wp:term":[{"taxonomy":"product_brand","embeddable":true,"href":"https:\/\/www.mintofgold.com\/ja\/wp-json\/wp\/v2\/product_brand?post=136"},{"taxonomy":"product_cat","embeddable":true,"href":"https:\/\/www.mintofgold.com\/ja\/wp-json\/wp\/v2\/product_cat?post=136"},{"taxonomy":"product_tag","embeddable":true,"href":"https:\/\/www.mintofgold.com\/ja\/wp-json\/wp\/v2\/product_tag?post=136"}],"curies":[{"name":"wp","href":"https:\/\/api.w.org\/{rel}","templated":true}]}}