{"id":127,"date":"2025-02-20T12:06:45","date_gmt":"2025-02-20T11:06:45","guid":{"rendered":"https:\/\/mintofgold.com\/?post_type=product&#038;p=127"},"modified":"2025-02-28T16:35:43","modified_gmt":"2025-02-28T15:35:43","slug":"2g-gold-999-9-kinebar","status":"publish","type":"product","link":"https:\/\/www.mintofgold.com\/ja\/2g-gold-999-9-kinebar\/","title":{"rendered":"2g \u30b4\u30fc\u30eb\u30c9 999.9 - Kinebar"},"content":{"rendered":"<p>Kinebar\u00ae\u306f\u3001Kinegramu\u00ae\u306e\u30dd\u30b9\u30c8\u3092\u4f7f\u7528\u3059\u308b\u3053\u3068\u3067\u3001\u3088\u308a\u52b9\u679c\u7684\u306a\u30bd\u30ea\u30e5\u30fc\u30b7\u30e7\u30f3\u3092\u63d0\u4f9b\u3057\u307e\u3059\u3002\u30db\u30ed\u30b0\u30e9\u30e0\u306e\u6280\u8853\u306f\u3001\u30d1\u30b9\u30dd\u30fc\u30c8\u3084\u9280\u884c\u53e3\u5ea7\u306e\u30bb\u30ad\u30e5\u30ea\u30c6\u30a3\u306b\u6700\u9069\u3067\u3059\u3002\u307e\u305f\u3001\u30db\u30ed\u30b0\u30e9\u30e0\u306f\u3001\u9280\u884c\u3084\u90f5\u4fbf\u5c40\u3067\u4f7f\u7528\u3055\u308c\u308b\u3053\u3068\u3082\u3042\u308a\u307e\u3059\u3002\u30db\u30ed\u30b0\u30e9\u30e0\u306f\u3001Kinebar\u00ae\u306e\u57fa\u76e4\u3068\u306a\u3063\u3066\u3044\u307e\u3059\u3002\u30db\u30ed\u30b0\u30e9\u30e0\u306fKinebar\u00ae\u306e\u5f37\u529b\u306a\u57fa\u76e4\u3068\u306a\u3063\u3066\u3044\u307e\u3059\u3002.<\/p>\n<p>1g\u30012g\u30015g\u300110g\u300120g\u30011\u30aa\u30f3\u30b9\u3002\u30d1\u30c3\u30af\u306f\u3001\u8a3c\u660e\u66f8\u3092\u767a\u884c\u3059\u308b\u305f\u3081\u306b\u4f7f\u7528\u3059\u308b\u3053\u3068\u304c\u3067\u304d\u307e\u3059\u3002PET\u88fd\u3067\u3001\u30b5\u30a4\u30ba\u306f85mm x 54mm\u3002.<\/p>","protected":false},"excerpt":{"rendered":"<p>Kinebar\u00ae to bita sztabka z\u0142ota z dodatkowymi zabezpieczeniami w postaci Kinegramu\u00ae. Ta technologia hologramowa jest powszechnie znana z zastosowania w paszportach i banknotach. Jest nie tylko atrakcyjna wizualnie, ale tak\u017ce zwi\u0119ksza bezpiecze\u0144stwo tej sztabki. Hologram pokrywa tyln\u0105 stron\u0119 Kinebar\u00ae. W tym celu, podczas procesu produkcji, na powierzchni stosowane s\u0105 drobne mikrostruktury, kt\u00f3re tworz\u0105 efekt migotania. Kinebar dost\u0119pna jest w sze\u015bciu rozmiarach: 1 g, 2 g, 5 g, 10 g, 20 g i 1 oz. Pakowana jest w opakowanie blistrowe, kt\u00f3re zawiera r\u00f3wnie\u017c certyfikat. Blistry wykonane s\u0105 z PET i maj\u0105 rozmiar zbli\u017cony do karty kredytowej, 85 mm x 54 mm.<\/p>","protected":false},"featured_media":624,"comment_status":"closed","ping_status":"closed","template":"","meta":{"_kad_blocks_custom_css":"","_kad_blocks_head_custom_js":"","_kad_blocks_body_custom_js":"","_kad_blocks_footer_custom_js":"","_kad_post_transparent":"default","_kad_post_title":"","_kad_post_layout":"default","_kad_post_sidebar_id":"","_kad_post_content_style":"default","_kad_post_vertical_padding":"default","_kad_post_feature":"","_kad_post_feature_position":"","_kad_post_header":false,"_kad_post_footer":false,"_kad_post_classname":""},"product_brand":[66],"product_cat":[21],"product_tag":[],"class_list":{"0":"post-127","1":"product","2":"type-product","3":"status-publish","4":"has-post-thumbnail","6":"product_brand-heraeus-precious-metals","7":"product_cat-sztabki-zlota","8":"pa_metal-zloto","9":"pa_proba-23","10":"pa_rozmiar-19-1-x-11-5-x-0-5-mm","11":"pa_waga-2g","13":"first","14":"instock","15":"shipping-taxable","16":"product-type-simple","17":"entry","18":"content-bg","19":"loop-entry"},"taxonomy_info":{"product_brand":[{"value":66,"label":"HERAEUS - PRECIOUS METALS"}],"product_cat":[{"value":21,"label":"Sztabki z\u0142ota"}],"pa_metal":[{"value":98,"label":"Z\u0142oto"}],"pa_proba":[{"value":23,"label":"999,9"}],"pa_rozmiar":[{"value":84,"label":"19.1 x 11.5 x 0.5 mm"}],"pa_waga":[{"value":85,"label":"2g"}]},"featured_image_src_large":["https:\/\/www.mintofgold.com\/wp-content\/uploads\/2025\/02\/2_g_Gold_999_9_01_Kinebar-1024x1024.png",1024,1024,true],"author_info":[],"comment_info":0,"_links":{"self":[{"href":"https:\/\/www.mintofgold.com\/ja\/wp-json\/wp\/v2\/product\/127","targetHints":{"allow":["GET"]}}],"collection":[{"href":"https:\/\/www.mintofgold.com\/ja\/wp-json\/wp\/v2\/product"}],"about":[{"href":"https:\/\/www.mintofgold.com\/ja\/wp-json\/wp\/v2\/types\/product"}],"replies":[{"embeddable":true,"href":"https:\/\/www.mintofgold.com\/ja\/wp-json\/wp\/v2\/comments?post=127"}],"wp:featuredmedia":[{"embeddable":true,"href":"https:\/\/www.mintofgold.com\/ja\/wp-json\/wp\/v2\/media\/624"}],"wp:attachment":[{"href":"https:\/\/www.mintofgold.com\/ja\/wp-json\/wp\/v2\/media?parent=127"}],"wp:term":[{"taxonomy":"product_brand","embeddable":true,"href":"https:\/\/www.mintofgold.com\/ja\/wp-json\/wp\/v2\/product_brand?post=127"},{"taxonomy":"product_cat","embeddable":true,"href":"https:\/\/www.mintofgold.com\/ja\/wp-json\/wp\/v2\/product_cat?post=127"},{"taxonomy":"product_tag","embeddable":true,"href":"https:\/\/www.mintofgold.com\/ja\/wp-json\/wp\/v2\/product_tag?post=127"}],"curies":[{"name":"wp","href":"https:\/\/api.w.org\/{rel}","templated":true}]}}