{"id":118,"date":"2025-02-20T12:00:05","date_gmt":"2025-02-20T11:00:05","guid":{"rendered":"https:\/\/mintofgold.com\/?post_type=product&#038;p=118"},"modified":"2025-02-28T16:39:11","modified_gmt":"2025-02-28T15:39:11","slug":"1g-gold-999-9-classic","status":"publish","type":"product","link":"https:\/\/www.mintofgold.com\/ja\/1g-gold-999-9-classic\/","title":{"rendered":"1g Gold 999.9 &#8211; Classic"},"content":{"rendered":"<p>Sztabki bite s\u0105 dost\u0119pne w siedmiu r\u00f3\u017cnych rozmiarach: 1 g, 5 g, 10 g, 20 g, 1 oz, 50 g, 100 g. Podobnie jak wszystkie sztabki z\u0142ota Heraeus, sztabka 1 g posiada numer seryjny. Czysto\u015b\u0107 wynosi 999,9.<\/p>\n<p>Wszystkie sztabki bite pakowane s\u0105 w opakowanie blistrowe, kt\u00f3re zawiera r\u00f3wnie\u017c certyfikat. Blistry wykonane s\u0105 z PET. Ka\u017cdy z nich ma rozmiar zbli\u017cony do karty kredytowej, 85 mm x 54 mm.<\/p>","protected":false},"excerpt":{"rendered":"<p>Sztabki bite s\u0105 dost\u0119pne w siedmiu r\u00f3\u017cnych rozmiarach: 1 g, 5 g, 10 g, 20 g, 1 oz, 50 g, 100 g. Podobnie jak wszystkie sztabki z\u0142ota Heraeus, sztabka 1 g posiada numer seryjny. Czysto\u015b\u0107 wynosi 999,9. Wszystkie sztabki bite pakowane s\u0105 w opakowanie blistrowe, kt\u00f3re zawiera r\u00f3wnie\u017c certyfikat. Blistry wykonane s\u0105 z PET. Ka\u017cdy z nich ma rozmiar zbli\u017cony do karty kredytowej, 85 mm x 54 mm.<\/p>","protected":false},"featured_media":598,"comment_status":"closed","ping_status":"closed","template":"","meta":{"_kad_blocks_custom_css":"","_kad_blocks_head_custom_js":"","_kad_blocks_body_custom_js":"","_kad_blocks_footer_custom_js":"","_kad_post_transparent":"default","_kad_post_title":"","_kad_post_layout":"default","_kad_post_sidebar_id":"","_kad_post_content_style":"default","_kad_post_vertical_padding":"default","_kad_post_feature":"","_kad_post_feature_position":"","_kad_post_header":false,"_kad_post_footer":false,"_kad_post_classname":""},"product_brand":[66],"product_cat":[21],"product_tag":[],"class_list":{"0":"post-118","1":"product","2":"type-product","3":"status-publish","4":"has-post-thumbnail","6":"product_brand-heraeus-precious-metals","7":"product_cat-sztabki-zlota","8":"pa_metal-zloto","9":"pa_proba-23","10":"pa_rozmiar-15-x-8-7-x-0-5-mm","11":"pa_waga-1g","13":"first","14":"instock","15":"shipping-taxable","16":"product-type-simple","17":"entry","18":"content-bg","19":"loop-entry"},"taxonomy_info":{"product_brand":[{"value":66,"label":"HERAEUS - PRECIOUS METALS"}],"product_cat":[{"value":21,"label":"Sztabki z\u0142ota"}],"pa_metal":[{"value":98,"label":"Z\u0142oto"}],"pa_proba":[{"value":23,"label":"999,9"}],"pa_rozmiar":[{"value":67,"label":"15 x 8.7 x 0.5 mm"}],"pa_waga":[{"value":82,"label":"1g"}]},"featured_image_src_large":["https:\/\/www.mintofgold.com\/wp-content\/uploads\/2025\/02\/1g_Gold_999.9_Classic_01_620121-1024x1024.png",1024,1024,true],"author_info":[],"comment_info":0,"_links":{"self":[{"href":"https:\/\/www.mintofgold.com\/ja\/wp-json\/wp\/v2\/product\/118","targetHints":{"allow":["GET"]}}],"collection":[{"href":"https:\/\/www.mintofgold.com\/ja\/wp-json\/wp\/v2\/product"}],"about":[{"href":"https:\/\/www.mintofgold.com\/ja\/wp-json\/wp\/v2\/types\/product"}],"replies":[{"embeddable":true,"href":"https:\/\/www.mintofgold.com\/ja\/wp-json\/wp\/v2\/comments?post=118"}],"wp:featuredmedia":[{"embeddable":true,"href":"https:\/\/www.mintofgold.com\/ja\/wp-json\/wp\/v2\/media\/598"}],"wp:attachment":[{"href":"https:\/\/www.mintofgold.com\/ja\/wp-json\/wp\/v2\/media?parent=118"}],"wp:term":[{"taxonomy":"product_brand","embeddable":true,"href":"https:\/\/www.mintofgold.com\/ja\/wp-json\/wp\/v2\/product_brand?post=118"},{"taxonomy":"product_cat","embeddable":true,"href":"https:\/\/www.mintofgold.com\/ja\/wp-json\/wp\/v2\/product_cat?post=118"},{"taxonomy":"product_tag","embeddable":true,"href":"https:\/\/www.mintofgold.com\/ja\/wp-json\/wp\/v2\/product_tag?post=118"}],"curies":[{"name":"wp","href":"https:\/\/api.w.org\/{rel}","templated":true}]}}