{"id":974,"date":"2025-03-07T06:40:49","date_gmt":"2025-03-07T05:40:49","guid":{"rendered":"https:\/\/mintofgold.com\/?post_type=product&#038;p=974"},"modified":"2025-03-07T14:06:02","modified_gmt":"2025-03-07T13:06:02","slug":"sztabka-zlota-mint-of-gold-hossmann-3","status":"publish","type":"product","link":"https:\/\/www.mintofgold.com\/hi\/sztabka-zlota-mint-of-gold-hossmann-3\/","title":{"rendered":"\u0917\u094b\u0932\u094d\u0921 \u0939\u094b\u0938\u092e\u0948\u0928 \u0915\u0940 \u0938\u094d\u091c\u093c\u0924\u092c\u094d\u0915\u093e \u091c\u093c\u094d\u0932\u094b\u091f\u093e \u091f\u0915\u0938\u093e\u0932"},"content":{"rendered":"<p data-start=\"65\" data-end=\"147\"><strong data-start=\"69\" data-end=\"145\">Ekskluzywna sztabka z\u0142ota \u201eMint of Gold Hossmann\u201d \u2013 Luksusowa Inwestycja<\/strong><\/p>\n<p data-start=\"149\" data-end=\"463\">Przedstawiamy limitowan\u0105 edycj\u0119 sztabki z\u0142ota <strong data-start=\"195\" data-end=\"222\">\u201eMint of Gold Hossmann\u201d<\/strong>, stworzon\u0105 dla kolekcjoner\u00f3w i inwestor\u00f3w ceni\u0105cych najwy\u017csz\u0105 jako\u015b\u0107 oraz presti\u017c. To niezwyk\u0142e po\u0142\u0105czenie czystego z\u0142ota z eleganckim, diamentowym zdobieniem czyni j\u0105 nie tylko doskona\u0142\u0105 inwestycj\u0105, ale tak\u017ce wyj\u0105tkowym symbolem luksusu.<\/p>\n<p data-start=\"465\" data-end=\"809\"><strong data-start=\"468\" data-end=\"494\">Specyfikacja produktu:<\/strong><\/p>\n<ul>\n<li data-start=\"465\" data-end=\"809\"><strong data-start=\"499\" data-end=\"508\">\u0935\u093e\u0917\u093e:<\/strong> 100 g (lub inna warto\u015b\u0107, je\u015bli chcesz doprecyzowa\u0107)<\/li>\n<li data-start=\"465\" data-end=\"809\"><strong data-start=\"565\" data-end=\"581\">Pr\u00f3ba z\u0142ota:<\/strong> 999,9 (najwy\u017csza czysto\u015b\u0107)<\/li>\n<li data-start=\"465\" data-end=\"809\"><strong data-start=\"613\" data-end=\"630\">Certyfikacja:<\/strong> Gwarantowana autentyczno\u015b\u0107 i jako\u015b\u0107<\/li>\n<li data-start=\"465\" data-end=\"809\"><strong data-start=\"671\" data-end=\"696\">Diamentowe zdobienia:<\/strong> Precyzyjnie osadzone dla wyj\u0105tkowego efektu<\/li>\n<li data-start=\"465\" data-end=\"809\"><strong data-start=\"745\" data-end=\"767\">Limitowana edycja:<\/strong> Ekskluzywno\u015b\u0107 potwierdzona certyfikatem<\/li>\n<\/ul>\n<p><strong data-start=\"1059\" data-end=\"1091\">Zapytaj o dost\u0119pno\u015b\u0107 i cen\u0119!<\/strong> Skontaktuj si\u0119 z nami, aby dowiedzie\u0107 si\u0119 wi\u0119cej i zarezerwowa\u0107 sw\u00f3j egzemplarz.<\/p>","protected":false},"excerpt":{"rendered":"<p>\u090f\u0915\u094d\u091c\u093c\u0932\u0941\u091c\u093c\u0940\u0935\u0928\u0947 \u092a\u094b\u0932\u0947\u0915\u094d\u091c\u093c\u0947\u0928\u0940 \u0928\u091c\u094d\u0935\u094d\u092f\u0941\u0932\u094d\u091c\u093c\u0947\u091c\u093c \u092a\u094d\u0930\u094b\u092c\u0940 \u091c\u093c\u094d\u0932\u0949\u091f\u093e \u0906\u0908 \u0921\u093e\u092f\u092e\u0947\u0902\u091f\u094b\u0964 \u0938\u092c\u091f\u0947\u0932\u0928\u0940 \u0921\u093f\u091c\u093c\u093e\u0907\u0928 \u092a\u094b\u0921\u0915\u094d\u0930\u0947\u0938\u094d\u0932\u093e \u0938\u094d\u091f\u093e\u0907\u0932\u093f\u091c\u093c\u0948\u0915\u094d\u091c\u0940, \u0921\u094b\u0921\u093e\u091c\u0948\u0915 \u091c\u0947 \u091c\u0947 \u0928\u0940\u092a\u0949\u0935\u091f\u093e\u0930\u091c\u093c\u0932\u0928\u0947\u0917\u094b \u092c\u094d\u0932\u0938\u094d\u0915\u0941 \u0906\u0908 \u090f\u0932\u093f\u0917\u0947\u0902\u0938\u091c\u0940\u0964.<\/p>","protected":false},"featured_media":975,"comment_status":"closed","ping_status":"closed","template":"","meta":{"_kad_blocks_custom_css":"","_kad_blocks_head_custom_js":"","_kad_blocks_body_custom_js":"","_kad_blocks_footer_custom_js":"","_kad_post_transparent":"default","_kad_post_title":"","_kad_post_layout":"default","_kad_post_sidebar_id":"","_kad_post_content_style":"default","_kad_post_vertical_padding":"default","_kad_post_feature":"","_kad_post_feature_position":"","_kad_post_header":false,"_kad_post_footer":false,"_kad_post_classname":""},"product_brand":[172],"product_cat":[209],"product_tag":[],"class_list":{"0":"post-974","1":"product","2":"type-product","3":"status-publish","4":"has-post-thumbnail","6":"product_brand-mint-of-gold","7":"product_cat-gold-diamonds","9":"first","10":"instock","11":"shipping-taxable","12":"product-type-simple","13":"entry","14":"content-bg","15":"loop-entry"},"taxonomy_info":{"product_brand":[{"value":172,"label":"MINT OF GOLD"}],"product_cat":[{"value":209,"label":"Goldiamonds"}]},"featured_image_src_large":["https:\/\/www.mintofgold.com\/wp-content\/uploads\/2025\/03\/P3.png",650,950,false],"author_info":[],"comment_info":0,"_links":{"self":[{"href":"https:\/\/www.mintofgold.com\/hi\/wp-json\/wp\/v2\/product\/974","targetHints":{"allow":["GET"]}}],"collection":[{"href":"https:\/\/www.mintofgold.com\/hi\/wp-json\/wp\/v2\/product"}],"about":[{"href":"https:\/\/www.mintofgold.com\/hi\/wp-json\/wp\/v2\/types\/product"}],"replies":[{"embeddable":true,"href":"https:\/\/www.mintofgold.com\/hi\/wp-json\/wp\/v2\/comments?post=974"}],"wp:featuredmedia":[{"embeddable":true,"href":"https:\/\/www.mintofgold.com\/hi\/wp-json\/wp\/v2\/media\/975"}],"wp:attachment":[{"href":"https:\/\/www.mintofgold.com\/hi\/wp-json\/wp\/v2\/media?parent=974"}],"wp:term":[{"taxonomy":"product_brand","embeddable":true,"href":"https:\/\/www.mintofgold.com\/hi\/wp-json\/wp\/v2\/product_brand?post=974"},{"taxonomy":"product_cat","embeddable":true,"href":"https:\/\/www.mintofgold.com\/hi\/wp-json\/wp\/v2\/product_cat?post=974"},{"taxonomy":"product_tag","embeddable":true,"href":"https:\/\/www.mintofgold.com\/hi\/wp-json\/wp\/v2\/product_tag?post=974"}],"curies":[{"name":"\u0921\u092c\u094d\u0932\u094d\u092f\u0942\u092a\u0940","href":"https:\/\/api.w.org\/{rel}","templated":true}]}}