{"id":959,"date":"2025-03-07T13:09:54","date_gmt":"2025-03-07T12:09:54","guid":{"rendered":"https:\/\/mintofgold.com\/?post_type=product&#038;p=959"},"modified":"2025-03-07T13:48:23","modified_gmt":"2025-03-07T12:48:23","slug":"sztabka-zlota-mint-of-gold-hossmann","status":"publish","type":"product","link":"https:\/\/www.mintofgold.com\/hi\/sztabka-zlota-mint-of-gold-hossmann\/","title":{"rendered":"\u0917\u094b\u0932\u094d\u0921 \u0939\u094b\u0938\u092e\u0948\u0928 \u0915\u0940 \u0938\u094d\u091c\u093c\u0924\u092c\u094d\u0915\u093e \u091c\u093c\u094d\u0932\u094b\u091f\u093e \u091f\u0915\u0938\u093e\u0932"},"content":{"rendered":"<p><strong data-start=\"0\" data-end=\"75\">&quot;\u092e\u093f\u0902\u091f \u0911\u092b\u093c \u0917\u094b\u0932\u094d\u0921 \u0939\u094b\u0938\u092e\u0948\u0928&quot; \u0915\u093e \u090f\u0915 \u092c\u0921\u093c\u093e \u0939\u093f\u0938\u094d\u0938\u093e - \u0932\u0941\u0915\u094d\u0938\u0938 \u092e\u0947\u0902 \u0928\u093f\u0935\u0947\u0936<\/strong><\/p>\n<p data-start=\"79\" data-end=\"361\">\u092a\u094d\u0930\u0947\u091c\u093c\u0947\u0921\u0938\u094d\u091f\u093e\u0935\u093f\u092f\u093e\u092e\u0940 \u092f\u0942\u0928\u093f\u0915\u093e\u091f\u094b\u0935\u0947 \u0938\u094d\u091c\u093c\u091f\u0948\u092c\u0915\u0947 \u091c\u093c\u094d\u0932\u094b\u091f\u093e <strong data-start=\"117\" data-end=\"142\">\u0917\u094b\u0932\u094d\u0921 \u0939\u0949\u0938\u092e\u0948\u0928 \u0915\u0940 \u091f\u0915\u0938\u093e\u0932<\/strong>, \u0142\u0105cz\u0105c\u0105 \u092a\u094d\u0930\u0924\u093f\u0937\u094d\u0920\u093e \u0914\u0930 ponadczasow\u0105 warto\u015b\u0107\u0964 \u0926\u0938 \u090f\u0915\u094d\u0938\u094d\u0915\u094d\u0932\u0942\u091c\u093c\u094d\u092f\u0935\u0928\u0940 \u0909\u0924\u094d\u092a\u093e\u0926 \u0935\u094d\u092f\u0915\u094b\u0928\u0928\u0940 \u091c\u093c \u0928\u091c\u094d\u0935\u094d\u092f\u094d\u0932\u0941\u0938\u094d\u091c\u093c\u0947\u091c \u091c\u0915\u094b\u0938\u094d\u0938\u093f \u091c\u093c\u094d\u0932\u094b\u091f\u093e \u0935\u093e\u092f\u0930\u094b\u0932\u094b\u0928\u093f\u092f\u093e \u0938\u0940\u0908\u0908 \u0935\u094d\u0939\u093e\u092f\u091c\u091f\u0915\u094b\u0935\u093f\u092e \u0935\u094d\u091c\u093c\u094b\u0930\u094d\u0928\u093f\u0915\u094d\u091f\u0935\u0947\u092e \u0911\u0930\u091c\u093c \u0938\u092c\u091f\u0947\u0932\u0928\u093f\u092e \u091c\u093c\u0921\u094b\u092c\u093f\u090f\u0928\u0940\u092e \u0921\u093e\u092f\u092e\u0947\u0902\u091f\u094b\u0935\u093f\u092e, \u092a\u0949\u0921\u0915\u094d\u0930\u0947\u0938\u094d\u0932\u093e\u091c\u0938\u0940\u092e \u091c\u0947\u0917\u094b \u0932\u0941\u0915\u094d\u0938\u0941\u0938\u094b\u0935\u0940 \u091a\u0930\u093f\u0924\u094d\u0930\u0964.<\/p>\n<ul>\n<li data-start=\"363\" data-end=\"638\"><strong data-start=\"366\" data-end=\"386\">Najwy\u017csza jako\u015b\u0107<\/strong> \u2013 \u091c\u093c\u094d\u0932\u0949\u091f\u094b \u0907\u0928\u0935\u0947\u0938\u094d\u091f\u0940\u0938\u093e\u0908\u091c\u094d\u0928 \u0913 \u0928\u091c\u094d\u0935\u093f\u0938\u0947\u091c\u093c\u0947\u091c \u092a\u094d\u0930\u094b\u092c\u0940<\/li>\n<li data-start=\"363\" data-end=\"638\"><strong data-start=\"433\" data-end=\"457\">Diamentowe zdobienia<\/strong> - \u092f\u0942\u0928\u093f\u0915\u0932\u0928\u0940 \u0921\u093f\u091c\u093e\u0907\u0928 \u0921\u0940\u090f\u0932\u090f \u0915\u094b\u0928\u0947\u0938\u0947\u0930\u094b \u0932\u0941\u0915\u094d\u0938\u0941\u0938\u0941<\/li>\n<li data-start=\"363\" data-end=\"638\"><strong data-start=\"503\" data-end=\"528\">Bezpieczna inwestycja<\/strong> - \u0913\u0915\u094d\u0930\u094b\u0928\u093e \u0915\u092a\u093f\u091f\u093e\u0932\u0942 \u0921\u092c\u094d\u0932\u094d\u092f\u0942 \u0938\u0947\u0928\u0940\u092e \u0915\u094d\u0930\u0941\u0938\u094d\u091c\u093c\u094d\u0915\u0941<\/li>\n<li data-start=\"363\" data-end=\"638\"><strong data-start=\"570\" data-end=\"592\">Idealna na prezent<\/strong> - \u0920\u0940\u0915 \u0938\u0947 \u0915\u093e\u092e \u0915\u0930\u0928\u0947 \u0915\u0947 \u0932\u093f\u090f \u090f\u0915 \u0909\u0924\u094d\u0915\u0943\u0937\u094d\u091f \u0905\u0935\u0938\u0930<\/li>\n<\/ul>\n<p data-start=\"640\" data-end=\"749\">\u091c\u093c\u0948\u0928\u0935\u0947\u0938\u094d\u091f\u0941\u091c \u0921\u092c\u094d\u0932\u094d\u092f\u0942 \u092a\u094d\u0930\u0949\u0921\u091c\u093c\u093f\u0935\u093e \u0935\u093e\u0930\u094d\u091f\u094b\u0936 \u0914\u0930 \u0921\u094b\u0921\u093e\u091c \u0921\u094b \u0938\u094d\u0935\u094b\u091c\u0947\u091c \u0915\u094b\u0932\u0947\u0915\u094d\u091c\u0940 \u0938\u093f\u0902\u092c\u0932 \u092a\u094d\u0930\u0947\u0938\u094d\u091f\u093f\u0932\u0941 \u0913\u0930\u093e\u091c\u093c \u0928\u0940\u091c\u093c\u093e\u0935\u094b\u0921\u0928\u0947\u091c \u0932\u094b\u0915\u093e\u091f\u0940 \u0915\u092a\u093f\u091f\u093e\u0932\u0942\u0964.<\/p>","protected":false},"excerpt":{"rendered":"<p>\u090f\u0915\u094d\u091c\u093c\u0932\u0941\u091c\u093c\u0940\u0935\u0928\u0947 \u092a\u094b\u0932\u0947\u0915\u094d\u091c\u093c\u0947\u0928\u0940 \u0928\u091c\u094d\u0935\u094d\u092f\u0941\u0932\u094d\u091c\u093c\u0947\u091c\u093c \u092a\u094d\u0930\u094b\u092c\u0940 \u091c\u093c\u094d\u0932\u0949\u091f\u093e \u0906\u0908 \u0921\u093e\u092f\u092e\u0947\u0902\u091f\u094b\u0964 \u0938\u092c\u091f\u0947\u0932\u0928\u0940 \u0921\u093f\u091c\u093c\u093e\u0907\u0928 \u092a\u094b\u0921\u0915\u094d\u0930\u0947\u0938\u094d\u0932\u093e \u0938\u094d\u091f\u093e\u0907\u0932\u093f\u091c\u093c\u0948\u0915\u094d\u091c\u0940, \u0921\u094b\u0921\u093e\u091c\u0948\u0915 \u091c\u0947 \u091c\u0947 \u0928\u0940\u092a\u0949\u0935\u091f\u093e\u0930\u091c\u093c\u0932\u0928\u0947\u0917\u094b \u092c\u094d\u0932\u0938\u094d\u0915\u0941 \u0906\u0908 \u090f\u0932\u093f\u0917\u0947\u0902\u0938\u091c\u0940\u0964.<\/p>","protected":false},"featured_media":960,"comment_status":"closed","ping_status":"closed","template":"","meta":{"_kad_blocks_custom_css":"","_kad_blocks_head_custom_js":"","_kad_blocks_body_custom_js":"","_kad_blocks_footer_custom_js":"","_kad_post_transparent":"default","_kad_post_title":"","_kad_post_layout":"default","_kad_post_sidebar_id":"","_kad_post_content_style":"default","_kad_post_vertical_padding":"default","_kad_post_feature":"","_kad_post_feature_position":"","_kad_post_header":false,"_kad_post_footer":false,"_kad_post_classname":""},"product_brand":[172],"product_cat":[209],"product_tag":[],"class_list":{"0":"post-959","1":"product","2":"type-product","3":"status-publish","4":"has-post-thumbnail","6":"product_brand-mint-of-gold","7":"product_cat-gold-diamonds","9":"first","10":"instock","11":"shipping-taxable","12":"product-type-simple","13":"entry","14":"content-bg","15":"loop-entry"},"taxonomy_info":{"product_brand":[{"value":172,"label":"MINT OF GOLD"}],"product_cat":[{"value":209,"label":"Goldiamonds"}]},"featured_image_src_large":["https:\/\/www.mintofgold.com\/wp-content\/uploads\/2025\/03\/P1.png",650,950,false],"author_info":[],"comment_info":0,"_links":{"self":[{"href":"https:\/\/www.mintofgold.com\/hi\/wp-json\/wp\/v2\/product\/959","targetHints":{"allow":["GET"]}}],"collection":[{"href":"https:\/\/www.mintofgold.com\/hi\/wp-json\/wp\/v2\/product"}],"about":[{"href":"https:\/\/www.mintofgold.com\/hi\/wp-json\/wp\/v2\/types\/product"}],"replies":[{"embeddable":true,"href":"https:\/\/www.mintofgold.com\/hi\/wp-json\/wp\/v2\/comments?post=959"}],"wp:featuredmedia":[{"embeddable":true,"href":"https:\/\/www.mintofgold.com\/hi\/wp-json\/wp\/v2\/media\/960"}],"wp:attachment":[{"href":"https:\/\/www.mintofgold.com\/hi\/wp-json\/wp\/v2\/media?parent=959"}],"wp:term":[{"taxonomy":"product_brand","embeddable":true,"href":"https:\/\/www.mintofgold.com\/hi\/wp-json\/wp\/v2\/product_brand?post=959"},{"taxonomy":"product_cat","embeddable":true,"href":"https:\/\/www.mintofgold.com\/hi\/wp-json\/wp\/v2\/product_cat?post=959"},{"taxonomy":"product_tag","embeddable":true,"href":"https:\/\/www.mintofgold.com\/hi\/wp-json\/wp\/v2\/product_tag?post=959"}],"curies":[{"name":"\u0921\u092c\u094d\u0932\u094d\u092f\u0942\u092a\u0940","href":"https:\/\/api.w.org\/{rel}","templated":true}]}}