{"id":956,"date":"2025-03-07T12:41:07","date_gmt":"2025-03-07T11:41:07","guid":{"rendered":"https:\/\/mintofgold.com\/?post_type=product&#038;p=956"},"modified":"2025-03-07T13:55:37","modified_gmt":"2025-03-07T12:55:37","slug":"naturalny-diament-1-00-ct-7","status":"publish","type":"product","link":"https:\/\/www.mintofgold.com\/hi\/naturalny-diament-1-00-ct-7\/","title":{"rendered":"\u0928\u0947\u091a\u0941\u0930\u0932\u0928\u0940 \u0921\u093e\u092f\u092e\u0902\u0921 1.00 \u0915\u0948\u0930\u0947\u091f"},"content":{"rendered":"<p><strong>\u0928\u0947\u091a\u0941\u0930\u0932\u0940 \u0921\u093e\u092f\u092e\u0947\u0902\u091f 1.00 \u0938\u0940\u091f\u0940, \u091c\u0940\u0906\u0908\u090f \u092a\u094d\u0930\u092e\u093e\u0923\u093f\u0924<\/strong><\/p>\n<p>\u090f\u0915\u094d\u0938\u0915\u094d\u0932\u0942\u091c\u093c\u093f\u0935\u0928\u0940, \u0928\u0947\u091a\u0941\u0930\u0932\u0940 \u0921\u093e\u092f\u092e\u0947\u0902\u091f \u0913 \u092e\u093e\u0938\u0940 1.00 \u0938\u0940\u091f\u0940, \u0938\u0930\u094d\u091f\u093f\u092b\u093f\u0915\u094b\u0935\u0928\u0940 \u092a\u094d\u0930\u0947\u091c\u093c\u0947\u091c\u093c \u091c\u0940\u0906\u0908\u090f\u0964.<br \/>\n\u091a\u093e\u0930\u0948\u0915\u094d\u091f\u0947\u0930\u093f\u091c\u093c\u0941\u091c\u0947 \u0938\u093f\u090f \u0921\u094b\u0938\u094d\u0915\u094b\u0928\u093e\u0932\u093f\u092e \u0938\u094d\u091c\u093c\u0932\u093e\u0907\u092b\u0947\u092e, \u0935\u094d\u0939\u093e\u092f\u091c\u091f\u0915\u094b\u0935\u093e \u0938\u0940\u091c\u093c\u093f\u0938\u094d\u091f\u094b\u0938\u094d\u0915\u0940 <strong>\u0935\u0940\u0935\u0940\u090f\u09381<\/strong> i barw\u0105 <strong>D<\/strong>, \u0938\u0939 zapewnia niezwyk\u0142y blask i przejrzysto\u015b\u0107.<br \/>\n\u0906\u0926\u0930\u094d\u0936 \u0930\u0942\u092a \u0938\u0947 \u0935\u0947 \u0938\u092d\u0940 \u0915\u094b\u0932\u0947\u0915\u094d\u091c\u094b\u0928\u0947\u0930\u094b \u0913\u0930\u093e\u091c \u0914\u0930 \u0935\u094d\u0939\u093e\u092f\u091c\u091f\u0915\u094b\u0935\u0947 \u0913\u0915\u0947\u091c\u0947\u091c\u0947\u0964.<\/p>\n<p><strong>\u0932\u0915\u094d\u0938\u0938, \u0935\u093e\u0930\u094d\u091f\u094b\u0936 \u0914\u0930 \u092a\u094b\u0928\u093e\u0921\u0938\u094d\u091c\u093c\u093e\u0938\u094b\u0935\u093e \u090f\u0932\u093f\u0917\u0947\u0902\u091c\u093e - \u091c\u093c\u092e\u094b \u091c\u0942\u0932 \u0921\u0947\u091c\u093c\u093f\u0938!<\/strong><\/p>","protected":false},"excerpt":{"rendered":"<p>\u090f\u0915\u094d\u0938\u094d\u0915\u0932\u0941\u091c\u093c\u094d\u092f\u0935\u0928\u0940 \u0921\u093e\u092f\u092e\u0947\u0902\u091f \u0913 \u0935\u093e\u0907\u091c\u093c\u091f\u0915\u094b\u0935\u0947\u091c \u092a\u094d\u0930\u0947\u091c\u093c\u0930\u094d\u091c\u093f\u0938\u094d\u091f\u094b\u0938\u094d\u0915\u0940 \u0906\u0908 \u092c\u094d\u0932\u093e\u0938\u094d\u0915\u0941\u0964 \u0906\u0926\u0930\u094d\u0936 \u0930\u0942\u092a \u0938\u0947 \u0915\u093e\u092e \u0915\u0930\u0928\u093e \u0914\u0930 \u0920\u0940\u0915 \u0938\u0947 \u0915\u093e\u092e \u0915\u0930\u0928\u093e.<\/p>","protected":false},"featured_media":970,"comment_status":"closed","ping_status":"closed","template":"","meta":{"_kad_blocks_custom_css":"","_kad_blocks_head_custom_js":"","_kad_blocks_body_custom_js":"","_kad_blocks_footer_custom_js":"","_kad_post_transparent":"default","_kad_post_title":"","_kad_post_layout":"default","_kad_post_sidebar_id":"","_kad_post_content_style":"default","_kad_post_vertical_padding":"default","_kad_post_feature":"","_kad_post_feature_position":"","_kad_post_header":false,"_kad_post_footer":false,"_kad_post_classname":""},"product_brand":[],"product_cat":[208,207,206],"product_tag":[],"class_list":{"0":"post-956","1":"product","2":"type-product","3":"status-publish","4":"has-post-thumbnail","6":"product_cat-diamonds","7":"product_cat-lab-grown-diamonds","8":"product_cat-fancy-diamonds","10":"first","11":"instock","12":"shipping-taxable","13":"product-type-simple","14":"entry","15":"content-bg","16":"loop-entry"},"taxonomy_info":{"product_cat":[{"value":208,"label":"Diamonds"},{"value":207,"label":"Lab- Grown Diamonds"},{"value":206,"label":"Fancy Diamonds"}]},"featured_image_src_large":["https:\/\/www.mintofgold.com\/wp-content\/uploads\/2025\/03\/diament6.webp",1024,1024,false],"author_info":[],"comment_info":0,"_links":{"self":[{"href":"https:\/\/www.mintofgold.com\/hi\/wp-json\/wp\/v2\/product\/956","targetHints":{"allow":["GET"]}}],"collection":[{"href":"https:\/\/www.mintofgold.com\/hi\/wp-json\/wp\/v2\/product"}],"about":[{"href":"https:\/\/www.mintofgold.com\/hi\/wp-json\/wp\/v2\/types\/product"}],"replies":[{"embeddable":true,"href":"https:\/\/www.mintofgold.com\/hi\/wp-json\/wp\/v2\/comments?post=956"}],"wp:featuredmedia":[{"embeddable":true,"href":"https:\/\/www.mintofgold.com\/hi\/wp-json\/wp\/v2\/media\/970"}],"wp:attachment":[{"href":"https:\/\/www.mintofgold.com\/hi\/wp-json\/wp\/v2\/media?parent=956"}],"wp:term":[{"taxonomy":"product_brand","embeddable":true,"href":"https:\/\/www.mintofgold.com\/hi\/wp-json\/wp\/v2\/product_brand?post=956"},{"taxonomy":"product_cat","embeddable":true,"href":"https:\/\/www.mintofgold.com\/hi\/wp-json\/wp\/v2\/product_cat?post=956"},{"taxonomy":"product_tag","embeddable":true,"href":"https:\/\/www.mintofgold.com\/hi\/wp-json\/wp\/v2\/product_tag?post=956"}],"curies":[{"name":"\u0921\u092c\u094d\u0932\u094d\u092f\u0942\u092a\u0940","href":"https:\/\/api.w.org\/{rel}","templated":true}]}}