{"id":76,"date":"2025-02-21T09:24:27","date_gmt":"2025-02-21T08:24:27","guid":{"rendered":"https:\/\/mintofgold.com\/?post_type=product&#038;p=76"},"modified":"2025-02-28T14:15:47","modified_gmt":"2025-02-28T13:15:47","slug":"fortuna-gold-minted-bar-10g","status":"publish","type":"product","link":"https:\/\/www.mintofgold.com\/hi\/fortuna-gold-minted-bar-10g\/","title":{"rendered":"\u092b\u094b\u0930\u094d\u091a\u0942\u0928\u093e \u0917\u094b\u0932\u094d\u0921 \u092e\u093f\u0902\u091f\u0947\u0921 \u092c\u093e\u0930 \u2013 10 \u0917\u094d\u0930\u093e\u092e"},"content":{"rendered":"<p>PAMP \u0915\u0940\u092e\u0924\u0940 \u0927\u093e\u0924\u0941\u0913\u0902 \u0915\u0940 \u092a\u0939\u0932\u0940 \u092c\u094d\u0930\u093e\u0902\u0921 \u0925\u0940 \u091c\u093f\u0938\u0928\u0947 \u0915\u092d\u0940 \u092d\u0940 \u0905\u092a\u0928\u0940 \u0922\u0932\u0940 \u0939\u0941\u0908 \u0938\u0932\u093e\u0916\u094b\u0902 \u0915\u0947 \u092a\u0940\u091b\u0947 \u0915\u0940 \u0913\u0930 \u0938\u091c\u093e\u0935\u091f \u0915\u0940\u0964 1979 \u092e\u0947\u0902 \u092a\u0947\u0936 \u0915\u0940 \u0917\u0908, \u0932\u0947\u0921\u0940 \u092b\u0949\u0930\u094d\u091a\u094d\u092f\u0942\u0928\u2122 \u092e\u0942\u0932 \u0915\u0932\u093e\u0924\u094d\u092e\u0915 \u0935\u093f\u0937\u092f \u0925\u0940 \u0914\u0930 \u0906\u091c \u0926\u0941\u0928\u093f\u092f\u093e \u092d\u0930 \u092e\u0947\u0902 PAMP \u0915\u0940 \u0909\u0924\u094d\u0915\u0943\u0937\u094d\u091f \u0917\u0941\u0923\u0935\u0924\u094d\u0924\u093e \u0914\u0930 \u092a\u094d\u0930\u093e\u092e\u093e\u0923\u093f\u0915\u0924\u093e \u0915\u093e \u090f\u0915 \u0935\u093f\u0936\u094d\u0935\u0938\u0928\u0940\u092f \u092a\u094d\u0930\u0924\u0940\u0915 \u0915\u0947 \u0930\u0942\u092a \u092e\u0947\u0902 \u092e\u093e\u0928\u094d\u092f\u0924\u093e \u092a\u094d\u0930\u093e\u092a\u094d\u0924 \u0939\u0948\u0964 \u090f\u0915 \u0935\u093f\u0936\u093f\u0937\u094d\u091f \u0938\u094d\u091f\u0948\u092e\u094d\u092a \u091c\u0948\u0938\u0940 \u092b\u093f\u0928\u093f\u0936 \u0915\u0947 \u0938\u093e\u0925, \u0938\u092e\u0943\u0926\u094d\u0927\u093f \u0915\u0940 \u0930\u094b\u092e\u0928 \u0926\u0947\u0935\u0940 \u0915\u094b \u0909\u0938\u0915\u0947 \u0938\u092d\u0940 \u092a\u094c\u0930\u093e\u0923\u093f\u0915 \u092a\u094d\u0930\u0924\u0940\u0915\u094b\u0902 \u0915\u0947 \u0938\u093e\u0925 \u0926\u0930\u094d\u0936\u093e\u092f\u093e \u0917\u092f\u093e \u0939\u0948: \u0917\u0947\u0939\u0942\u0902 \u0915\u0940 \u092c\u093e\u0932\u0940, \u0916\u0938\u0916\u0938\u0947, \u092a\u094d\u0930\u091a\u0941\u0930\u0924\u093e \u0915\u093e \u0938\u0940\u0902\u0917, \u0915\u0940\u092e\u0924\u0940 \u0938\u093f\u0915\u094d\u0915\u0947 \u0914\u0930 \u092d\u093e\u0917\u094d\u092f \u0915\u093e \u092a\u0939\u093f\u092f\u093e\u0964.<\/p>\n<p>\u0928\u093f\u0938\u094d\u0938\u0902\u0926\u0947\u0939, \u0932\u0947\u0921\u0940 \u092b\u0949\u0930\u094d\u091a\u094d\u092f\u0942\u0928\u2122 \u0915\u093e \u092a\u094d\u0930\u0924\u093f\u0937\u094d\u0920\u093f\u0924 \u091a\u093f\u0924\u094d\u0930 \u0926\u0941\u0928\u093f\u092f\u093e \u092e\u0947\u0902 \u0938\u092c\u0938\u0947 \u0905\u0927\u093f\u0915 \u092a\u0939\u091a\u093e\u0928\u093e \u091c\u093e\u0928\u0947 \u0935\u093e\u0932\u093e \u0914\u0930 \u092a\u094d\u0930\u0924\u093f\u0937\u094d\u0920\u093f\u0924 \u092c\u0941\u0932\u093f\u092f\u0928 \u0938\u093f\u0915\u094d\u0915\u093e \u0921\u093f\u091c\u093e\u0907\u0928 \u0939\u0948\u0964 \u0938\u094d\u0935\u093f\u0938 \u092b\u0947\u0921\u0930\u0932 \u0911\u092b\u093f\u0938 \u0926\u094d\u0935\u093e\u0930\u093e \u092e\u093e\u0928\u094d\u092f\u0924\u093e \u092a\u094d\u0930\u093e\u092a\u094d\u0924, \u092a\u094d\u0930\u0924\u094d\u092f\u0947\u0915 \u0938\u093f\u0915\u094d\u0915\u093e \u0935\u094d\u092f\u0915\u094d\u0924\u093f\u0917\u0924 \u0930\u0942\u092a \u0938\u0947 \u092a\u0902\u091c\u0940\u0915\u0943\u0924 \u0939\u094b\u0924\u093e \u0939\u0948 \u0914\u0930 CertiPAMP\u2122 \u0938\u0941\u0930\u0915\u094d\u0937\u093e\u0924\u094d\u092e\u0915 \u092a\u0948\u0915\u0947\u091c\u093f\u0902\u0917 \u092e\u0947\u0902 \u092a\u0948\u0915 \u0915\u093f\u092f\u093e \u091c\u093e\u0924\u093e \u0939\u0948, \u091c\u093f\u0938\u092e\u0947\u0902 \u090f\u0915\u0940\u0915\u0943\u0924 \u0914\u0930 \u0906\u0927\u093f\u0915\u093e\u0930\u093f\u0915 \u092a\u0930\u0940\u0915\u094d\u0937\u0923 \u092a\u094d\u0930\u092e\u093e\u0923\u092a\u0924\u094d\u0930 \u0939\u094b\u0924\u093e \u0939\u0948, \u091c\u094b \u0915\u0940\u092e\u0924\u0940 \u0927\u093e\u0924\u0941 \u0915\u0940 \u092e\u093e\u0924\u094d\u0930\u093e \u0914\u0930 \u0935\u091c\u0928 \u0915\u0940 \u0917\u093e\u0930\u0902\u091f\u0940 \u0926\u0947\u0924\u093e \u0939\u0948, \u0914\u0930 \u0939\u091f\u093e\u0928\u0947 \u092f\u094b\u0917\u094d\u092f \u092b\u093f\u0932\u094d\u092e \u0938\u0947 \u0938\u0941\u0930\u0915\u094d\u0937\u093f\u0924 \u0939\u094b\u0924\u093e \u0939\u0948\u0964.<\/p>","protected":false},"excerpt":{"rendered":"<p>PAMP by\u0142a pierwsz\u0105 mark\u0105 metali szlachetnych, kt\u00f3ra kiedykolwiek udekorowa\u0142a rewers swoich bitych sztabek. Wprowadzona w 1979 roku, Lady Fortuna&#x2122; by\u0142a pierwotnym motywem artystycznym i jest dzi\u015b na ca\u0142ym \u015bwiecie uznawana za zaufany symbol zapewniaj\u0105cy doskona\u0142o\u015b\u0107 jako\u015bci i autentyczno\u015b\u0107 PAMP. Z charakterystycznym wyko\u0144czeniem przypominaj\u0105cym stempel, rzymska bogini dobrobytu jest przedstawiona ze wszystkimi swoimi mitycznymi atrybutami: k\u0142osami&#8230;<\/p>","protected":false},"featured_media":77,"comment_status":"closed","ping_status":"closed","template":"","meta":{"_kad_blocks_custom_css":"","_kad_blocks_head_custom_js":"","_kad_blocks_body_custom_js":"","_kad_blocks_footer_custom_js":"","_kad_post_transparent":"default","_kad_post_title":"","_kad_post_layout":"default","_kad_post_sidebar_id":"","_kad_post_content_style":"default","_kad_post_vertical_padding":"default","_kad_post_feature":"","_kad_post_feature_position":"","_kad_post_header":false,"_kad_post_footer":false,"_kad_post_classname":""},"product_brand":[20],"product_cat":[21],"product_tag":[],"class_list":{"0":"post-76","1":"product","2":"type-product","3":"status-publish","4":"has-post-thumbnail","6":"product_brand-pamp","7":"product_cat-sztabki-zlota","8":"pa_grubosc-1-25-mm","9":"pa_metal-zloto","10":"pa_proba-23","11":"pa_rozmiar-15-8-x-26-5-mm","12":"pa_waga-10g","14":"first","15":"instock","16":"shipping-taxable","17":"product-type-simple","18":"entry","19":"content-bg","20":"loop-entry"},"taxonomy_info":{"product_brand":[{"value":20,"label":"PAMP"}],"product_cat":[{"value":21,"label":"Sztabki z\u0142ota"}],"pa_grubosc":[{"value":56,"label":"1.25 mm"}],"pa_metal":[{"value":98,"label":"Z\u0142oto"}],"pa_proba":[{"value":23,"label":"999,9"}],"pa_rozmiar":[{"value":55,"label":"15.8 x 26.5 mm"}],"pa_waga":[{"value":79,"label":"10g"}]},"featured_image_src_large":["https:\/\/www.mintofgold.com\/wp-content\/uploads\/2025\/02\/Fortuna_Gold_Minted_Bar_10g.png",1000,1000,false],"author_info":[],"comment_info":0,"_links":{"self":[{"href":"https:\/\/www.mintofgold.com\/hi\/wp-json\/wp\/v2\/product\/76","targetHints":{"allow":["GET"]}}],"collection":[{"href":"https:\/\/www.mintofgold.com\/hi\/wp-json\/wp\/v2\/product"}],"about":[{"href":"https:\/\/www.mintofgold.com\/hi\/wp-json\/wp\/v2\/types\/product"}],"replies":[{"embeddable":true,"href":"https:\/\/www.mintofgold.com\/hi\/wp-json\/wp\/v2\/comments?post=76"}],"wp:featuredmedia":[{"embeddable":true,"href":"https:\/\/www.mintofgold.com\/hi\/wp-json\/wp\/v2\/media\/77"}],"wp:attachment":[{"href":"https:\/\/www.mintofgold.com\/hi\/wp-json\/wp\/v2\/media?parent=76"}],"wp:term":[{"taxonomy":"product_brand","embeddable":true,"href":"https:\/\/www.mintofgold.com\/hi\/wp-json\/wp\/v2\/product_brand?post=76"},{"taxonomy":"product_cat","embeddable":true,"href":"https:\/\/www.mintofgold.com\/hi\/wp-json\/wp\/v2\/product_cat?post=76"},{"taxonomy":"product_tag","embeddable":true,"href":"https:\/\/www.mintofgold.com\/hi\/wp-json\/wp\/v2\/product_tag?post=76"}],"curies":[{"name":"\u0921\u092c\u094d\u0932\u094d\u092f\u0942\u092a\u0940","href":"https:\/\/api.w.org\/{rel}","templated":true}]}}