{"id":68,"date":"2025-02-21T09:16:21","date_gmt":"2025-02-21T08:16:21","guid":{"rendered":"https:\/\/mintofgold.com\/?post_type=product&#038;p=68"},"modified":"2025-02-28T14:14:59","modified_gmt":"2025-02-28T13:14:59","slug":"carbon-neutral-lady-fortuna-1oz-gold-minted-bar","status":"publish","type":"product","link":"https:\/\/www.mintofgold.com\/hi\/carbon-neutral-lady-fortuna-1oz-gold-minted-bar\/","title":{"rendered":"\u0915\u093e\u0930\u094d\u092c\u0928 \u0928\u094d\u092f\u0942\u091f\u094d\u0930\u0932 \u0932\u0947\u0921\u0940 \u092b\u0949\u0930\u094d\u091a\u094d\u092f\u0942\u0928\u2122 1 \u0914\u0902\u0938 \u0938\u094b\u0928\u0947 \u0915\u093e \u092e\u093f\u0902\u091f\u0947\u0921 \u092c\u093e\u0930"},"content":{"rendered":"<p data-start=\"0\" data-end=\"279\">PAMP \u0915\u0940\u092e\u0924\u0940 \u0927\u093e\u0924\u0941\u0913\u0902 \u0915\u0940 \u092a\u0939\u0932\u0940 \u092c\u094d\u0930\u093e\u0902\u0921 \u0925\u0940 \u091c\u093f\u0938\u0928\u0947 \u0905\u092a\u0928\u0940 \u0922\u093e\u0932\u0940 \u0917\u0908 \u0938\u0932\u093e\u0916\u094b\u0902 \u0915\u0947 \u092a\u0940\u091b\u0947 \u0915\u0940 \u0913\u0930 \u0938\u091c\u093e\u0935\u091f \u0915\u0940\u0964 1979 \u092e\u0947\u0902 \u092a\u0947\u0936 \u0915\u0940 \u0917\u0908 \u0932\u0947\u0921\u0940 \u092b\u0949\u0930\u094d\u091a\u094d\u092f\u0942\u0928\u2122 \u0907\u0928 \u0915\u0932\u093e\u0924\u094d\u092e\u0915 \u0935\u093f\u0937\u092f\u094b\u0902 \u092e\u0947\u0902 \u0938\u0947 \u092a\u0939\u0932\u0940 \u0925\u0940 \u0914\u0930 \u0906\u091c \u092d\u0940 \u092f\u0939 \u0935\u093f\u0936\u094d\u0935 \u0938\u094d\u0924\u0930 \u092a\u0930 \u092e\u093e\u0928\u094d\u092f\u0924\u093e \u092a\u094d\u0930\u093e\u092a\u094d\u0924 \u092a\u094d\u0930\u0924\u0940\u0915 \u0939\u0948, \u091c\u094b PAMP \u0915\u0940 \u0909\u091a\u094d\u091a\u0924\u092e \u0917\u0941\u0923\u0935\u0924\u094d\u0924\u093e \u0914\u0930 \u092a\u094d\u0930\u093e\u092e\u093e\u0923\u093f\u0915\u0924\u093e \u0915\u0940 \u0917\u093e\u0930\u0902\u091f\u0940 \u0926\u0947\u0924\u093e \u0939\u0948\u0964.<\/p>\n<p data-start=\"281\" data-end=\"474\">\u0905\u092a\u0928\u0947 \u0935\u093f\u0936\u093f\u0937\u094d\u091f, \u0926\u0930\u094d\u092a\u0923-\u0938\u093e \u092b\u093f\u0928\u093f\u0936 \u0915\u0947 \u0915\u093e\u0930\u0923, \u0938\u092e\u0943\u0926\u094d\u0927\u093f \u0915\u0940 \u0930\u094b\u092e\u0928 \u0926\u0947\u0935\u0940 \u0932\u0947\u0921\u0940 \u092b\u0949\u0930\u094d\u091a\u094d\u092f\u0942\u0928\u2122 \u0915\u0940 \u091b\u0935\u093f \u0926\u0941\u0928\u093f\u092f\u093e \u092e\u0947\u0902 \u092c\u0941\u0932\u093f\u092f\u0928 \u0938\u093f\u0915\u094d\u0915\u0947 \u0915\u0947 \u0938\u092c\u0938\u0947 \u092a\u0939\u091a\u093e\u0928\u0928\u0947 \u092f\u094b\u0917\u094d\u092f \u0914\u0930 \u092a\u094d\u0930\u0924\u093f\u0937\u094d\u0920\u093f\u0924 \u0921\u093f\u091c\u093c\u093e\u0907\u0928 \u0939\u0948\u0964.<\/p>\n<p data-start=\"476\" data-end=\"772\">\u0938\u094d\u0935\u093f\u0938 \u092b\u0947\u0921\u0930\u0932 \u0911\u092b\u093f\u0938 \u0926\u094d\u0935\u093e\u0930\u093e \u092e\u093e\u0928\u094d\u092f\u0924\u093e \u092a\u094d\u0930\u093e\u092a\u094d\u0924, \u092a\u094d\u0930\u0924\u094d\u092f\u0947\u0915 \u0938\u093f\u0915\u094d\u0915\u093e \u0935\u094d\u092f\u0915\u094d\u0924\u093f\u0917\u0924 \u0930\u0942\u092a \u0938\u0947 \u092a\u0902\u091c\u0940\u0915\u0943\u0924 \u0914\u0930 CertiPAMP\u2122 \u0938\u0941\u0930\u0915\u094d\u0937\u093e\u0924\u094d\u092e\u0915 \u092a\u0948\u0915\u0947\u091c\u093f\u0902\u0917 \u092e\u0947\u0902 \u0938\u0940\u0932 \u0915\u093f\u092f\u093e \u091c\u093e\u0924\u093e \u0939\u0948, \u091c\u093f\u0938\u092e\u0947\u0902 \u090f\u0915\u0940\u0915\u0943\u0924 \u0914\u0930 \u0906\u0927\u093f\u0915\u093e\u0930\u093f\u0915 \u092a\u0930\u0940\u0915\u094d\u0937\u0923 \u092a\u094d\u0930\u092e\u093e\u0923\u092a\u0924\u094d\u0930 \u0939\u094b\u0924\u093e \u0939\u0948, \u091c\u094b \u0936\u0941\u0926\u094d\u0927 \u0915\u0940\u092e\u0924\u0940 \u0927\u093e\u0924\u0941 \u0915\u0940 \u092e\u093e\u0924\u094d\u0930\u093e \u0914\u0930 \u0935\u091c\u0928 \u0915\u0940 \u0917\u093e\u0930\u0902\u091f\u0940 \u0926\u0947\u0924\u093e \u0939\u0948, \u0924\u0925\u093e \u091c\u093f\u0938\u0947 \u0939\u091f\u093e\u0928\u0947 \u092f\u094b\u0917\u094d\u092f \u0938\u0941\u0930\u0915\u094d\u0937\u093e \u092b\u093f\u0932\u094d\u092e \u0938\u0947 \u0938\u0941\u0930\u0915\u094d\u0937\u093f\u0924 \u0915\u093f\u092f\u093e \u0917\u092f\u093e \u0939\u0948\u0964.<\/p>","protected":false},"excerpt":{"rendered":"<p>PAMP by\u0142a pierwsz\u0105 mark\u0105 metali szlachetnych, kt\u00f3ra ozdobi\u0142a rewersy swoich wybitych sztabek. Wprowadzona w 1979 roku Lady Fortuna&#x2122; by\u0142a pierwszym z tych artystycznych motyw\u00f3w i do dzi\u015b jest \u015bwiatowo rozpoznawalnym symbolem, gwarantuj\u0105cym najwy\u017csz\u0105 jako\u015b\u0107 i autentyczno\u015b\u0107 PAMP. Dzi\u0119ki charakterystycznemu, lustrzanemu wyko\u0144czeniu wizerunek Lady Fortuna&#x2122;, rzymskiej bogini dobrobytu, jest najbardziej rozpoznawalnym i presti\u017cowym projektem sztabki bulionowej&#8230;<\/p>","protected":false},"featured_media":69,"comment_status":"closed","ping_status":"closed","template":"","meta":{"_kad_blocks_custom_css":"","_kad_blocks_head_custom_js":"","_kad_blocks_body_custom_js":"","_kad_blocks_footer_custom_js":"","_kad_post_transparent":"default","_kad_post_title":"","_kad_post_layout":"default","_kad_post_sidebar_id":"","_kad_post_content_style":"default","_kad_post_vertical_padding":"default","_kad_post_feature":"","_kad_post_feature_position":"","_kad_post_header":false,"_kad_post_footer":false,"_kad_post_classname":""},"product_brand":[20],"product_cat":[21],"product_tag":[],"class_list":{"0":"post-68","1":"product","2":"type-product","3":"status-publish","4":"has-post-thumbnail","6":"product_brand-pamp","7":"product_cat-sztabki-zlota","8":"pa_grubosc-1-66-mm","9":"pa_metal-zloto","10":"pa_proba-23","11":"pa_rozmiar-24-x-41-mm","12":"pa_waga-1-oz-t","14":"first","15":"instock","16":"shipping-taxable","17":"product-type-simple","18":"entry","19":"content-bg","20":"loop-entry"},"taxonomy_info":{"product_brand":[{"value":20,"label":"PAMP"}],"product_cat":[{"value":21,"label":"Sztabki z\u0142ota"}],"pa_grubosc":[{"value":48,"label":"1.66 mm"}],"pa_metal":[{"value":98,"label":"Z\u0142oto"}],"pa_proba":[{"value":23,"label":"999,9"}],"pa_rozmiar":[{"value":46,"label":"24 x 41 mm"}],"pa_waga":[{"value":76,"label":"1 oz t"}]},"featured_image_src_large":["https:\/\/www.mintofgold.com\/wp-content\/uploads\/2025\/02\/Carbon_Neutral_Lady_Fortun_1oz_Gold_Minted-_Bar.png",1000,1000,false],"author_info":[],"comment_info":0,"_links":{"self":[{"href":"https:\/\/www.mintofgold.com\/hi\/wp-json\/wp\/v2\/product\/68","targetHints":{"allow":["GET"]}}],"collection":[{"href":"https:\/\/www.mintofgold.com\/hi\/wp-json\/wp\/v2\/product"}],"about":[{"href":"https:\/\/www.mintofgold.com\/hi\/wp-json\/wp\/v2\/types\/product"}],"replies":[{"embeddable":true,"href":"https:\/\/www.mintofgold.com\/hi\/wp-json\/wp\/v2\/comments?post=68"}],"wp:featuredmedia":[{"embeddable":true,"href":"https:\/\/www.mintofgold.com\/hi\/wp-json\/wp\/v2\/media\/69"}],"wp:attachment":[{"href":"https:\/\/www.mintofgold.com\/hi\/wp-json\/wp\/v2\/media?parent=68"}],"wp:term":[{"taxonomy":"product_brand","embeddable":true,"href":"https:\/\/www.mintofgold.com\/hi\/wp-json\/wp\/v2\/product_brand?post=68"},{"taxonomy":"product_cat","embeddable":true,"href":"https:\/\/www.mintofgold.com\/hi\/wp-json\/wp\/v2\/product_cat?post=68"},{"taxonomy":"product_tag","embeddable":true,"href":"https:\/\/www.mintofgold.com\/hi\/wp-json\/wp\/v2\/product_tag?post=68"}],"curies":[{"name":"\u0921\u092c\u094d\u0932\u094d\u092f\u0942\u092a\u0940","href":"https:\/\/api.w.org\/{rel}","templated":true}]}}