{"id":658,"date":"2025-02-20T11:54:16","date_gmt":"2025-02-20T10:54:16","guid":{"rendered":"https:\/\/mintofgold.com\/?post_type=product&#038;p=658"},"modified":"2025-02-28T17:15:27","modified_gmt":"2025-02-28T16:15:27","slug":"50-g-gold-999-9-classic","status":"publish","type":"product","link":"https:\/\/www.mintofgold.com\/hi\/50-g-gold-999-9-classic\/","title":{"rendered":"50 g Gold 999.9 &#8211; Classic"},"content":{"rendered":"<p>Sztabki bite s\u0105 dost\u0119pne w siedmiu r\u00f3\u017cnych rozmiarach: 1 g, 5 g, 10 g, 20 g, 1 oz, 50 g, 100 g. Podobnie jak wszystkie sztabki z\u0142ota Heraeus, sztabka 50 g posiada numer seryjny. Czysto\u015b\u0107 wynosi 999,9. Wszystkie sztabki bite s\u0105 pakowane w blister, kt\u00f3ry zawiera r\u00f3wnie\u017c certyfikat. Blisterki wykonane s\u0105 z PET. Ka\u017cdy ma rozmiar zbli\u017cony do karty kredytowej: 85 mm x 54 mm.<\/p>","protected":false},"excerpt":{"rendered":"<p>Sztabki bite s\u0105 dost\u0119pne w siedmiu r\u00f3\u017cnych rozmiarach: 1 g, 5 g, 10 g, 20 g, 1 oz, 50 g, 100 g. Podobnie jak wszystkie sztabki z\u0142ota Heraeus, sztabka 50 g posiada numer seryjny. Czysto\u015b\u0107 wynosi 999,9. Wszystkie sztabki bite s\u0105 pakowane w blister, kt\u00f3ry zawiera r\u00f3wnie\u017c certyfikat. Blisterki wykonane s\u0105 z PET. Ka\u017cdy ma&#8230;<\/p>","protected":false},"featured_media":659,"comment_status":"closed","ping_status":"closed","template":"","meta":{"_kad_blocks_custom_css":"","_kad_blocks_head_custom_js":"","_kad_blocks_body_custom_js":"","_kad_blocks_footer_custom_js":"","_kad_post_transparent":"default","_kad_post_title":"","_kad_post_layout":"default","_kad_post_sidebar_id":"","_kad_post_content_style":"default","_kad_post_vertical_padding":"default","_kad_post_feature":"","_kad_post_feature_position":"","_kad_post_header":false,"_kad_post_footer":false,"_kad_post_classname":""},"product_brand":[66],"product_cat":[21],"product_tag":[],"class_list":{"0":"post-658","1":"product","2":"type-product","3":"status-publish","4":"has-post-thumbnail","6":"product_brand-heraeus-precious-metals","7":"product_cat-sztabki-zlota","8":"pa_metal-zloto","9":"pa_proba-23","10":"pa_rozmiar-49-7-x-28-5-x-2-mm","11":"pa_waga-50g","13":"first","14":"instock","15":"shipping-taxable","16":"product-type-simple","17":"entry","18":"content-bg","19":"loop-entry"},"taxonomy_info":{"product_brand":[{"value":66,"label":"HERAEUS - PRECIOUS METALS"}],"product_cat":[{"value":21,"label":"Sztabki z\u0142ota"}],"pa_metal":[{"value":98,"label":"Z\u0142oto"}],"pa_proba":[{"value":23,"label":"999,9"}],"pa_rozmiar":[{"value":189,"label":"49.7 x 28.5 x 2 mm"}],"pa_waga":[{"value":73,"label":"50g"}]},"featured_image_src_large":["https:\/\/www.mintofgold.com\/wp-content\/uploads\/2025\/02\/50g-gold-999-9-classich-p-m-1024x1024.png",1024,1024,true],"author_info":[],"comment_info":0,"_links":{"self":[{"href":"https:\/\/www.mintofgold.com\/hi\/wp-json\/wp\/v2\/product\/658","targetHints":{"allow":["GET"]}}],"collection":[{"href":"https:\/\/www.mintofgold.com\/hi\/wp-json\/wp\/v2\/product"}],"about":[{"href":"https:\/\/www.mintofgold.com\/hi\/wp-json\/wp\/v2\/types\/product"}],"replies":[{"embeddable":true,"href":"https:\/\/www.mintofgold.com\/hi\/wp-json\/wp\/v2\/comments?post=658"}],"wp:featuredmedia":[{"embeddable":true,"href":"https:\/\/www.mintofgold.com\/hi\/wp-json\/wp\/v2\/media\/659"}],"wp:attachment":[{"href":"https:\/\/www.mintofgold.com\/hi\/wp-json\/wp\/v2\/media?parent=658"}],"wp:term":[{"taxonomy":"product_brand","embeddable":true,"href":"https:\/\/www.mintofgold.com\/hi\/wp-json\/wp\/v2\/product_brand?post=658"},{"taxonomy":"product_cat","embeddable":true,"href":"https:\/\/www.mintofgold.com\/hi\/wp-json\/wp\/v2\/product_cat?post=658"},{"taxonomy":"product_tag","embeddable":true,"href":"https:\/\/www.mintofgold.com\/hi\/wp-json\/wp\/v2\/product_tag?post=658"}],"curies":[{"name":"\u0921\u092c\u094d\u0932\u094d\u092f\u0942\u092a\u0940","href":"https:\/\/api.w.org\/{rel}","templated":true}]}}