{"id":59,"date":"2025-02-21T09:08:57","date_gmt":"2025-02-21T08:08:57","guid":{"rendered":"https:\/\/mintofgold.com\/?post_type=product&#038;p=59"},"modified":"2025-02-28T14:14:04","modified_gmt":"2025-02-28T13:14:04","slug":"fortuna-gold-minted-bar-100g","status":"publish","type":"product","link":"https:\/\/www.mintofgold.com\/hi\/fortuna-gold-minted-bar-100g\/","title":{"rendered":"Fortuna Gold Minted Bar &#8211; 100g"},"content":{"rendered":"<p data-start=\"0\" data-end=\"279\">PAMP \u0915\u0940\u092e\u0924\u0940 \u0927\u093e\u0924\u0941\u0913\u0902 \u0915\u0940 \u092a\u0939\u0932\u0940 \u092c\u094d\u0930\u093e\u0902\u0921 \u0925\u0940 \u091c\u093f\u0938\u0928\u0947 \u0905\u092a\u0928\u0940 \u0922\u093e\u0932\u0940 \u0917\u0908 \u0938\u0932\u093e\u0916\u094b\u0902 \u0915\u0947 \u092a\u0940\u091b\u0947 \u0915\u0940 \u0913\u0930 \u0938\u091c\u093e\u0935\u091f \u0915\u0940\u0964 1979 \u092e\u0947\u0902 \u092a\u0947\u0936 \u0915\u0940 \u0917\u0908 \u0932\u0947\u0921\u0940 \u092b\u0949\u0930\u094d\u091a\u094d\u092f\u0942\u0928\u2122 \u0907\u0928 \u0915\u0932\u093e\u0924\u094d\u092e\u0915 \u0935\u093f\u0937\u092f\u094b\u0902 \u092e\u0947\u0902 \u0938\u0947 \u092a\u0939\u0932\u0940 \u0925\u0940 \u0914\u0930 \u0906\u091c \u092d\u0940 \u092f\u0939 \u0935\u093f\u0936\u094d\u0935 \u0938\u094d\u0924\u0930 \u092a\u0930 \u092e\u093e\u0928\u094d\u092f\u0924\u093e \u092a\u094d\u0930\u093e\u092a\u094d\u0924 \u092a\u094d\u0930\u0924\u0940\u0915 \u0939\u0948, \u091c\u094b PAMP \u0915\u0940 \u0909\u091a\u094d\u091a\u0924\u092e \u0917\u0941\u0923\u0935\u0924\u094d\u0924\u093e \u0914\u0930 \u092a\u094d\u0930\u093e\u092e\u093e\u0923\u093f\u0915\u0924\u093e \u0915\u0940 \u0917\u093e\u0930\u0902\u091f\u0940 \u0926\u0947\u0924\u093e \u0939\u0948\u0964.<\/p>\n<p data-start=\"281\" data-end=\"501\">Dzi\u0119ki charakterystycznemu, lustrzanemu wyko\u0144czeniu, rzymska bogini dobrobytu jest przedstawiona ze wszystkimi swoimi mitycznymi atrybutami: snopami pszenicy, makami, rogiem obfito\u015bci, cennymi monetami i ko\u0142em fortuny.<\/p>\n<p data-start=\"503\" data-end=\"968\" data-is-last-node=\"\">Bez w\u0105tpienia ikoniczny wizerunek Lady Fortuny&#x2122; jest najbardziej rozpoznawalnym i presti\u017cowym wzorem sztabek bulionowych na \u015bwiecie. Akredytowana przez Szwajcarskie Federalne Biuro, ka\u017cda sztabka jest indywidualnie rejestrowana i zapiecz\u0119towana w ochronnym opakowaniu CertiPAMP&#x2122;, zawieraj\u0105cym zintegrowany i oficjalny certyfikat badania. Certyfikat ten gwarantuje zawarto\u015b\u0107 czystego metalu szlachetnego oraz wag\u0119 sztabki, a ca\u0142o\u015b\u0107 jest zabezpieczona usuwaln\u0105 foli\u0105.<\/p>","protected":false},"excerpt":{"rendered":"<p>PAMP by\u0142a pierwsz\u0105 mark\u0105 metali szlachetnych, kt\u00f3ra ozdobi\u0142a rewersy swoich wybitych sztabek. Wprowadzona w 1979 roku Lady Fortuna&#x2122; by\u0142a pierwszym z tych artystycznych motyw\u00f3w i do dzi\u015b jest \u015bwiatowo rozpoznawalnym symbolem, gwarantuj\u0105cym najwy\u017csz\u0105 jako\u015b\u0107 i autentyczno\u015b\u0107 PAMP. Dzi\u0119ki charakterystycznemu, lustrzanemu wyko\u0144czeniu, rzymska bogini dobrobytu jest przedstawiona ze wszystkimi swoimi mitycznymi atrybutami: snopami pszenicy, makami, rogiem&#8230;<\/p>","protected":false},"featured_media":60,"comment_status":"closed","ping_status":"closed","template":"","meta":{"_kad_blocks_custom_css":"","_kad_blocks_head_custom_js":"","_kad_blocks_body_custom_js":"","_kad_blocks_footer_custom_js":"","_kad_post_transparent":"default","_kad_post_title":"","_kad_post_layout":"default","_kad_post_sidebar_id":"","_kad_post_content_style":"default","_kad_post_vertical_padding":"default","_kad_post_feature":"","_kad_post_feature_position":"","_kad_post_header":false,"_kad_post_footer":false,"_kad_post_classname":""},"product_brand":[20],"product_cat":[21],"product_tag":[],"class_list":{"0":"post-59","1":"product","2":"type-product","3":"status-publish","4":"has-post-thumbnail","6":"product_brand-pamp","7":"product_cat-sztabki-zlota","8":"pa_grubosc-4-12-mm","9":"pa_metal-zloto","10":"pa_proba-23","11":"pa_rozmiar-27-x-47-mm","12":"pa_waga-100g","14":"first","15":"instock","16":"shipping-taxable","17":"product-type-simple","18":"entry","19":"content-bg","20":"loop-entry"},"taxonomy_info":{"product_brand":[{"value":20,"label":"PAMP"}],"product_cat":[{"value":21,"label":"Sztabki z\u0142ota"}],"pa_grubosc":[{"value":39,"label":"4.12 mm"}],"pa_metal":[{"value":98,"label":"Z\u0142oto"}],"pa_proba":[{"value":23,"label":"999,9"}],"pa_rozmiar":[{"value":36,"label":"27 x 47 mm"}],"pa_waga":[{"value":72,"label":"100g"}]},"featured_image_src_large":["https:\/\/www.mintofgold.com\/wp-content\/uploads\/2025\/02\/au_100g_revcertipamp_2.png",1000,1000,false],"author_info":[],"comment_info":0,"_links":{"self":[{"href":"https:\/\/www.mintofgold.com\/hi\/wp-json\/wp\/v2\/product\/59","targetHints":{"allow":["GET"]}}],"collection":[{"href":"https:\/\/www.mintofgold.com\/hi\/wp-json\/wp\/v2\/product"}],"about":[{"href":"https:\/\/www.mintofgold.com\/hi\/wp-json\/wp\/v2\/types\/product"}],"replies":[{"embeddable":true,"href":"https:\/\/www.mintofgold.com\/hi\/wp-json\/wp\/v2\/comments?post=59"}],"wp:featuredmedia":[{"embeddable":true,"href":"https:\/\/www.mintofgold.com\/hi\/wp-json\/wp\/v2\/media\/60"}],"wp:attachment":[{"href":"https:\/\/www.mintofgold.com\/hi\/wp-json\/wp\/v2\/media?parent=59"}],"wp:term":[{"taxonomy":"product_brand","embeddable":true,"href":"https:\/\/www.mintofgold.com\/hi\/wp-json\/wp\/v2\/product_brand?post=59"},{"taxonomy":"product_cat","embeddable":true,"href":"https:\/\/www.mintofgold.com\/hi\/wp-json\/wp\/v2\/product_cat?post=59"},{"taxonomy":"product_tag","embeddable":true,"href":"https:\/\/www.mintofgold.com\/hi\/wp-json\/wp\/v2\/product_tag?post=59"}],"curies":[{"name":"\u0921\u092c\u094d\u0932\u094d\u092f\u0942\u092a\u0940","href":"https:\/\/api.w.org\/{rel}","templated":true}]}}