{"id":48,"date":"2025-02-21T09:00:55","date_gmt":"2025-02-21T08:00:55","guid":{"rendered":"https:\/\/mintofgold.com\/?post_type=product&#038;p=48"},"modified":"2025-02-28T14:19:11","modified_gmt":"2025-02-28T13:19:11","slug":"newmont-1oz-pure-gold-bar-lady-of-liberty","status":"publish","type":"product","link":"https:\/\/www.mintofgold.com\/hi\/newmont-1oz-pure-gold-bar-lady-of-liberty\/","title":{"rendered":"\u0928\u094d\u092f\u0942\u092e\u094b\u0902\u091f 1 \u0914\u0902\u0938 \u0936\u0941\u0926\u094d\u0927 \u0938\u094b\u0928\u0947 \u0915\u0940 \u091b\u0921\u093c - \u0932\u0947\u0921\u0940 \u0911\u092b \u0932\u093f\u092c\u0930\u094d\u091f\u0940"},"content":{"rendered":"<p>PAMP\/Newmont \u0936\u0941\u0926\u094d\u0927 \u0938\u094b\u0928\u0947 \u0915\u0940 1 \u0914\u0902\u0938 \u0932\u0947\u0921\u0940 \u0911\u092b \u0932\u093f\u092c\u0930\u094d\u091f\u0940 \u092c\u093e\u0930 \u090f\u0915 \u0910\u0938\u093e \u0938\u094b\u0928\u0947 \u0915\u093e \u092c\u093e\u0930 \u0939\u0948 \u091c\u093f\u0938\u0947 \u0916\u0926\u093e\u0928 \u0938\u0947 \u092c\u093e\u091c\u093e\u0930 \u0924\u0915 \u091f\u094d\u0930\u0948\u0915 \u0915\u093f\u092f\u093e \u091c\u093e \u0938\u0915\u0924\u093e \u0939\u0948, \u091c\u094b \u0935\u093f\u0936\u0947\u0937 \u0930\u0942\u092a \u0938\u0947 \u0928\u094d\u092f\u0942\u092e\u094b\u0902\u091f \u0926\u094d\u0935\u093e\u0930\u093e \u0928\u093f\u0915\u093e\u0932\u0947 \u0917\u090f \u0938\u094b\u0928\u0947 \u0938\u0947 \u092c\u0928\u093e \u0939\u0948, \u091c\u093f\u0938\u0947 \u0938\u094d\u0935\u093f\u091f\u094d\u091c\u0930\u0932\u0948\u0902\u0921 \u092e\u0947\u0902 MKS PAMP \u0926\u094d\u0935\u093e\u0930\u093e \u092a\u0930\u093f\u0937\u094d\u0915\u0943\u0924 \u0914\u0930 \u0922\u093e\u0932\u093e \u0917\u092f\u093e \u0939\u0948 \u2013 \u092a\u094d\u0930\u094b\u0935\u0947\u0902\u0938\u0947\u0902\u0938 \u0926\u094d\u0935\u093e\u0930\u093e \u0938\u092e\u0930\u094d\u0925\u093f\u0924\u0964 \u092f\u0939 \u0916\u0942\u092c\u0938\u0942\u0930\u0924 \u092c\u093e\u0930 Art Deco \u0936\u0948\u0932\u0940 \u092e\u0947\u0902 \u0921\u093f\u091c\u093c\u093e\u0907\u0928 \u0915\u0940 \u0935\u094d\u092f\u093e\u0916\u094d\u092f\u093e \u092a\u094d\u0930\u0938\u094d\u0924\u0941\u0924 \u0915\u0930\u0924\u0940 \u0939\u0948, \u091c\u093f\u0938\u092e\u0947\u0902 \u0938\u094d\u0935\u0924\u0902\u0924\u094d\u0930\u0924\u093e, \u0932\u094b\u0915\u0924\u0902\u0924\u094d\u0930 \u0914\u0930 \u092a\u094d\u0930\u092c\u094b\u0927\u0928 \u0915\u093e \u092a\u094d\u0930\u0924\u0940\u0915 \u0932\u0947\u0921\u0940 \u0911\u092b\u093c \u0932\u093f\u092c\u0930\u094d\u091f\u0940 \u0915\u094b \u0926\u0930\u094d\u0936\u093e\u092f\u093e \u0917\u092f\u093e \u0939\u0948\u0964 \u092f\u0947 \u092d\u093e\u0935\u0928\u093e\u090f\u0901 \u0932\u0947\u0921\u0940 \u0911\u092b\u093c \u0932\u093f\u092c\u0930\u094d\u091f\u0940 \u0915\u0940 \u0924\u0932\u0935\u093e\u0930, \u091c\u094b \u0932\u094b\u0917\u094b\u0902 \u0915\u0940 \u0938\u094d\u0935\u0924\u0902\u0924\u094d\u0930\u0924\u093e \u0915\u0940 \u0930\u0915\u094d\u0937\u093e \u0915\u0930\u0924\u0940 \u0939\u0948, \u0914\u0930 \u0917\u094d\u0930\u0940\u0915\u094b-\u0930\u094b\u092e\u0928 \u0936\u0948\u0932\u0940 \u0915\u0940 \u092c\u0939\u0924\u0940 \u0939\u0941\u0908 \u091f\u0949\u0917\u093e, \u091c\u094b \u0932\u094b\u0915\u0924\u093e\u0902\u0924\u094d\u0930\u093f\u0915 \u0906\u0926\u0930\u094d\u0936\u094b\u0902 \u0915\u093e \u092a\u094d\u0930\u0924\u093f\u0928\u093f\u0927\u093f\u0924\u094d\u0935 \u0915\u0930\u0924\u0940 \u0939\u0948, \u0926\u094d\u0935\u093e\u0930\u093e \u092a\u094d\u0930\u0924\u0940\u0915\u093f\u0924 \u0939\u0948\u0902, \u091c\u092c\u0915\u093f \u0935\u0939 \u090f\u0915 \u0909\u091c\u094d\u091c\u094d\u0935\u0932 \u092d\u0935\u093f\u0937\u094d\u092f \u0915\u0940 \u0913\u0930 \u092e\u093e\u0930\u094d\u0917 \u0930\u094b\u0936\u0928 \u0915\u0930\u0928\u0947 \u0935\u093e\u0932\u0940 \u092e\u0936\u093e\u0932 \u0927\u093e\u0930\u0923 \u0915\u093f\u090f \u0939\u0941\u090f \u0939\u0948\u0964.<\/p>\n<p>\u0928\u094d\u092f\u0942\u092e\u094b\u0902\u091f \u0935\u093f\u0936\u094d\u0935 \u0915\u0940 \u0905\u0917\u094d\u0930\u0923\u0940 \u0938\u094b\u0928\u093e \u0916\u0928\u0928 \u0915\u0902\u092a\u0928\u0940 \u0939\u0948 \u0924\u0925\u093e \u0924\u093e\u0902\u092c\u093e, \u091c\u0938\u094d\u0924\u093e, \u0938\u0940\u0938\u093e \u0914\u0930 \u091a\u093e\u0902\u0926\u0940 \u0915\u093e \u0909\u0924\u094d\u092a\u093e\u0926\u0915 \u0939\u0948\u0964 \u0915\u0902\u092a\u0928\u0940 \u0915\u093e \u092a\u094b\u0930\u094d\u091f\u092b\u094b\u0932\u093f\u092f\u094b, \u091c\u093f\u0938\u092e\u0947\u0902 \u0935\u093f\u0936\u094d\u0935 \u0938\u094d\u0924\u0930\u0940\u092f \u0938\u0902\u092a\u0924\u094d\u0924\u093f\u092f\u093e\u0902, \u0938\u0902\u092d\u093e\u0935\u0928\u093e\u090f\u0902 \u0914\u0930 \u092a\u094d\u0930\u0924\u093f\u092d\u093e \u0936\u093e\u092e\u093f\u0932 \u0939\u0948\u0902, \u0905\u092b\u094d\u0930\u0940\u0915\u093e, \u0911\u0938\u094d\u091f\u094d\u0930\u0947\u0932\u093f\u092f\u093e, \u0932\u0948\u091f\u093f\u0928 \u0905\u092e\u0947\u0930\u093f\u0915\u093e \u0914\u0930 \u0915\u0948\u0930\u093f\u092c\u093f\u092f\u0928, \u0909\u0924\u094d\u0924\u0930\u0940 \u0905\u092e\u0947\u0930\u093f\u0915\u093e \u0924\u0925\u093e \u092a\u093e\u092a\u0941\u0906 \u0928\u094d\u092f\u0942 \u0917\u093f\u0928\u0940 \u0915\u0947 \u0905\u0928\u0941\u0915\u0942\u0932 \u0916\u0928\u0928 \u0905\u0927\u093f\u0915\u093e\u0930\u0915\u094d\u0937\u0947\u0924\u094d\u0930\u094b\u0902 \u092e\u0947\u0902 \u0928\u093f\u0939\u093f\u0924 \u0939\u0948\u0964 \u0928\u094d\u092f\u0942\u092e\u094b\u0902\u091f S&amp;P 500 \u0938\u0942\u091a\u0915\u093e\u0902\u0915 \u092e\u0947\u0902 \u0938\u0942\u091a\u0940\u092c\u0926\u094d\u0927 \u090f\u0915\u092e\u093e\u0924\u094d\u0930 \u0938\u094b\u0928\u0947 \u0915\u093e \u0909\u0924\u094d\u092a\u093e\u0926\u0915 \u0939\u0948 \u0914\u0930 \u092a\u0930\u094d\u092f\u093e\u0935\u0930\u0923, \u0938\u093e\u092e\u093e\u091c\u093f\u0915 \u091c\u093f\u092e\u094d\u092e\u0947\u0926\u093e\u0930\u0940 \u0914\u0930 \u0915\u0949\u0930\u094d\u092a\u094b\u0930\u0947\u091f \u0936\u093e\u0938\u0928 (ESG) \u0915\u0947 \u0905\u092a\u0928\u0947 \u092e\u0942\u0932\u092d\u0942\u0924 \u0938\u093f\u0926\u094d\u0927\u093e\u0902\u0924\u094b\u0902 \u0915\u0947 \u0932\u093f\u090f \u0935\u094d\u092f\u093e\u092a\u0915 \u0930\u0942\u092a \u0938\u0947 \u092e\u093e\u0928\u094d\u092f\u0924\u093e \u092a\u094d\u0930\u093e\u092a\u094d\u0924 \u0939\u0948\u0964 \u0928\u094d\u092f\u0942\u092e\u094b\u0902\u091f \u092e\u0942\u0932\u094d\u092f \u0938\u0943\u091c\u0928 \u092e\u0947\u0902 \u0909\u0926\u094d\u092f\u094b\u0917 \u0915\u093e \u0905\u0917\u094d\u0930\u0923\u0940 \u0939\u0948, \u091c\u093f\u0938\u0947 \u092e\u091c\u092c\u0942\u0924 \u0938\u0941\u0930\u0915\u094d\u0937\u093e \u092e\u093e\u0928\u0915\u094b\u0902, \u0909\u0924\u094d\u0915\u0943\u0937\u094d\u091f \u0928\u093f\u0937\u094d\u092a\u093e\u0926\u0928 \u0914\u0930 \u0924\u0915\u0928\u0940\u0915\u0940 \u0935\u093f\u0936\u0947\u0937\u091c\u094d\u091e\u0924\u093e \u0915\u093e \u0938\u092e\u0930\u094d\u0925\u0928 \u092a\u094d\u0930\u093e\u092a\u094d\u0924 \u0939\u0948\u0964 \u0915\u0902\u092a\u0928\u0940 \u0915\u0940 \u0938\u094d\u0925\u093e\u092a\u0928\u093e 1921 \u092e\u0947\u0902 \u0939\u0941\u0908 \u0925\u0940, \u0914\u0930 \u092f\u0939 1925 \u0938\u0947 \u0936\u0947\u092f\u0930 \u092c\u093e\u091c\u093e\u0930 \u092e\u0947\u0902 \u0938\u0942\u091a\u0940\u092c\u0926\u094d\u0927 \u0939\u0948\u0964.<\/p>","protected":false},"excerpt":{"rendered":"<p>Sztabka czystego z\u0142ota PAMP\/Newmont 1 oz Lady of Liberty to sztabka z\u0142ota, kt\u00f3r\u0105 mo\u017cna prze\u015bledzi\u0107 od kopalni do rynku, wykonana wy\u0142\u0105cznie ze z\u0142ota wydobywanego przez Newmont, rafinowana i bita przez MKS PAMP w Szwajcarii \u2013 wspierana przez Provenance. Ta pi\u0119kna sztabka prezentuje interpretacj\u0119 projektu w stylu Art Deco, przedstawiaj\u0105c\u0105 Lady of Liberty, symbol wolno\u015bci, demokracji&#8230;<\/p>","protected":false},"featured_media":49,"comment_status":"closed","ping_status":"closed","template":"","meta":{"_kad_blocks_custom_css":"","_kad_blocks_head_custom_js":"","_kad_blocks_body_custom_js":"","_kad_blocks_footer_custom_js":"","_kad_post_transparent":"default","_kad_post_title":"","_kad_post_layout":"default","_kad_post_sidebar_id":"","_kad_post_content_style":"default","_kad_post_vertical_padding":"default","_kad_post_feature":"","_kad_post_feature_position":"","_kad_post_header":false,"_kad_post_footer":false,"_kad_post_classname":""},"product_brand":[20],"product_cat":[21],"product_tag":[],"class_list":{"0":"post-48","1":"product","2":"type-product","3":"status-publish","4":"has-post-thumbnail","6":"product_brand-pamp","7":"product_cat-sztabki-zlota","8":"pa_grubosc-166-mm","9":"pa_metal-zloto","10":"pa_proba-23","11":"pa_rozmiar-24x41-mm","12":"pa_waga-1-ounce","14":"first","15":"instock","16":"shipping-taxable","17":"product-type-simple","18":"entry","19":"content-bg","20":"loop-entry"},"taxonomy_info":{"product_brand":[{"value":20,"label":"PAMP"}],"product_cat":[{"value":21,"label":"Sztabki z\u0142ota"}],"pa_grubosc":[{"value":26,"label":"1,66 mm"}],"pa_metal":[{"value":98,"label":"Z\u0142oto"}],"pa_proba":[{"value":23,"label":"999,9"}],"pa_rozmiar":[{"value":24,"label":"24x41 mm"}],"pa_waga":[{"value":68,"label":"1 Ounce"}]},"featured_image_src_large":["https:\/\/www.mintofgold.com\/wp-content\/uploads\/2025\/02\/lady-of-liberty_reverse_certipamp_0.png",1000,1000,false],"author_info":[],"comment_info":0,"_links":{"self":[{"href":"https:\/\/www.mintofgold.com\/hi\/wp-json\/wp\/v2\/product\/48","targetHints":{"allow":["GET"]}}],"collection":[{"href":"https:\/\/www.mintofgold.com\/hi\/wp-json\/wp\/v2\/product"}],"about":[{"href":"https:\/\/www.mintofgold.com\/hi\/wp-json\/wp\/v2\/types\/product"}],"replies":[{"embeddable":true,"href":"https:\/\/www.mintofgold.com\/hi\/wp-json\/wp\/v2\/comments?post=48"}],"wp:featuredmedia":[{"embeddable":true,"href":"https:\/\/www.mintofgold.com\/hi\/wp-json\/wp\/v2\/media\/49"}],"wp:attachment":[{"href":"https:\/\/www.mintofgold.com\/hi\/wp-json\/wp\/v2\/media?parent=48"}],"wp:term":[{"taxonomy":"product_brand","embeddable":true,"href":"https:\/\/www.mintofgold.com\/hi\/wp-json\/wp\/v2\/product_brand?post=48"},{"taxonomy":"product_cat","embeddable":true,"href":"https:\/\/www.mintofgold.com\/hi\/wp-json\/wp\/v2\/product_cat?post=48"},{"taxonomy":"product_tag","embeddable":true,"href":"https:\/\/www.mintofgold.com\/hi\/wp-json\/wp\/v2\/product_tag?post=48"}],"curies":[{"name":"\u0921\u092c\u094d\u0932\u094d\u092f\u0942\u092a\u0940","href":"https:\/\/api.w.org\/{rel}","templated":true}]}}