{"id":231,"date":"2025-02-16T08:26:12","date_gmt":"2025-02-16T07:26:12","guid":{"rendered":"https:\/\/mintofgold.com\/?post_type=product&#038;p=231"},"modified":"2025-02-26T14:07:33","modified_gmt":"2025-02-26T13:07:33","slug":"australian-origin-1-kilo-gold-cast-bar","status":"publish","type":"product","link":"https:\/\/www.mintofgold.com\/hi\/australian-origin-1-kilo-gold-cast-bar\/","title":{"rendered":"\u0911\u0938\u094d\u091f\u094d\u0930\u0947\u0932\u093f\u092f\u093e\u0908 \u0913\u0930\u093f\u091c\u093f\u0928 1 \u0915\u093f\u0932\u094b \u0938\u094b\u0928\u0947 \u0915\u093e \u0922\u0932\u093e \u0939\u0941\u0906 \u092c\u093e\u0930"},"content":{"rendered":"<p><strong>Sztabka odlewana z\u0142ota<br \/>\n<\/strong>The Perth Mint zobowi\u0105zuje si\u0119 do dostarczania produkt\u00f3w z\u0142otych wysokiej jako\u015bci na rynki na ca\u0142ym \u015bwiecie. To zobowi\u0105zanie obejmuje zapewnienie, \u017ce nasze z\u0142oto pochodzi z kopalni spe\u0142niaj\u0105cych standardy z\u0142ota wolnego od konflikt\u00f3w ustalone przez World Gold Council. Dla inwestor\u00f3w, kt\u00f3rzy pragn\u0105 posiada\u0107 z\u0142oto, kt\u00f3re wyra\u017anie \u015bwiadczy o tym zobowi\u0105zaniu, z rado\u015bci\u0105 przedstawiamy nasz\u0105 now\u0105 australijsk\u0105 sztabk\u0119 odlewan\u0105 z\u0142ota 1 Kilo Gold\u00ae.<\/p>\n<p><strong>Prosz\u0119 zwr\u00f3ci\u0107 uwag\u0119:<\/strong><br \/>\nObrazy maj\u0105 charakter ilustracyjny. Sztabki bulionowe dostarczane mog\u0105 r\u00f3\u017cni\u0107 si\u0119 wyko\u0144czeniem, w tym odcieniem koloru, tekstur\u0105 powierzchni i kszta\u0142tem.<\/p>\n<p>Podane wymiary odnosz\u0105 si\u0119 do maksymalnej mo\u017cliwej grubo\u015bci, d\u0142ugo\u015bci i szeroko\u015bci sztabki zgodnie z naszymi tolerancjami produkcyjnymi. Poniewa\u017c wszystkie wymiary w jednej sztabce nie mog\u0105 by\u0107 maksymalne, rzeczywiste pomiary b\u0119d\u0105 si\u0119 nieco r\u00f3\u017cni\u0107, aby zapewni\u0107 spe\u0142nienie minimalnego wymogu wagi brutto.<\/p>\n<p data-start=\"0\" data-end=\"26\"><strong>Projekt i opakowanie<br \/>\n<\/strong>Sztabka jest dostarczana z Certyfikatem Pochodzenia i Analizy Z\u0142ota Czystego, a tak\u017ce opatrzona inskrypcj\u0105 zarejestrowanego logo \u0142ab\u0119dzia The Perth Mint w LBMA, unikalnym numerem seryjnym oraz informacj\u0105 o wadze i czysto\u015bci.<\/p>\n<p data-start=\"254\" data-end=\"357\"><strong data-start=\"254\" data-end=\"271\">Zastrze\u017cenie:<\/strong> W przypadku zgubienia lub uszkodzenia certyfikatu The Perth Mint nie zapewni wymiany.<\/p>","protected":false},"excerpt":{"rendered":"<p>Wykonana z 1 kilograma z\u0142ota o czysto\u015bci 99,99%, ta odlewana sztabka jest cennym dodatkiem do oferty fizycznych sztabek bulionowych The Perth Mint, w czasie gdy inwestorzy coraz bardziej poszukuj\u0105 przejrzysto\u015bci dotycz\u0105cej pochodzenia swoich zakup\u00f3w metali szlachetnych.<\/p>\n<p><strong>\u092e\u0941\u0916\u094d\u092f \u0935\u093f\u0936\u0947\u0937\u0924\u093e\u090f\u0901:<\/strong><\/p>\n<ul>\n<li>Z\u0142oto australijskie o czysto\u015bci 99,99%<\/li>\n<li>Ekskluzywny stempel \u201eAUSTRALIAN ORIGIN GOLD\u00ae\u201d<\/li>\n<li>Unikalny numer seryjny<\/li>\n<li>Certyfikat pochodzenia i analizy<\/li>\n<\/ul>","protected":false},"featured_media":620,"comment_status":"closed","ping_status":"closed","template":"","meta":{"_kad_blocks_custom_css":"","_kad_blocks_head_custom_js":"","_kad_blocks_body_custom_js":"","_kad_blocks_footer_custom_js":"","_kad_post_transparent":"default","_kad_post_title":"","_kad_post_layout":"default","_kad_post_sidebar_id":"","_kad_post_content_style":"default","_kad_post_vertical_padding":"default","_kad_post_feature":"","_kad_post_feature_position":"","_kad_post_header":false,"_kad_post_footer":false,"_kad_post_classname":""},"product_brand":[118],"product_cat":[21],"product_tag":[],"class_list":{"0":"post-231","1":"product","2":"type-product","3":"status-publish","4":"has-post-thumbnail","6":"product_brand-the-perth-mint","7":"product_cat-sztabki-zlota","8":"pa_metal-zloto","9":"pa_proba-99-99","10":"pa_rozmiar-112-x-52-x-9-mm","11":"pa_waga-32-148-oz-t","13":"first","14":"instock","15":"shipping-taxable","16":"product-type-simple","17":"entry","18":"content-bg","19":"loop-entry"},"taxonomy_info":{"product_brand":[{"value":118,"label":"THE PERTH MINT"}],"product_cat":[{"value":21,"label":"Sztabki z\u0142ota"}],"pa_metal":[{"value":98,"label":"Z\u0142oto"}],"pa_proba":[{"value":119,"label":"99.99%"}],"pa_rozmiar":[{"value":137,"label":"112 x 52 x 9 mm"}],"pa_waga":[{"value":141,"label":"32.148 oz t"}]},"featured_image_src_large":["https:\/\/www.mintofgold.com\/wp-content\/uploads\/2025\/02\/australian-origin-1-kilo-gold-cast-bar-the-perth-tpm-1024x1024.png",1024,1024,true],"author_info":[],"comment_info":0,"_links":{"self":[{"href":"https:\/\/www.mintofgold.com\/hi\/wp-json\/wp\/v2\/product\/231","targetHints":{"allow":["GET"]}}],"collection":[{"href":"https:\/\/www.mintofgold.com\/hi\/wp-json\/wp\/v2\/product"}],"about":[{"href":"https:\/\/www.mintofgold.com\/hi\/wp-json\/wp\/v2\/types\/product"}],"replies":[{"embeddable":true,"href":"https:\/\/www.mintofgold.com\/hi\/wp-json\/wp\/v2\/comments?post=231"}],"wp:featuredmedia":[{"embeddable":true,"href":"https:\/\/www.mintofgold.com\/hi\/wp-json\/wp\/v2\/media\/620"}],"wp:attachment":[{"href":"https:\/\/www.mintofgold.com\/hi\/wp-json\/wp\/v2\/media?parent=231"}],"wp:term":[{"taxonomy":"product_brand","embeddable":true,"href":"https:\/\/www.mintofgold.com\/hi\/wp-json\/wp\/v2\/product_brand?post=231"},{"taxonomy":"product_cat","embeddable":true,"href":"https:\/\/www.mintofgold.com\/hi\/wp-json\/wp\/v2\/product_cat?post=231"},{"taxonomy":"product_tag","embeddable":true,"href":"https:\/\/www.mintofgold.com\/hi\/wp-json\/wp\/v2\/product_tag?post=231"}],"curies":[{"name":"\u0921\u092c\u094d\u0932\u094d\u092f\u0942\u092a\u0940","href":"https:\/\/api.w.org\/{rel}","templated":true}]}}