{"id":144,"date":"2025-02-20T12:22:18","date_gmt":"2025-02-20T11:22:18","guid":{"rendered":"https:\/\/mintofgold.com\/?post_type=product&#038;p=144"},"modified":"2025-02-28T16:16:06","modified_gmt":"2025-02-28T15:16:06","slug":"20g-gold-999-9-combibar","status":"publish","type":"product","link":"https:\/\/www.mintofgold.com\/hi\/20g-gold-999-9-combibar\/","title":{"rendered":"20 \u0917\u094d\u0930\u093e\u092e \u0938\u094b\u0928\u093e 999.9 \u2013 \u0915\u0949\u092e\u094d\u092c\u0940\u092c\u093e\u0930"},"content":{"rendered":"<p>Heraeus CombiBar\u2122 \u0924\u0940\u0928 \u0906\u0915\u093e\u0930\u094b\u0902 \u092e\u0947\u0902 \u0909\u092a\u0932\u092c\u094d\u0927 \u0939\u0948: \u092f\u0939 20, 50 \u092f\u093e 100 \u090f\u0915\u0932 1 \u0917\u094d\u0930\u093e\u092e \u0915\u0947 \u0926\u092c\u093e\u090f \u0917\u090f \u0938\u094b\u0928\u0947 \u0915\u0947 \u092c\u093f\u0932\u0947\u091f\u094d\u0938 \u0938\u0947 \u092c\u0928\u093e \u0939\u094b\u0924\u093e \u0939\u0948, \u091c\u094b \u090f\u0915 \u0938\u093e\u0925 \u091c\u0941\u0921\u093c\u0915\u0930 \u090f\u0915 \u092c\u0921\u093c\u0940 \u092c\u093f\u0932\u0947\u091f \u092c\u0928\u093e\u0924\u0947 \u0939\u0948\u0902\u0964 \u090f\u0915\u0932 1 \u0917\u094d\u0930\u093e\u092e \u0915\u0947 \u092c\u093f\u0932\u0947\u091f\u094d\u0938 \u0915\u094b \u0906\u0938\u093e\u0928\u0940 \u0938\u0947 \u0905\u0932\u0917 \u0915\u093f\u092f\u093e \u091c\u093e \u0938\u0915\u0924\u093e \u0939\u0948\u0964.<\/p>\n<p>\u0938\u0940\u0930\u093f\u092f\u0932 \u0928\u0902\u092c\u0930 \u0915\u0947\u0935\u0932 \u092c\u0921\u093c\u0940 \u092c\u093e\u0930 \u092a\u0930 \u0939\u0940 \u0939\u094b\u0924\u093e \u0939\u0948\u0964 CombiBar\u2122 \u092a\u094d\u0932\u093e\u0938\u094d\u091f\u093f\u0915 \u0915\u0947 \u0915\u0947\u0938 \u092e\u0947\u0902 \u092a\u0948\u0915 \u0915\u093f\u092f\u093e \u0917\u092f\u093e \u0939\u0948, \u091c\u093f\u0938\u092e\u0947\u0902 \u092a\u094d\u0930\u092e\u093e\u0923\u092a\u0924\u094d\u0930 \u092d\u0940 \u0936\u093e\u092e\u093f\u0932 \u0939\u0948\u0964 \u0938\u094b\u0928\u0947 \u0915\u0940 \u0936\u0941\u0926\u094d\u0927\u0924\u093e Heraeus \u0915\u0940 \u0938\u092d\u0940 \u092c\u093e\u0930\u094b\u0902 \u0915\u0940 \u0924\u0930\u0939 \u0939\u0940 999.9 \u0939\u0948\u0964.<\/p>","protected":false},"excerpt":{"rendered":"<p>Heraeus CombiBar&#x2122; jest dost\u0119pny w trzech rozmiarach: sk\u0142ada si\u0119 z 20, 50 lub 100 pojedynczych wyt\u0142aczanych sztabek z\u0142ota o masie 1 g, kt\u00f3re s\u0105 po\u0142\u0105czone, tworz\u0105c jedn\u0105 wi\u0119ksz\u0105 sztabk\u0119. Pojedyncze sztabki 1 g mo\u017cna \u0142atwo oddzieli\u0107 od siebie. Numer seryjny znajduje si\u0119 wy\u0142\u0105cznie na du\u017cej sztabce. CombiBar&#x2122; jest zapakowany w plastikowe etui, kt\u00f3re zawiera r\u00f3wnie\u017c&#8230;<\/p>","protected":false},"featured_media":625,"comment_status":"closed","ping_status":"closed","template":"","meta":{"_kad_blocks_custom_css":"","_kad_blocks_head_custom_js":"","_kad_blocks_body_custom_js":"","_kad_blocks_footer_custom_js":"","_kad_post_transparent":"default","_kad_post_title":"","_kad_post_layout":"default","_kad_post_sidebar_id":"","_kad_post_content_style":"default","_kad_post_vertical_padding":"default","_kad_post_feature":"","_kad_post_feature_position":"","_kad_post_header":false,"_kad_post_footer":false,"_kad_post_classname":""},"product_brand":[66],"product_cat":[18],"product_tag":[],"class_list":{"0":"post-144","1":"product","2":"type-product","3":"status-publish","4":"has-post-thumbnail","6":"product_brand-heraeus-precious-metals","7":"product_cat-bez-kategorii","8":"pa_metal-zloto","9":"pa_proba-23","10":"pa_rozmiar-42-x-37-x-0-85-mm","11":"pa_waga-20g","13":"first","14":"instock","15":"shipping-taxable","16":"product-type-simple","17":"entry","18":"content-bg","19":"loop-entry"},"taxonomy_info":{"product_brand":[{"value":66,"label":"HERAEUS - PRECIOUS METALS"}],"product_cat":[{"value":18,"label":"Bez kategorii"}],"pa_metal":[{"value":98,"label":"Z\u0142oto"}],"pa_proba":[{"value":23,"label":"999,9"}],"pa_rozmiar":[{"value":92,"label":"42 x 37 x 0.85 mm"}],"pa_waga":[{"value":78,"label":"20g"}]},"featured_image_src_large":["https:\/\/www.mintofgold.com\/wp-content\/uploads\/2025\/02\/20-_g-Gold_999_9_CombiBar_02_h_p_m-1024x1024.png",1024,1024,true],"author_info":[],"comment_info":0,"_links":{"self":[{"href":"https:\/\/www.mintofgold.com\/hi\/wp-json\/wp\/v2\/product\/144","targetHints":{"allow":["GET"]}}],"collection":[{"href":"https:\/\/www.mintofgold.com\/hi\/wp-json\/wp\/v2\/product"}],"about":[{"href":"https:\/\/www.mintofgold.com\/hi\/wp-json\/wp\/v2\/types\/product"}],"replies":[{"embeddable":true,"href":"https:\/\/www.mintofgold.com\/hi\/wp-json\/wp\/v2\/comments?post=144"}],"wp:featuredmedia":[{"embeddable":true,"href":"https:\/\/www.mintofgold.com\/hi\/wp-json\/wp\/v2\/media\/625"}],"wp:attachment":[{"href":"https:\/\/www.mintofgold.com\/hi\/wp-json\/wp\/v2\/media?parent=144"}],"wp:term":[{"taxonomy":"product_brand","embeddable":true,"href":"https:\/\/www.mintofgold.com\/hi\/wp-json\/wp\/v2\/product_brand?post=144"},{"taxonomy":"product_cat","embeddable":true,"href":"https:\/\/www.mintofgold.com\/hi\/wp-json\/wp\/v2\/product_cat?post=144"},{"taxonomy":"product_tag","embeddable":true,"href":"https:\/\/www.mintofgold.com\/hi\/wp-json\/wp\/v2\/product_tag?post=144"}],"curies":[{"name":"\u0921\u092c\u094d\u0932\u094d\u092f\u0942\u092a\u0940","href":"https:\/\/api.w.org\/{rel}","templated":true}]}}