{"id":131,"date":"2025-02-20T12:10:12","date_gmt":"2025-02-20T11:10:12","guid":{"rendered":"https:\/\/mintofgold.com\/?post_type=product&#038;p=131"},"modified":"2025-02-28T16:33:26","modified_gmt":"2025-02-28T15:33:26","slug":"5g-gold-999-9-kinebar","status":"publish","type":"product","link":"https:\/\/www.mintofgold.com\/hi\/5g-gold-999-9-kinebar\/","title":{"rendered":"5 \u0917\u094d\u0930\u093e\u092e \u0938\u094b\u0928\u093e 999.9 \u2013 \u0915\u093e\u0907\u0928\u092c\u093e\u0930"},"content":{"rendered":"<p>Kinebar\u00ae \u090f\u0915 \u0926\u092c\u093e\u0915\u0930 \u0928\u093f\u0930\u094d\u092e\u093f\u0924 \u0938\u094b\u0928\u0947 \u0915\u0940 \u0938\u0932\u093e\u0916 \u0939\u0948 \u091c\u093f\u0938\u092e\u0947\u0902 \u0905\u0924\u093f\u0930\u093f\u0915\u094d\u0924 \u0938\u0941\u0930\u0915\u094d\u0937\u093e \u0915\u0947 \u0930\u0942\u092a \u092e\u0947\u0902 Kinegram\u00ae \u0939\u094b\u0924\u093e \u0939\u0948\u0964 \u0939\u094b\u0932\u094b\u0917\u094d\u0930\u093e\u092e \u0924\u0915\u0928\u0940\u0915 \u092a\u093e\u0938\u092a\u094b\u0930\u094d\u091f\u094b\u0902 \u0914\u0930 \u092c\u0948\u0902\u0915 \u0928\u094b\u091f\u094b\u0902 \u092e\u0947\u0902 \u0909\u092a\u092f\u094b\u0917 \u0915\u0947 \u0932\u093f\u090f \u0935\u094d\u092f\u093e\u092a\u0915 \u0930\u0942\u092a \u0938\u0947 \u091c\u093e\u0928\u0940 \u091c\u093e\u0924\u0940 \u0939\u0948\u0964 \u092f\u0939 \u0928 \u0915\u0947\u0935\u0932 \u0938\u0932\u093e\u0916 \u0915\u094b \u0906\u0915\u0930\u094d\u0937\u0915 \u0930\u0942\u092a \u0926\u0947\u0924\u0940 \u0939\u0948, \u092c\u0932\u094d\u0915\u093f \u0907\u0938\u0915\u0940 \u0938\u0941\u0930\u0915\u094d\u0937\u093e \u092d\u0940 \u092c\u0922\u093c\u093e\u0924\u0940 \u0939\u0948\u0964 \u0939\u094b\u0932\u094b\u0917\u094d\u0930\u093e\u092e Kinebar\u00ae \u0915\u0947 \u092a\u0940\u091b\u0947 \u0915\u0940 \u0913\u0930 \u0939\u094b\u0924\u093e \u0939\u0948\u0964 \u0907\u0938 \u0909\u0926\u094d\u0926\u0947\u0936\u094d\u092f \u0915\u0947 \u0932\u093f\u090f, \u0909\u0924\u094d\u092a\u093e\u0926\u0928 \u092a\u094d\u0930\u0915\u094d\u0930\u093f\u092f\u093e \u0915\u0947 \u0926\u094c\u0930\u093e\u0928 \u0938\u0924\u0939 \u092a\u0930 \u0938\u0942\u0915\u094d\u0937\u094d\u092e \u092e\u093e\u0907\u0915\u094d\u0930\u094b\u0938\u094d\u091f\u094d\u0930\u0915\u094d\u091a\u0930 \u0932\u0917\u093e\u090f \u091c\u093e\u0924\u0947 \u0939\u0948\u0902, \u091c\u093f\u0938\u0938\u0947 \u091a\u092e\u0915 \u0915\u093e \u092a\u094d\u0930\u092d\u093e\u0935 \u0909\u0924\u094d\u092a\u0928\u094d\u0928 \u0939\u094b\u0924\u093e \u0939\u0948\u0964.<\/p>\n<p>Kinebar\u00ae \u091b\u0939 \u0906\u0915\u093e\u0930\u094b\u0902 \u092e\u0947\u0902 \u0909\u092a\u0932\u092c\u094d\u0927 \u0939\u0948: 1 \u0917\u094d\u0930\u093e\u092e, 2 \u0917\u094d\u0930\u093e\u092e, 5 \u0917\u094d\u0930\u093e\u092e, 10 \u0917\u094d\u0930\u093e\u092e, 20 \u0917\u094d\u0930\u093e\u092e \u0914\u0930 1 \u0914\u0902\u0938\u0964 \u092c\u093e\u0930 \u092c\u094d\u0932\u093f\u0938\u094d\u091f\u0930 \u092e\u0947\u0902 \u092a\u0948\u0915 \u0915\u093f\u092f\u093e \u091c\u093e\u0924\u093e \u0939\u0948, \u091c\u093f\u0938\u092e\u0947\u0902 \u090f\u0915 \u092a\u094d\u0930\u092e\u093e\u0923\u092a\u0924\u094d\u0930 \u092d\u0940 \u0936\u093e\u092e\u093f\u0932 \u0939\u094b\u0924\u093e \u0939\u0948\u0964 \u092c\u094d\u0932\u093f\u0938\u094d\u091f\u0930 PET \u0938\u0947 \u092c\u0928\u0947 \u0939\u094b\u0924\u0947 \u0939\u0948\u0902 \u0914\u0930 \u092a\u094d\u0930\u0924\u094d\u092f\u0947\u0915 \u0915\u093e \u0906\u0915\u093e\u0930 \u0915\u094d\u0930\u0947\u0921\u093f\u091f \u0915\u093e\u0930\u094d\u0921 \u0915\u0947 \u0938\u092e\u093e\u0928 \u0939\u094b\u0924\u093e \u0939\u0948 \u2013 85 \u092e\u093f\u092e\u0940 x 54 \u092e\u093f\u092e\u0940\u0964.<\/p>","protected":false},"excerpt":{"rendered":"<p>Kinebar\u00ae to wyt\u0142aczana sztabka z\u0142ota z dodatkowym zabezpieczeniem \u2013 Kinegram\u00ae. Technologia hologramu jest powszechnie znana z zastosowania w paszportach i banknotach. Nie tylko nadaje sztabce atrakcyjny wygl\u0105d, ale tak\u017ce zwi\u0119ksza jej bezpiecze\u0144stwo. Hologram pokrywa tyln\u0105 stron\u0119 Kinebar\u00ae. W tym celu podczas procesu produkcji na powierzchni\u0119 nanoszone s\u0105 drobne mikrostruktury, tworz\u0105c efekt po\u0142ysku. Kinebar\u00ae jest dost\u0119pny&#8230;<\/p>","protected":false},"featured_media":603,"comment_status":"closed","ping_status":"closed","template":"","meta":{"_kad_blocks_custom_css":"","_kad_blocks_head_custom_js":"","_kad_blocks_body_custom_js":"","_kad_blocks_footer_custom_js":"","_kad_post_transparent":"default","_kad_post_title":"","_kad_post_layout":"default","_kad_post_sidebar_id":"","_kad_post_content_style":"default","_kad_post_vertical_padding":"default","_kad_post_feature":"","_kad_post_feature_position":"","_kad_post_header":false,"_kad_post_footer":false,"_kad_post_classname":""},"product_brand":[66],"product_cat":[21],"product_tag":[],"class_list":{"0":"post-131","1":"product","2":"type-product","3":"status-publish","4":"has-post-thumbnail","6":"product_brand-heraeus-precious-metals","7":"product_cat-sztabki-zlota","8":"pa_metal-zloto","9":"pa_proba-23","10":"pa_rozmiar-23-x-14-x-1-mm","11":"pa_waga-5g","13":"first","14":"instock","15":"shipping-taxable","16":"product-type-simple","17":"entry","18":"content-bg","19":"loop-entry"},"taxonomy_info":{"product_brand":[{"value":66,"label":"HERAEUS - PRECIOUS METALS"}],"product_cat":[{"value":21,"label":"Sztabki z\u0142ota"}],"pa_metal":[{"value":98,"label":"Z\u0142oto"}],"pa_proba":[{"value":23,"label":"999,9"}],"pa_rozmiar":[{"value":86,"label":"23 x 14 x 1 mm"}],"pa_waga":[{"value":80,"label":"5g"}]},"featured_image_src_large":["https:\/\/www.mintofgold.com\/wp-content\/uploads\/2025\/02\/5_g_Gold_999_9_Kinebar_01_h_p_m-1024x1024.png",1024,1024,true],"author_info":[],"comment_info":0,"_links":{"self":[{"href":"https:\/\/www.mintofgold.com\/hi\/wp-json\/wp\/v2\/product\/131","targetHints":{"allow":["GET"]}}],"collection":[{"href":"https:\/\/www.mintofgold.com\/hi\/wp-json\/wp\/v2\/product"}],"about":[{"href":"https:\/\/www.mintofgold.com\/hi\/wp-json\/wp\/v2\/types\/product"}],"replies":[{"embeddable":true,"href":"https:\/\/www.mintofgold.com\/hi\/wp-json\/wp\/v2\/comments?post=131"}],"wp:featuredmedia":[{"embeddable":true,"href":"https:\/\/www.mintofgold.com\/hi\/wp-json\/wp\/v2\/media\/603"}],"wp:attachment":[{"href":"https:\/\/www.mintofgold.com\/hi\/wp-json\/wp\/v2\/media?parent=131"}],"wp:term":[{"taxonomy":"product_brand","embeddable":true,"href":"https:\/\/www.mintofgold.com\/hi\/wp-json\/wp\/v2\/product_brand?post=131"},{"taxonomy":"product_cat","embeddable":true,"href":"https:\/\/www.mintofgold.com\/hi\/wp-json\/wp\/v2\/product_cat?post=131"},{"taxonomy":"product_tag","embeddable":true,"href":"https:\/\/www.mintofgold.com\/hi\/wp-json\/wp\/v2\/product_tag?post=131"}],"curies":[{"name":"\u0921\u092c\u094d\u0932\u094d\u092f\u0942\u092a\u0940","href":"https:\/\/api.w.org\/{rel}","templated":true}]}}