{"id":958,"date":"2025-03-07T12:49:42","date_gmt":"2025-03-07T11:49:42","guid":{"rendered":"https:\/\/mintofgold.com\/?post_type=product&#038;p=958"},"modified":"2025-03-07T13:55:27","modified_gmt":"2025-03-07T12:55:27","slug":"naturalny-diament-1-00-ct","status":"publish","type":"product","link":"https:\/\/www.mintofgold.com\/fr\/naturalny-diament-1-00-ct\/","title":{"rendered":"Naturalny Diament 1,00 ct"},"content":{"rendered":"<p><strong>Naturalny Diament 1,00 ct, certifi\u00e9 GIA<\/strong><\/p>\n<p>Le diamant naturel d'une valeur de 1,00 ct est certifi\u00e9 GIA.<br \/>\nCharakteryzuje si\u0119 doskona\u0142ym szlifem, wyj\u0105tkow\u0105 czysto\u015bci\u0105 <strong>VVS1<\/strong> i barw\u0105 <strong>D<\/strong>, co zapewnia niezwyk\u0142y blask i przejrzysto\u015b\u0107.<br \/>\nIdealny wyb\u00f3r dla kolekcjoner\u00f3w oraz na wyj\u0105tkowe okazje.<\/p>\n<p><strong>Luksus, warto\u015b\u0107 i ponadczasowa elegancja - zam\u00f3w ju\u017c dzi\u015b !<\/strong><\/p>","protected":false},"excerpt":{"rendered":"<p>Un outil de travail efficace pour les entreprises et les collectivit\u00e9s. Id\u00e9al pour une utilisation en milieu urbain.<\/p>","protected":false},"featured_media":969,"comment_status":"closed","ping_status":"closed","template":"","meta":{"_kad_blocks_custom_css":"","_kad_blocks_head_custom_js":"","_kad_blocks_body_custom_js":"","_kad_blocks_footer_custom_js":"","_kad_post_transparent":"default","_kad_post_title":"","_kad_post_layout":"default","_kad_post_sidebar_id":"","_kad_post_content_style":"default","_kad_post_vertical_padding":"default","_kad_post_feature":"","_kad_post_feature_position":"","_kad_post_header":false,"_kad_post_footer":false,"_kad_post_classname":""},"product_brand":[],"product_cat":[208,207,206],"product_tag":[],"class_list":{"0":"post-958","1":"product","2":"type-product","3":"status-publish","4":"has-post-thumbnail","6":"product_cat-diamonds","7":"product_cat-lab-grown-diamonds","8":"product_cat-fancy-diamonds","10":"first","11":"instock","12":"shipping-taxable","13":"product-type-simple","14":"entry","15":"content-bg","16":"loop-entry"},"taxonomy_info":{"product_cat":[{"value":208,"label":"Diamonds"},{"value":207,"label":"Lab- Grown Diamonds"},{"value":206,"label":"Fancy Diamonds"}]},"featured_image_src_large":["https:\/\/www.mintofgold.com\/wp-content\/uploads\/2025\/03\/diament7.webp",1024,1024,false],"author_info":[],"comment_info":0,"_links":{"self":[{"href":"https:\/\/www.mintofgold.com\/fr\/wp-json\/wp\/v2\/product\/958","targetHints":{"allow":["GET"]}}],"collection":[{"href":"https:\/\/www.mintofgold.com\/fr\/wp-json\/wp\/v2\/product"}],"about":[{"href":"https:\/\/www.mintofgold.com\/fr\/wp-json\/wp\/v2\/types\/product"}],"replies":[{"embeddable":true,"href":"https:\/\/www.mintofgold.com\/fr\/wp-json\/wp\/v2\/comments?post=958"}],"wp:featuredmedia":[{"embeddable":true,"href":"https:\/\/www.mintofgold.com\/fr\/wp-json\/wp\/v2\/media\/969"}],"wp:attachment":[{"href":"https:\/\/www.mintofgold.com\/fr\/wp-json\/wp\/v2\/media?parent=958"}],"wp:term":[{"taxonomy":"product_brand","embeddable":true,"href":"https:\/\/www.mintofgold.com\/fr\/wp-json\/wp\/v2\/product_brand?post=958"},{"taxonomy":"product_cat","embeddable":true,"href":"https:\/\/www.mintofgold.com\/fr\/wp-json\/wp\/v2\/product_cat?post=958"},{"taxonomy":"product_tag","embeddable":true,"href":"https:\/\/www.mintofgold.com\/fr\/wp-json\/wp\/v2\/product_tag?post=958"}],"curies":[{"name":"wp","href":"https:\/\/api.w.org\/{rel}","templated":true}]}}