{"id":923,"date":"2025-03-07T06:50:44","date_gmt":"2025-03-07T05:50:44","guid":{"rendered":"https:\/\/mintofgold.com\/?post_type=product&#038;p=923"},"modified":"2025-03-07T08:01:04","modified_gmt":"2025-03-07T07:01:04","slug":"golddiamond-aurora","status":"publish","type":"product","link":"https:\/\/www.mintofgold.com\/fr\/golddiamond-aurora\/","title":{"rendered":"Ordiamond Aurora"},"content":{"rendered":"<p data-start=\"58\" data-end=\"352\">Odkryj Golddiamond Aurora - wyj\u0105tkow\u0105 ozdob\u0119, kt\u00f3ra zachwyca niepowtarzalnym wzornictwem oraz najwy\u017csz\u0105 jako\u015bci\u0105 wykonania. Ten luksusowy dodatek to niezwykle efektowne po\u0142\u0105czenie szlachetnego z\u0142ota i ol\u015bniewaj\u0105cych diament\u00f3w, idealne dla os\u00f3b ceni\u0105cych wytworn\u0105 estetyk\u0119 i ponadczasowe pi\u0119kno.<\/p>\n<p data-start=\"354\" data-end=\"380\"><strong data-start=\"354\" data-end=\"380\">G\u0142\u00f3wne cechy produktu :<\/strong><\/p>\n<ul data-start=\"381\" data-end=\"912\">\n<li data-start=\"381\" data-end=\"507\"><strong data-start=\"383\" data-end=\"409\">Ekskluzywne materia\u0142y :<\/strong> Precyzyjnie wyselekcjonowane diamenty osadzone w pi\u0119knie wypolerowanym z\u0142ocie najwy\u017cszej pr\u00f3by.<\/li>\n<li data-start=\"508\" data-end=\"634\"><strong data-start=\"510\" data-end=\"531\">Wyj\u0105tkowy design :<\/strong> Cette forme dynamique et subtile permet d'am\u00e9liorer la qualit\u00e9 des images et d'att\u00e9nuer les effets de l'image de marque.<\/li>\n<li data-start=\"635\" data-end=\"763\"><strong data-start=\"637\" data-end=\"663\">Uniformit\u00e9 de l'organisation :<\/strong> Idealny akcent do codziennych i wieczorowych kreacji - zawsze prezentuje si\u0119 niezwykle szykownie.<\/li>\n<li data-start=\"764\" data-end=\"912\"><strong data-start=\"766\" data-end=\"792\">Niezapomniany prezent :<\/strong> L'ornementation de l'image de marque de Golddiamond Aurora a \u00e9t\u00e9 con\u00e7ue pour \u00eatre utilis\u00e9e dans les domaines de la sant\u00e9 et de l'\u00e9ducation, de l'environnement et de la s\u00e9curit\u00e9.<\/li>\n<\/ul>\n<p data-start=\"914\" data-end=\"1113\" data-is-last-node=\"\" data-is-only-node=\"\">Wybierz Golddiamond Aurora, je\u015bli pragniesz bi\u017cuterii, kt\u00f3ra doda Ci pewno\u015bci siebie i podkre\u015bli Twoj\u0105 osobowo\u015b\u0107. Pozw\u00f3l, by ten zachwycaj\u0105cy klejnot sta\u0142 si\u0119 symbolem Twojego niepowtarzalnego stylu.<\/p>","protected":false},"excerpt":{"rendered":"<p>Ol\u015bniewaj\u0105ce zestawienie szlachetnego z\u0142ota z diamentami. Wyj\u0105tkowa forma nadaje bi\u017cuterii dynamiczny charakter, gwarantuj\u0105c szyk i ponadczasowe pi\u0119kno.<\/p>","protected":false},"featured_media":918,"comment_status":"closed","ping_status":"closed","template":"","meta":{"_kad_blocks_custom_css":"","_kad_blocks_head_custom_js":"","_kad_blocks_body_custom_js":"","_kad_blocks_footer_custom_js":"","_kad_post_transparent":"default","_kad_post_title":"","_kad_post_layout":"default","_kad_post_sidebar_id":"","_kad_post_content_style":"default","_kad_post_vertical_padding":"default","_kad_post_feature":"","_kad_post_feature_position":"","_kad_post_header":false,"_kad_post_footer":false,"_kad_post_classname":""},"product_brand":[172],"product_cat":[209],"product_tag":[],"class_list":{"0":"post-923","1":"product","2":"type-product","3":"status-publish","4":"has-post-thumbnail","6":"product_brand-mint-of-gold","7":"product_cat-gold-diamonds","9":"first","10":"instock","11":"shipping-taxable","12":"product-type-simple","13":"entry","14":"content-bg","15":"loop-entry"},"taxonomy_info":{"product_brand":[{"value":172,"label":"MINT OF GOLD"}],"product_cat":[{"value":209,"label":"Goldiamonds"}]},"featured_image_src_large":["https:\/\/www.mintofgold.com\/wp-content\/uploads\/2025\/03\/gold-diamonds-3.webp",1024,1024,false],"author_info":[],"comment_info":0,"_links":{"self":[{"href":"https:\/\/www.mintofgold.com\/fr\/wp-json\/wp\/v2\/product\/923","targetHints":{"allow":["GET"]}}],"collection":[{"href":"https:\/\/www.mintofgold.com\/fr\/wp-json\/wp\/v2\/product"}],"about":[{"href":"https:\/\/www.mintofgold.com\/fr\/wp-json\/wp\/v2\/types\/product"}],"replies":[{"embeddable":true,"href":"https:\/\/www.mintofgold.com\/fr\/wp-json\/wp\/v2\/comments?post=923"}],"wp:featuredmedia":[{"embeddable":true,"href":"https:\/\/www.mintofgold.com\/fr\/wp-json\/wp\/v2\/media\/918"}],"wp:attachment":[{"href":"https:\/\/www.mintofgold.com\/fr\/wp-json\/wp\/v2\/media?parent=923"}],"wp:term":[{"taxonomy":"product_brand","embeddable":true,"href":"https:\/\/www.mintofgold.com\/fr\/wp-json\/wp\/v2\/product_brand?post=923"},{"taxonomy":"product_cat","embeddable":true,"href":"https:\/\/www.mintofgold.com\/fr\/wp-json\/wp\/v2\/product_cat?post=923"},{"taxonomy":"product_tag","embeddable":true,"href":"https:\/\/www.mintofgold.com\/fr\/wp-json\/wp\/v2\/product_tag?post=923"}],"curies":[{"name":"wp","href":"https:\/\/api.w.org\/{rel}","templated":true}]}}