{"id":915,"date":"2025-03-07T07:45:19","date_gmt":"2025-03-07T06:45:19","guid":{"rendered":"https:\/\/mintofgold.com\/?post_type=product&#038;p=915"},"modified":"2025-03-07T13:21:28","modified_gmt":"2025-03-07T12:21:28","slug":"golddiamond-erika","status":"publish","type":"product","link":"https:\/\/www.mintofgold.com\/fr\/golddiamond-erika\/","title":{"rendered":"Golddiamond Erika"},"content":{"rendered":"<p>Poznaj Golddiamond Erika wyj\u0105tkowy dodatek, kt\u00f3ry podkre\u015bli Twoj\u0105 indywidualno\u015b\u0107 i styl. Ten ekskluzywny produkt to harmonijne po\u0142\u0105czenie najwy\u017cszej jako\u015bci z\u0142ota oraz osza\u0142amiaj\u0105cych diament\u00f3w, wykonanych z precyzj\u0105 i pasj\u0105. Zaprojektowany z my\u015bl\u0105 o kobietach ceni\u0105cych elegancj\u0119 i ponadczasowy design, Golddiamond Erika sprawdzi si\u0119 zar\u00f3wno jako subtelny akcent codziennych stylizacji, jak i efektowny dodatek na wyj\u0105tkowe okazje.<\/p>\n<p><strong>G\u0142\u00f3wne cechy produktu :<\/strong><\/p>\n<ul>\n<li><strong>Les mat\u00e9riaux de base :<\/strong> Wykonany z najwy\u017cszej jako\u015bci z\u0142ota, zdobiony starannie wyselekcjonowanymi diamentami.<\/li>\n<li><strong>Perfekcyjne wykonanie :<\/strong> Ka\u017cdy detal dopracowany z pasj\u0105, co gwarantuje trwa\u0142o\u015b\u0107 i niezr\u00f3wnany blask.<\/li>\n<li><strong>Uniwersalny design :<\/strong> Une forme \u00e9l\u00e9gante, qui permet \u00e0 l'utilisateur de s'exprimer en toute libert\u00e9 sur des sujets d'int\u00e9r\u00eat g\u00e9n\u00e9ral, comme la sant\u00e9 publique.<\/li>\n<li><strong>Idealny prezent :<\/strong> Zapakowany w ekskluzywne opakowanie, gotowy do wr\u0119czenia jako wyrafinowany upominek dla bliskiej osoby.<\/li>\n<\/ul>\n<p>Golddiamond Erika to nie tylko bi\u017cuteria - to wyraz pewno\u015bci siebie, klasy i subtelnego luksusu. Wybierz produkt, kt\u00f3ry dope\u0142ni Tw\u00f3j wizerunek, nadaj\u0105c mu wyj\u0105tkowego blasku na ka\u017cd\u0105 chwil\u0119.<\/p>","protected":false},"excerpt":{"rendered":"<p>Ekskluzywne po\u0142\u0105czenie najwy\u017cszej pr\u00f3by z\u0142ota i diament\u00f3w. Subtelny design podkre\u015bla ka\u017cd\u0105 stylizacj\u0119, dodaj\u0105c jej niepowtarzalnego blasku i elegancji.<\/p>","protected":false},"featured_media":910,"comment_status":"closed","ping_status":"closed","template":"","meta":{"_kad_blocks_custom_css":"","_kad_blocks_head_custom_js":"","_kad_blocks_body_custom_js":"","_kad_blocks_footer_custom_js":"","_kad_post_transparent":"default","_kad_post_title":"","_kad_post_layout":"default","_kad_post_sidebar_id":"","_kad_post_content_style":"default","_kad_post_vertical_padding":"default","_kad_post_feature":"","_kad_post_feature_position":"","_kad_post_header":false,"_kad_post_footer":false,"_kad_post_classname":""},"product_brand":[172],"product_cat":[209],"product_tag":[],"class_list":{"0":"post-915","1":"product","2":"type-product","3":"status-publish","4":"has-post-thumbnail","6":"product_brand-mint-of-gold","7":"product_cat-gold-diamonds","9":"first","10":"instock","11":"shipping-taxable","12":"product-type-simple","13":"entry","14":"content-bg","15":"loop-entry"},"taxonomy_info":{"product_brand":[{"value":172,"label":"MINT OF GOLD"}],"product_cat":[{"value":209,"label":"Goldiamonds"}]},"featured_image_src_large":["https:\/\/www.mintofgold.com\/wp-content\/uploads\/2025\/03\/gold-diamonds-1.webp",1024,1024,false],"author_info":[],"comment_info":0,"_links":{"self":[{"href":"https:\/\/www.mintofgold.com\/fr\/wp-json\/wp\/v2\/product\/915","targetHints":{"allow":["GET"]}}],"collection":[{"href":"https:\/\/www.mintofgold.com\/fr\/wp-json\/wp\/v2\/product"}],"about":[{"href":"https:\/\/www.mintofgold.com\/fr\/wp-json\/wp\/v2\/types\/product"}],"replies":[{"embeddable":true,"href":"https:\/\/www.mintofgold.com\/fr\/wp-json\/wp\/v2\/comments?post=915"}],"wp:featuredmedia":[{"embeddable":true,"href":"https:\/\/www.mintofgold.com\/fr\/wp-json\/wp\/v2\/media\/910"}],"wp:attachment":[{"href":"https:\/\/www.mintofgold.com\/fr\/wp-json\/wp\/v2\/media?parent=915"}],"wp:term":[{"taxonomy":"product_brand","embeddable":true,"href":"https:\/\/www.mintofgold.com\/fr\/wp-json\/wp\/v2\/product_brand?post=915"},{"taxonomy":"product_cat","embeddable":true,"href":"https:\/\/www.mintofgold.com\/fr\/wp-json\/wp\/v2\/product_cat?post=915"},{"taxonomy":"product_tag","embeddable":true,"href":"https:\/\/www.mintofgold.com\/fr\/wp-json\/wp\/v2\/product_tag?post=915"}],"curies":[{"name":"wp","href":"https:\/\/api.w.org\/{rel}","templated":true}]}}