{"id":76,"date":"2025-02-21T09:24:27","date_gmt":"2025-02-21T08:24:27","guid":{"rendered":"https:\/\/mintofgold.com\/?post_type=product&#038;p=76"},"modified":"2025-02-28T14:15:47","modified_gmt":"2025-02-28T13:15:47","slug":"fortuna-gold-minted-bar-10g","status":"publish","type":"product","link":"https:\/\/www.mintofgold.com\/fr\/fortuna-gold-minted-bar-10g\/","title":{"rendered":"Fortuna Barre d'Or Min\u00e9e - 10g"},"content":{"rendered":"<p>PAMP by\u0142a pierwsz\u0105 mark\u0105 metali szlachetnych, kt\u00f3ra kiedykolwiek udekorowa\u0142a rewers swoich bitych sztabek. Wprowadzona w 1979 roku, Lady Fortuna\u2122 by\u0142a pierwotnym motywem artystycznym i jest dzi\u015b na ca\u0142ym \u015bwiecie uznawana za zaufany symbol zapewniaj\u0105cy doskona\u0142o\u015b\u0107 jako\u015bci i autentyczno\u015b\u0107 PAMP. Z charakterystycznym wyko\u0144czeniem przypominaj\u0105cym stempel, rzymska bogini dobrobytu jest przedstawiona ze wszystkimi swoimi mitycznymi atrybutami : k\u0142osami pszenicy, makami, rogiem obfito\u015bci, cennymi monetami i ko\u0142em fortuny.<\/p>\n<p>Niew\u0105tpliwie, ikoniczny wizerunek Lady Fortuna\u2122 to najbardziej rozpoznawany i presti\u017cowy projekt sztabki bulionowej na \u015bwiecie. Akredytowana przez Szwajcarski Federalny Urz\u0105d, ka\u017cda sztabka jest indywidualnie zarejestrowana i zapakowana w ochronne opakowanie CertiPAMP\u2122, zawieraj\u0105ce zintegrowany i oficjalny certyfikat pr\u00f3by, kt\u00f3ry gwarantuje zawarto\u015b\u0107 metalu szlachetnego oraz wag\u0119, chronione zdejmowan\u0105 foli\u0105.<\/p>","protected":false},"excerpt":{"rendered":"<p>PAMP by\u0142a pierwsz\u0105 mark\u0105 metali szlachetnych, kt\u00f3ra kiedykolwiek udekorowa\u0142a rewers swoich bitych sztabek. Wprowadzona w 1979 roku, Lady Fortuna&#x2122; by\u0142a pierwotnym motywem artystycznym i jest dzi\u015b na ca\u0142ym \u015bwiecie uznawana za zaufany symbol zapewniaj\u0105cy doskona\u0142o\u015b\u0107 jako\u015bci i autentyczno\u015b\u0107 PAMP. Z charakterystycznym wyko\u0144czeniem przypominaj\u0105cym stempel, rzymska bogini dobrobytu jest przedstawiona ze wszystkimi swoimi mitycznymi atrybutami: k\u0142osami&#8230;<\/p>","protected":false},"featured_media":77,"comment_status":"closed","ping_status":"closed","template":"","meta":{"_kad_blocks_custom_css":"","_kad_blocks_head_custom_js":"","_kad_blocks_body_custom_js":"","_kad_blocks_footer_custom_js":"","_kad_post_transparent":"default","_kad_post_title":"","_kad_post_layout":"default","_kad_post_sidebar_id":"","_kad_post_content_style":"default","_kad_post_vertical_padding":"default","_kad_post_feature":"","_kad_post_feature_position":"","_kad_post_header":false,"_kad_post_footer":false,"_kad_post_classname":""},"product_brand":[20],"product_cat":[21],"product_tag":[],"class_list":{"0":"post-76","1":"product","2":"type-product","3":"status-publish","4":"has-post-thumbnail","6":"product_brand-pamp","7":"product_cat-sztabki-zlota","8":"pa_grubosc-1-25-mm","9":"pa_metal-zloto","10":"pa_proba-23","11":"pa_rozmiar-15-8-x-26-5-mm","12":"pa_waga-10g","14":"first","15":"instock","16":"shipping-taxable","17":"product-type-simple","18":"entry","19":"content-bg","20":"loop-entry"},"taxonomy_info":{"product_brand":[{"value":20,"label":"PAMP"}],"product_cat":[{"value":21,"label":"Sztabki z\u0142ota"}],"pa_grubosc":[{"value":56,"label":"1.25 mm"}],"pa_metal":[{"value":98,"label":"Z\u0142oto"}],"pa_proba":[{"value":23,"label":"999,9"}],"pa_rozmiar":[{"value":55,"label":"15.8 x 26.5 mm"}],"pa_waga":[{"value":79,"label":"10g"}]},"featured_image_src_large":["https:\/\/www.mintofgold.com\/wp-content\/uploads\/2025\/02\/Fortuna_Gold_Minted_Bar_10g.png",1000,1000,false],"author_info":[],"comment_info":0,"_links":{"self":[{"href":"https:\/\/www.mintofgold.com\/fr\/wp-json\/wp\/v2\/product\/76","targetHints":{"allow":["GET"]}}],"collection":[{"href":"https:\/\/www.mintofgold.com\/fr\/wp-json\/wp\/v2\/product"}],"about":[{"href":"https:\/\/www.mintofgold.com\/fr\/wp-json\/wp\/v2\/types\/product"}],"replies":[{"embeddable":true,"href":"https:\/\/www.mintofgold.com\/fr\/wp-json\/wp\/v2\/comments?post=76"}],"wp:featuredmedia":[{"embeddable":true,"href":"https:\/\/www.mintofgold.com\/fr\/wp-json\/wp\/v2\/media\/77"}],"wp:attachment":[{"href":"https:\/\/www.mintofgold.com\/fr\/wp-json\/wp\/v2\/media?parent=76"}],"wp:term":[{"taxonomy":"product_brand","embeddable":true,"href":"https:\/\/www.mintofgold.com\/fr\/wp-json\/wp\/v2\/product_brand?post=76"},{"taxonomy":"product_cat","embeddable":true,"href":"https:\/\/www.mintofgold.com\/fr\/wp-json\/wp\/v2\/product_cat?post=76"},{"taxonomy":"product_tag","embeddable":true,"href":"https:\/\/www.mintofgold.com\/fr\/wp-json\/wp\/v2\/product_tag?post=76"}],"curies":[{"name":"wp","href":"https:\/\/api.w.org\/{rel}","templated":true}]}}